{"id":2418,"date":"2026-01-16T10:00:29","date_gmt":"2026-01-16T10:00:29","guid":{"rendered":"https:\/\/visionteco.com\/?post_type=product&#038;p=2418"},"modified":"2026-01-16T10:04:52","modified_gmt":"2026-01-16T10:04:52","slug":"nearity-v30s-webcam-hoi-nghi-4k-ultra-hd-voi-goc-nhin-120","status":"publish","type":"product","link":"https:\/\/visionteco.com\/en\/product\/nearity-v30s-webcam-hoi-nghi-4k-ultra-hd-voi-goc-nhin-120\/","title":{"rendered":"Nearity V30S \u2013 Webcam H\u1ed9i Ngh\u1ecb 4K Ultra HD v\u1edbi G\u00f3c Nh\u00ecn 120\u00b0"},"content":{"rendered":"<h2 data-start=\"551\" data-end=\"577\"><span style=\"font-family: arial, helvetica, sans-serif;\"><strong data-start=\"557\" data-end=\"575\">M\u00f4 t\u1ea3 s\u1ea3n ph\u1ea9m<\/strong><\/span><\/h2>\n<p data-start=\"578\" data-end=\"887\"><span style=\"font-family: arial, helvetica, sans-serif;\"><strong data-start=\"578\" data-end=\"594\">Nearity V30S<\/strong> l\u00e0 webcam h\u1ed9i ngh\u1ecb <strong data-start=\"614\" data-end=\"629\">4K Ultra HD<\/strong> thi\u1ebft k\u1ebf chuy\u00ean nghi\u1ec7p, ph\u00f9 h\u1ee3p v\u1edbi ph\u00f2ng h\u1ecdp nh\u1ecf \u0111\u1ebfn trung b\u00ecnh v\u00e0 h\u1ecdp tr\u1ef1c tuy\u1ebfn hybrid. M\u00e1y trang b\u1ecb c\u1ea3m bi\u1ebfn 8MP v\u00e0 \u1ed1ng k\u00ednh g\u00f3c r\u1ed9ng <strong data-start=\"768\" data-end=\"776\">120\u00b0<\/strong>, mang \u0111\u1ebfn h\u00ecnh \u1ea3nh s\u1eafc n\u00e9t, chi ti\u1ebft v\u00e0 kh\u00f4ng m\u00e9o \u1edf ngo\u1ea1i vi khung h\u00ecnh.<\/span><\/p>\n<p data-start=\"578\" data-end=\"887\"><span style=\"font-family: arial, helvetica, sans-serif;\">H\u1ec7 th\u1ed1ng <strong data-start=\"898\" data-end=\"914\">micro k\u00e9p AI<\/strong> t\u00edch h\u1ee3p c\u00f4ng ngh\u1ec7 l\u1ecdc ti\u1ebfng \u1ed3n gi\u00fap thu \u00e2m r\u00f5 r\u00e0ng trong b\u00e1n k\u00ednh ~5m, lo\u1ea1i b\u1ecf ti\u1ebfng b\u00e0n ph\u00edm, \u0111i\u1ec1u h\u00f2a v\u00e0 t\u1ea1p \u00e2m xung quanh. V30S c\u00f2n c\u00f3 privacy cover (n\u1eafp che ri\u00eang t\u01b0) gi\u00fap b\u1ea3o v\u1ec7 d\u1eef li\u1ec7u v\u00e0 an t\u00e2m s\u1eed d\u1ee5ng trong m\u00f4i tr\u01b0\u1eddng nh\u1ea1y c\u1ea3m.<\/span><\/p>\n<p data-start=\"578\" data-end=\"887\"><span style=\"font-family: arial, helvetica, sans-serif;\">Webcam h\u1ed7 tr\u1ee3 <strong data-start=\"1209\" data-end=\"1236\">k\u1ebft n\u1ed1i USB Plug &amp; Play<\/strong> d\u1ec5 d\u00e0ng v\u1edbi PC ho\u1eb7c laptop m\u00e0 kh\u00f4ng c\u1ea7n c\u00e0i driver, \u0111\u1ed3ng th\u1eddi <strong data-start=\"1299\" data-end=\"1326\">remote \u0111i\u1ec1u khi\u1ec3n t\u1eeb xa<\/strong> gi\u00fap b\u1ea1n \u0111i\u1ec1u ch\u1ec9nh zoom, \u00e2m l\u01b0\u1ee3ng v\u00e0 c\u00e1c c\u00e0i \u0111\u1eb7t kh\u00e1c ngay c\u1ea3 t\u1eeb xa.<\/span><\/p>\n<h2 data-start=\"578\" data-end=\"887\"><span style=\"font-family: arial, helvetica, sans-serif;\"><strong>B\u1ea3ng Th\u00f4ng S\u1ed1 K\u1ef9 Thu\u1eadt (Key Specs)<\/strong><\/span><\/h2>\n<p>&nbsp;<\/p>\n<table style=\"border-collapse: collapse; width: 100%; height: 210px;\">\n<tbody>\n<tr>\n<th style=\"width: 25.6595%;\"><span style=\"font-size: 12pt; color: #000000; font-family: arial, helvetica, sans-serif;\">H\u1ea1ng<strong> m\u1ee5c<\/strong><\/span><\/th>\n<th style=\"width: 74.1007%;\"><span style=\"font-size: 12pt; color: #000000; font-family: arial, helvetica, sans-serif;\">Th\u00f4ng s\u1ed1 ch\u00ednh<\/span><\/th>\n<\/tr>\n<tr>\n<td style=\"width: 25.6595%;\"><span style=\"font-family: arial, helvetica, sans-serif;\"><strong>\u0110\u1ed9 ph\u00e2n gi\u1ea3i h\u00ecnh \u1ea3nh<\/strong><\/span><\/td>\n<td style=\"width: 74.1007%;\"><span style=\"font-family: arial, helvetica, sans-serif;\">4K Ultra HD @ 30fps<\/span><\/td>\n<\/tr>\n<tr>\n<td style=\"width: 25.6595%;\"><span style=\"font-family: arial, helvetica, sans-serif;\"><strong>C\u1ea3m bi\u1ebfn h\u00ecnh \u1ea3nh<\/strong><\/span><\/td>\n<td style=\"width: 74.1007%;\"><span style=\"font-family: arial, helvetica, sans-serif;\">8MP CMOS\u00a0<\/span><\/td>\n<\/tr>\n<tr>\n<td style=\"width: 25.6595%;\"><span style=\"font-family: arial, helvetica, sans-serif;\"><strong>G\u00f3c nh\u00ecn (FOV)<\/strong><\/span><\/td>\n<td style=\"width: 74.1007%;\"><span style=\"font-family: arial, helvetica, sans-serif;\">120\u00b0 g\u00f3c r\u1ed9ng kh\u00f4ng m\u00e9o\u00a0<\/span><\/td>\n<\/tr>\n<tr>\n<td style=\"width: 25.6595%;\"><span style=\"font-family: arial, helvetica, sans-serif;\"><strong>Zoom k\u1ef9 thu\u1eadt s\u1ed1<\/strong><\/span><\/td>\n<td style=\"width: 74.1007%;\"><span style=\"font-family: arial, helvetica, sans-serif;\">3\u00d7 digital zoom\u00a0<\/span><\/td>\n<\/tr>\n<tr>\n<td style=\"width: 25.6595%;\"><span style=\"font-family: arial, helvetica, sans-serif;\"><strong>Micr\u00f4 t\u00edch h\u1ee3p<\/strong><\/span><\/td>\n<td style=\"width: 74.1007%;\"><span style=\"font-family: arial, helvetica, sans-serif;\">Dual MEMS mic v\u1edbi AI kh\u1eed \u1ed3n<\/span><\/td>\n<\/tr>\n<tr>\n<td style=\"width: 25.6595%;\"><span style=\"font-family: arial, helvetica, sans-serif;\"><strong>Ph\u1ea1m vi thu \u00e2m<\/strong><\/span><\/td>\n<td style=\"width: 74.1007%;\"><span style=\"font-family: arial, helvetica, sans-serif;\">~5m (c\u00f3 th\u1ec3 m\u1edf r\u1ed9ng v\u1edbi mic r\u1eddi)<\/span><\/td>\n<\/tr>\n<tr>\n<td style=\"width: 25.6595%;\"><span style=\"font-family: arial, helvetica, sans-serif;\"><strong>T\u00ednh n\u0103ng video<\/strong><\/span><\/td>\n<td style=\"width: 74.1007%;\"><span style=\"font-family: arial, helvetica, sans-serif;\">Auto framing, c\u00e2n b\u1eb1ng tr\u1eafng, auto exposure\u00a0<\/span><\/td>\n<\/tr>\n<tr>\n<td style=\"width: 25.6595%;\"><span style=\"font-family: arial, helvetica, sans-serif;\"><strong>Privacy Cover<\/strong><\/span><\/td>\n<td style=\"width: 74.1007%;\"><span style=\"font-family: arial, helvetica, sans-serif;\">C\u00f3 n\u1eafp che b\u1ea3o m\u1eadt v\u1eadt l\u00fd\u00a0<\/span><\/td>\n<\/tr>\n<tr>\n<td style=\"width: 25.6595%;\"><span style=\"font-family: arial, helvetica, sans-serif;\"><strong>K\u1ebft n\u1ed1i<\/strong><\/span><\/td>\n<td style=\"width: 74.1007%;\"><span style=\"font-family: arial, helvetica, sans-serif;\">USB-C\/A \u2013 Plug &amp; Play<\/span><\/td>\n<\/tr>\n<tr>\n<td style=\"width: 25.6595%;\"><span style=\"font-family: arial, helvetica, sans-serif;\"><strong>\u0110i\u1ec1u khi\u1ec3n<\/strong><\/span><\/td>\n<td style=\"width: 74.1007%;\"><span style=\"font-family: arial, helvetica, sans-serif;\">Remote control (Zoom \/ \u00e2m l\u01b0\u1ee3ng \/ mic)\u00a0<\/span><\/td>\n<\/tr>\n<tr>\n<td style=\"width: 25.6595%;\"><span style=\"font-family: arial, helvetica, sans-serif;\"><strong>T\u01b0\u01a1ng th\u00edch<\/strong><\/span><\/td>\n<td style=\"width: 74.1007%;\"><span style=\"font-family: arial, helvetica, sans-serif;\">Windows, macOS, Linux &amp; c\u00e1c n\u1ec1n t\u1ea3ng h\u1ecdp tr\u1ef1c tuy\u1ebfn ph\u1ed5 bi\u1ebfn\u00a0<\/span><\/td>\n<\/tr>\n<tr>\n<td style=\"width: 25.6595%;\"><span style=\"font-family: arial, helvetica, sans-serif;\"><strong>L\u1eafp \u0111\u1eb7t<\/strong><\/span><\/td>\n<td style=\"width: 74.1007%;\"><span style=\"font-family: arial, helvetica, sans-serif;\">\u0110\u1eb7t b\u00e0n \/ g\u1eafn m\u00e0n h\u00ecnh \/ tripod ti\u00eau chu\u1ea9n\u00a0<\/span><\/td>\n<\/tr>\n<\/tbody>\n<\/table>\n","protected":false},"excerpt":{"rendered":"<p>Nearity V30S l\u00e0 webcam h\u1ed9i ngh\u1ecb 4K Ultra HD v\u1edbi g\u00f3c nh\u00ecn r\u1ed9ng 120\u00b0, zoom k\u1ef9 thu\u1eadt s\u1ed1, mic AI kh\u1eed \u1ed3n v\u00e0 privacy cover \u2014 gi\u1ea3i ph\u00e1p l\u00fd t\u01b0\u1edfng cho h\u1ecdp tr\u1ef1c tuy\u1ebfn, hybrid meeting v\u00e0 c\u1ed9ng t\u00e1c doanh nghi\u1ec7p.<\/p>\n","protected":false},"featured_media":2423,"comment_status":"open","ping_status":"closed","template":"","meta":{"_acf_changed":false},"product_cat":[62],"product_tag":[188,256,258,257],"class_list":{"0":"post-2418","1":"product","2":"type-product","3":"status-publish","4":"has-post-thumbnail","6":"product_cat-webcam","7":"product_tag-conference-room-webcam","8":"product_tag-nearity-v360s","9":"product_tag-webcam-4k","10":"product_tag-webcam-hoi-nghi","12":"first","13":"instock","14":"shipping-taxable","15":"product-type-simple"},"acf":[],"yoast_head":"<!-- This site is optimized with the Yoast SEO plugin v24.6 - https:\/\/yoast.com\/wordpress\/plugins\/seo\/ -->\n<title>Nearity V30S \u2013 Webcam H\u1ed9i Ngh\u1ecb 4K Ultra HD v\u1edbi G\u00f3c Nh\u00ecn 120\u00b0 - Nearity<\/title>\n<meta name=\"description\" content=\"Nearity V30S l\u00e0 webcam h\u1ed9i ngh\u1ecb 4K Ultra HD v\u1edbi g\u00f3c nh\u00ecn r\u1ed9ng 120\u00b0, zoom k\u1ef9 thu\u1eadt s\u1ed1, mic AI kh\u1eed \u1ed3n v\u00e0 privacy cover \u2014 gi\u1ea3i ph\u00e1p l\u00fd t\u01b0\u1edfng cho h\u1ecdp tr\u1ef1c tuy\u1ebfn, hybrid meeting v\u00e0 c\u1ed9ng t\u00e1c doanh nghi\u1ec7p.\" \/>\n<meta name=\"robots\" content=\"index, follow, max-snippet:-1, max-image-preview:large, max-video-preview:-1\" \/>\n<link rel=\"canonical\" href=\"https:\/\/visionteco.com\/en\/product\/nearity-v30s-webcam-hoi-nghi-4k-ultra-hd-voi-goc-nhin-120\/\" \/>\n<meta property=\"og:locale\" content=\"en_US\" \/>\n<meta property=\"og:type\" content=\"article\" \/>\n<meta property=\"og:title\" content=\"Nearity V30S \u2013 Webcam H\u1ed9i Ngh\u1ecb 4K Ultra HD v\u1edbi G\u00f3c Nh\u00ecn 120\u00b0 - Nearity\" \/>\n<meta property=\"og:description\" content=\"Nearity V30S l\u00e0 webcam h\u1ed9i ngh\u1ecb 4K Ultra HD v\u1edbi g\u00f3c nh\u00ecn r\u1ed9ng 120\u00b0, zoom k\u1ef9 thu\u1eadt s\u1ed1, mic AI kh\u1eed \u1ed3n v\u00e0 privacy cover \u2014 gi\u1ea3i ph\u00e1p l\u00fd t\u01b0\u1edfng cho h\u1ecdp tr\u1ef1c tuy\u1ebfn, hybrid meeting v\u00e0 c\u1ed9ng t\u00e1c doanh nghi\u1ec7p.\" \/>\n<meta property=\"og:url\" content=\"https:\/\/visionteco.com\/en\/product\/nearity-v30s-webcam-hoi-nghi-4k-ultra-hd-voi-goc-nhin-120\/\" \/>\n<meta property=\"og:site_name\" content=\"Nearity\" \/>\n<meta property=\"article:modified_time\" content=\"2026-01-16T10:04:52+00:00\" \/>\n<meta property=\"og:image\" content=\"https:\/\/visionteco.com\/wp-content\/uploads\/2026\/01\/v30s.png\" \/>\n\t<meta property=\"og:image:width\" content=\"1200\" \/>\n\t<meta property=\"og:image:height\" content=\"1200\" \/>\n\t<meta property=\"og:image:type\" content=\"image\/png\" \/>\n<meta name=\"twitter:card\" content=\"summary_large_image\" \/>\n<meta name=\"twitter:label1\" content=\"Est. reading time\" \/>\n\t<meta name=\"twitter:data1\" content=\"2 minutes\" \/>\n<script type=\"application\/ld+json\" class=\"yoast-schema-graph\">{\"@context\":\"https:\/\/schema.org\",\"@graph\":[{\"@type\":\"WebPage\",\"@id\":\"https:\/\/visionteco.com\/en\/product\/nearity-v30s-webcam-hoi-nghi-4k-ultra-hd-voi-goc-nhin-120\/\",\"url\":\"https:\/\/visionteco.com\/en\/product\/nearity-v30s-webcam-hoi-nghi-4k-ultra-hd-voi-goc-nhin-120\/\",\"name\":\"Nearity V30S \u2013 Webcam H\u1ed9i Ngh\u1ecb 4K Ultra HD v\u1edbi G\u00f3c Nh\u00ecn 120\u00b0 - Nearity\",\"isPartOf\":{\"@id\":\"https:\/\/visionteco.com\/en\/#website\"},\"primaryImageOfPage\":{\"@id\":\"https:\/\/visionteco.com\/en\/product\/nearity-v30s-webcam-hoi-nghi-4k-ultra-hd-voi-goc-nhin-120\/#primaryimage\"},\"image\":{\"@id\":\"https:\/\/visionteco.com\/en\/product\/nearity-v30s-webcam-hoi-nghi-4k-ultra-hd-voi-goc-nhin-120\/#primaryimage\"},\"thumbnailUrl\":\"https:\/\/visionteco.com\/wp-content\/uploads\/2026\/01\/v30s.png\",\"datePublished\":\"2026-01-16T10:00:29+00:00\",\"dateModified\":\"2026-01-16T10:04:52+00:00\",\"description\":\"Nearity V30S l\u00e0 webcam h\u1ed9i ngh\u1ecb 4K Ultra HD v\u1edbi g\u00f3c nh\u00ecn r\u1ed9ng 120\u00b0, zoom k\u1ef9 thu\u1eadt s\u1ed1, mic AI kh\u1eed \u1ed3n v\u00e0 privacy cover \u2014 gi\u1ea3i ph\u00e1p l\u00fd t\u01b0\u1edfng cho h\u1ecdp tr\u1ef1c tuy\u1ebfn, hybrid meeting v\u00e0 c\u1ed9ng t\u00e1c doanh nghi\u1ec7p.\",\"breadcrumb\":{\"@id\":\"https:\/\/visionteco.com\/en\/product\/nearity-v30s-webcam-hoi-nghi-4k-ultra-hd-voi-goc-nhin-120\/#breadcrumb\"},\"inLanguage\":\"en-US\",\"potentialAction\":[{\"@type\":\"ReadAction\",\"target\":[\"https:\/\/visionteco.com\/en\/product\/nearity-v30s-webcam-hoi-nghi-4k-ultra-hd-voi-goc-nhin-120\/\"]}]},{\"@type\":\"ImageObject\",\"inLanguage\":\"en-US\",\"@id\":\"https:\/\/visionteco.com\/en\/product\/nearity-v30s-webcam-hoi-nghi-4k-ultra-hd-voi-goc-nhin-120\/#primaryimage\",\"url\":\"https:\/\/visionteco.com\/wp-content\/uploads\/2026\/01\/v30s.png\",\"contentUrl\":\"https:\/\/visionteco.com\/wp-content\/uploads\/2026\/01\/v30s.png\",\"width\":1200,\"height\":1200,\"caption\":\"Nearity V30S\"},{\"@type\":\"BreadcrumbList\",\"@id\":\"https:\/\/visionteco.com\/en\/product\/nearity-v30s-webcam-hoi-nghi-4k-ultra-hd-voi-goc-nhin-120\/#breadcrumb\",\"itemListElement\":[{\"@type\":\"ListItem\",\"position\":1,\"name\":\"Trang ch\u1ee7\",\"item\":\"https:\/\/visionteco.com\/en\/\"},{\"@type\":\"ListItem\",\"position\":2,\"name\":\"Shop\",\"item\":\"https:\/\/visionteco.com\/en\/shop\/\"},{\"@type\":\"ListItem\",\"position\":3,\"name\":\"Nearity V30S \u2013 Webcam H\u1ed9i Ngh\u1ecb 4K Ultra HD v\u1edbi G\u00f3c Nh\u00ecn 120\u00b0\"}]},{\"@type\":\"WebSite\",\"@id\":\"https:\/\/visionteco.com\/en\/#website\",\"url\":\"https:\/\/visionteco.com\/en\/\",\"name\":\"Nearity\",\"description\":\"\",\"potentialAction\":[{\"@type\":\"SearchAction\",\"target\":{\"@type\":\"EntryPoint\",\"urlTemplate\":\"https:\/\/visionteco.com\/en\/?s={search_term_string}\"},\"query-input\":{\"@type\":\"PropertyValueSpecification\",\"valueRequired\":true,\"valueName\":\"search_term_string\"}}],\"inLanguage\":\"en-US\"}]}<\/script>\n<!-- \/ Yoast SEO plugin. -->","yoast_head_json":{"title":"Nearity V30S \u2013 Webcam H\u1ed9i Ngh\u1ecb 4K Ultra HD v\u1edbi G\u00f3c Nh\u00ecn 120\u00b0 - Nearity","description":"Nearity V30S l\u00e0 webcam h\u1ed9i ngh\u1ecb 4K Ultra HD v\u1edbi g\u00f3c nh\u00ecn r\u1ed9ng 120\u00b0, zoom k\u1ef9 thu\u1eadt s\u1ed1, mic AI kh\u1eed \u1ed3n v\u00e0 privacy cover \u2014 gi\u1ea3i ph\u00e1p l\u00fd t\u01b0\u1edfng cho h\u1ecdp tr\u1ef1c tuy\u1ebfn, hybrid meeting v\u00e0 c\u1ed9ng t\u00e1c doanh nghi\u1ec7p.","robots":{"index":"index","follow":"follow","max-snippet":"max-snippet:-1","max-image-preview":"max-image-preview:large","max-video-preview":"max-video-preview:-1"},"canonical":"https:\/\/visionteco.com\/en\/product\/nearity-v30s-webcam-hoi-nghi-4k-ultra-hd-voi-goc-nhin-120\/","og_locale":"en_US","og_type":"article","og_title":"Nearity V30S \u2013 Webcam H\u1ed9i Ngh\u1ecb 4K Ultra HD v\u1edbi G\u00f3c Nh\u00ecn 120\u00b0 - Nearity","og_description":"Nearity V30S l\u00e0 webcam h\u1ed9i ngh\u1ecb 4K Ultra HD v\u1edbi g\u00f3c nh\u00ecn r\u1ed9ng 120\u00b0, zoom k\u1ef9 thu\u1eadt s\u1ed1, mic AI kh\u1eed \u1ed3n v\u00e0 privacy cover \u2014 gi\u1ea3i ph\u00e1p l\u00fd t\u01b0\u1edfng cho h\u1ecdp tr\u1ef1c tuy\u1ebfn, hybrid meeting v\u00e0 c\u1ed9ng t\u00e1c doanh nghi\u1ec7p.","og_url":"https:\/\/visionteco.com\/en\/product\/nearity-v30s-webcam-hoi-nghi-4k-ultra-hd-voi-goc-nhin-120\/","og_site_name":"Nearity","article_modified_time":"2026-01-16T10:04:52+00:00","og_image":[{"width":1200,"height":1200,"url":"https:\/\/visionteco.com\/wp-content\/uploads\/2026\/01\/v30s.png","type":"image\/png"}],"twitter_card":"summary_large_image","twitter_misc":{"Est. reading time":"2 minutes"},"schema":{"@context":"https:\/\/schema.org","@graph":[{"@type":"WebPage","@id":"https:\/\/visionteco.com\/en\/product\/nearity-v30s-webcam-hoi-nghi-4k-ultra-hd-voi-goc-nhin-120\/","url":"https:\/\/visionteco.com\/en\/product\/nearity-v30s-webcam-hoi-nghi-4k-ultra-hd-voi-goc-nhin-120\/","name":"Nearity V30S \u2013 Webcam H\u1ed9i Ngh\u1ecb 4K Ultra HD v\u1edbi G\u00f3c Nh\u00ecn 120\u00b0 - Nearity","isPartOf":{"@id":"https:\/\/visionteco.com\/en\/#website"},"primaryImageOfPage":{"@id":"https:\/\/visionteco.com\/en\/product\/nearity-v30s-webcam-hoi-nghi-4k-ultra-hd-voi-goc-nhin-120\/#primaryimage"},"image":{"@id":"https:\/\/visionteco.com\/en\/product\/nearity-v30s-webcam-hoi-nghi-4k-ultra-hd-voi-goc-nhin-120\/#primaryimage"},"thumbnailUrl":"https:\/\/visionteco.com\/wp-content\/uploads\/2026\/01\/v30s.png","datePublished":"2026-01-16T10:00:29+00:00","dateModified":"2026-01-16T10:04:52+00:00","description":"Nearity V30S l\u00e0 webcam h\u1ed9i ngh\u1ecb 4K Ultra HD v\u1edbi g\u00f3c nh\u00ecn r\u1ed9ng 120\u00b0, zoom k\u1ef9 thu\u1eadt s\u1ed1, mic AI kh\u1eed \u1ed3n v\u00e0 privacy cover \u2014 gi\u1ea3i ph\u00e1p l\u00fd t\u01b0\u1edfng cho h\u1ecdp tr\u1ef1c tuy\u1ebfn, hybrid meeting v\u00e0 c\u1ed9ng t\u00e1c doanh nghi\u1ec7p.","breadcrumb":{"@id":"https:\/\/visionteco.com\/en\/product\/nearity-v30s-webcam-hoi-nghi-4k-ultra-hd-voi-goc-nhin-120\/#breadcrumb"},"inLanguage":"en-US","potentialAction":[{"@type":"ReadAction","target":["https:\/\/visionteco.com\/en\/product\/nearity-v30s-webcam-hoi-nghi-4k-ultra-hd-voi-goc-nhin-120\/"]}]},{"@type":"ImageObject","inLanguage":"en-US","@id":"https:\/\/visionteco.com\/en\/product\/nearity-v30s-webcam-hoi-nghi-4k-ultra-hd-voi-goc-nhin-120\/#primaryimage","url":"https:\/\/visionteco.com\/wp-content\/uploads\/2026\/01\/v30s.png","contentUrl":"https:\/\/visionteco.com\/wp-content\/uploads\/2026\/01\/v30s.png","width":1200,"height":1200,"caption":"Nearity V30S"},{"@type":"BreadcrumbList","@id":"https:\/\/visionteco.com\/en\/product\/nearity-v30s-webcam-hoi-nghi-4k-ultra-hd-voi-goc-nhin-120\/#breadcrumb","itemListElement":[{"@type":"ListItem","position":1,"name":"Trang ch\u1ee7","item":"https:\/\/visionteco.com\/en\/"},{"@type":"ListItem","position":2,"name":"Shop","item":"https:\/\/visionteco.com\/en\/shop\/"},{"@type":"ListItem","position":3,"name":"Nearity V30S \u2013 Webcam H\u1ed9i Ngh\u1ecb 4K Ultra HD v\u1edbi G\u00f3c Nh\u00ecn 120\u00b0"}]},{"@type":"WebSite","@id":"https:\/\/visionteco.com\/en\/#website","url":"https:\/\/visionteco.com\/en\/","name":"Nearity","description":"","potentialAction":[{"@type":"SearchAction","target":{"@type":"EntryPoint","urlTemplate":"https:\/\/visionteco.com\/en\/?s={search_term_string}"},"query-input":{"@type":"PropertyValueSpecification","valueRequired":true,"valueName":"search_term_string"}}],"inLanguage":"en-US"}]}},"_links":{"self":[{"href":"https:\/\/visionteco.com\/en\/wp-json\/wp\/v2\/product\/2418","targetHints":{"allow":["GET"]}}],"collection":[{"href":"https:\/\/visionteco.com\/en\/wp-json\/wp\/v2\/product"}],"about":[{"href":"https:\/\/visionteco.com\/en\/wp-json\/wp\/v2\/types\/product"}],"replies":[{"embeddable":true,"href":"https:\/\/visionteco.com\/en\/wp-json\/wp\/v2\/comments?post=2418"}],"wp:featuredmedia":[{"embeddable":true,"href":"https:\/\/visionteco.com\/en\/wp-json\/wp\/v2\/media\/2423"}],"wp:attachment":[{"href":"https:\/\/visionteco.com\/en\/wp-json\/wp\/v2\/media?parent=2418"}],"wp:term":[{"taxonomy":"product_cat","embeddable":true,"href":"https:\/\/visionteco.com\/en\/wp-json\/wp\/v2\/product_cat?post=2418"},{"taxonomy":"product_tag","embeddable":true,"href":"https:\/\/visionteco.com\/en\/wp-json\/wp\/v2\/product_tag?post=2418"}],"curies":[{"name":"wp","href":"https:\/\/api.w.org\/{rel}","templated":true}]}}