{"id":2405,"date":"2026-01-16T09:43:58","date_gmt":"2026-01-16T09:43:58","guid":{"rendered":"https:\/\/visionteco.com\/?post_type=product&#038;p=2405"},"modified":"2026-01-16T09:47:32","modified_gmt":"2026-01-16T09:47:32","slug":"nearity-120-max-camera-hoi-nghi-4k-all-in-one-goc-rong-120","status":"publish","type":"product","link":"https:\/\/visionteco.com\/en\/product\/nearity-120-max-camera-hoi-nghi-4k-all-in-one-goc-rong-120\/","title":{"rendered":"Nearity 120 Max \u2013 Camera H\u1ed9i Ngh\u1ecb 4K All-in-One G\u00f3c R\u1ed9ng 120\u00b0"},"content":{"rendered":"<h2 data-start=\"458\" data-end=\"481\"><strong data-start=\"461\" data-end=\"479\">M\u00f4 t\u1ea3 s\u1ea3n ph\u1ea9m<\/strong><\/h2>\n<p data-start=\"482\" data-end=\"784\">Nearity 120 Max l\u00e0 thi\u1ebft b\u1ecb h\u1ed9i ngh\u1ecb truy\u1ec1n h\u00ecnh <strong data-start=\"531\" data-end=\"553\">all-in-one cao c\u1ea5p<\/strong>, \u0111\u01b0\u1ee3c thi\u1ebft k\u1ebf cho m\u00f4i tr\u01b0\u1eddng l\u00e0m vi\u1ec7c hybrid hi\u1ec7n \u0111\u1ea1i. S\u1ea3n ph\u1ea9m \u0111\u01b0\u1ee3c trang b\u1ecb c\u1ea3m bi\u1ebfn <strong data-start=\"642\" data-end=\"662\">Sony Star-VIS 4K<\/strong>, g\u00f3c nh\u00ecn si\u00eau r\u1ed9ng <strong data-start=\"683\" data-end=\"691\">120\u00b0<\/strong>, gi\u00fap ghi l\u1ea1i to\u00e0n b\u1ed9 kh\u00f4ng gian ph\u00f2ng h\u1ecdp v\u1edbi h\u00ecnh \u1ea3nh s\u1eafc n\u00e9t, t\u1ef1 nhi\u00ean v\u00e0 kh\u00f4ng m\u00e9o h\u00ecnh.<\/p>\n<p data-start=\"786\" data-end=\"1108\">H\u1ec7 th\u1ed1ng <strong data-start=\"795\" data-end=\"820\">4 micro MEMS \u0111a h\u01b0\u1edbng<\/strong> t\u00edch h\u1ee3p c\u00f4ng ngh\u1ec7 AI ti\u00ean ti\u1ebfn cho kh\u1ea3 n\u0103ng thu \u00e2m 360\u00b0, k\u1ebft h\u1ee3p <strong data-start=\"887\" data-end=\"941\">kh\u1eed \u1ed3n, kh\u1eed v\u1ecdng (echo), gi\u1ea3m vang (reverberation)<\/strong> v\u00e0 AGC t\u1ef1 \u0111\u1ed9ng, \u0111\u1ea3m b\u1ea3o gi\u1ecdng n\u00f3i lu\u00f4n r\u00f5 r\u00e0ng, k\u1ec3 c\u1ea3 trong kh\u00f4ng gian c\u00f3 nhi\u1ec1u t\u1ea1p \u00e2m. Loa Hi-Fi full-duplex mang l\u1ea1i tr\u1ea3i nghi\u1ec7m \u0111\u00e0m tho\u1ea1i m\u01b0\u1ee3t m\u00e0, kh\u00f4ng gi\u00e1n \u0111o\u1ea1n.<\/p>\n<p data-start=\"1110\" data-end=\"1447\">Nearity 120 Max h\u1ed7 tr\u1ee3 <strong data-start=\"1133\" data-end=\"1160\">Auto Framing th\u00f4ng minh<\/strong>, t\u1ef1 \u0111\u1ed9ng nh\u1eadn di\u1ec7n v\u00e0 c\u0103n ch\u1ec9nh khung h\u00ecnh theo ng\u01b0\u1eddi n\u00f3i. Thi\u1ebft b\u1ecb k\u1ebft n\u1ed1i nhanh ch\u00f3ng qua <strong data-start=\"1253\" data-end=\"1283\">USB-C ho\u1eb7c wireless dongle<\/strong>, ho\u00e0n to\u00e0n plug-and-play, kh\u00f4ng c\u1ea7n c\u00e0i \u0111\u1eb7t ph\u1ea7n m\u1ec1m. \u0110\u00e2y l\u00e0 gi\u1ea3i ph\u00e1p l\u00fd t\u01b0\u1edfng cho <strong data-start=\"1368\" data-end=\"1400\">ph\u00f2ng h\u1ecdp nh\u1ecf \u0111\u1ebfn trung b\u00ecnh<\/strong>, doanh nghi\u1ec7p, \u0111\u00e0o t\u1ea1o v\u00e0 l\u00e0m vi\u1ec7c nh\u00f3m t\u1eeb xa.<\/p>\n<h2 data-start=\"1110\" data-end=\"1447\"><strong>Th\u00f4ng s\u1ed1 k\u1ef9 thu\u1eadt ch\u00ednh \u2013 Nearity 120 Max<\/strong><\/h2>\n<table style=\"border-collapse: collapse; width: 100%; height: 315px;\">\n<tbody>\n<tr style=\"height: 21px;\">\n<th style=\"width: 36.7833%; height: 21px;\"><strong>H\u1ea1ng m\u1ee5c<\/strong><\/th>\n<th style=\"width: 63.1422%; height: 21px;\"><strong>Th\u00f4ng s\u1ed1<\/strong><\/th>\n<\/tr>\n<tr style=\"height: 21px;\">\n<td style=\"width: 36.7833%; height: 21px;\"><strong>\u0110\u1ed9 ph\u00e2n gi\u1ea3i camera<\/strong><\/td>\n<td style=\"width: 63.1422%; height: 21px;\">4K Ultra HD<\/td>\n<\/tr>\n<tr style=\"height: 21px;\">\n<td style=\"width: 36.7833%; height: 21px;\"><strong>C\u1ea3m bi\u1ebfn<\/strong><\/td>\n<td style=\"width: 63.1422%; height: 21px;\">Sony Star-VIS, 8MP<\/td>\n<\/tr>\n<tr style=\"height: 21px;\">\n<td style=\"width: 36.7833%; height: 21px;\"><strong>G\u00f3c nh\u00ecn (FOV)<\/strong><\/td>\n<td style=\"width: 63.1422%; height: 21px;\">120\u00b0 si\u00eau r\u1ed9ng<\/td>\n<\/tr>\n<tr style=\"height: 21px;\">\n<td style=\"width: 36.7833%; height: 21px;\"><strong>Zoom k\u1ef9 thu\u1eadt s\u1ed1<\/strong><\/td>\n<td style=\"width: 63.1422%; height: 21px;\">5\u00d7<\/td>\n<\/tr>\n<tr style=\"height: 21px;\">\n<td style=\"width: 36.7833%; height: 21px;\"><strong>T\u00ednh n\u0103ng camera<\/strong><\/td>\n<td style=\"width: 63.1422%; height: 21px;\">Auto Framing, HDR, Ch\u1ed1ng nh\u1ea5p nh\u00e1y<\/td>\n<\/tr>\n<tr style=\"height: 21px;\">\n<td style=\"width: 36.7833%; height: 21px;\"><strong>H\u1ec7 th\u1ed1ng micro<\/strong><\/td>\n<td style=\"width: 63.1422%; height: 21px;\">4 micro MEMS \u0111a h\u01b0\u1edbng (360\u00b0)<\/td>\n<\/tr>\n<tr style=\"height: 21px;\">\n<td style=\"width: 36.7833%; height: 21px;\"><strong>Ph\u1ea1m vi thu \u00e2m<\/strong><\/td>\n<td style=\"width: 63.1422%; height: 21px;\">5 m (m\u1edf r\u1ed9ng l\u00ean 16 m v\u1edbi mic r\u1eddi)<\/td>\n<\/tr>\n<tr style=\"height: 21px;\">\n<td style=\"width: 36.7833%; height: 21px;\"><strong>C\u00f4ng ngh\u1ec7 \u00e2m thanh<\/strong><\/td>\n<td style=\"width: 63.1422%; height: 21px;\">AI kh\u1eed \u1ed3n, kh\u1eed v\u1ecdng, gi\u1ea3m vang<\/td>\n<\/tr>\n<tr style=\"height: 21px;\">\n<td style=\"width: 36.7833%; height: 21px;\"><strong>Loa t\u00edch h\u1ee3p<\/strong><\/td>\n<td style=\"width: 63.1422%; height: 21px;\">Hi-Fi Speaker, Full-Duplex<\/td>\n<\/tr>\n<tr style=\"height: 21px;\">\n<td style=\"width: 36.7833%; height: 21px;\"><strong>K\u1ebft n\u1ed1i<\/strong><\/td>\n<td style=\"width: 63.1422%; height: 21px;\">USB-C, Wireless Dongle<\/td>\n<\/tr>\n<tr style=\"height: 21px;\">\n<td style=\"width: 36.7833%; height: 21px;\"><strong>C\u00e0i \u0111\u1eb7t<\/strong><\/td>\n<td style=\"width: 63.1422%; height: 21px;\">Plug &amp; Play \u2013 kh\u00f4ng c\u1ea7n driver<\/td>\n<\/tr>\n<tr style=\"height: 21px;\">\n<td style=\"width: 36.7833%; height: 21px;\"><strong>T\u01b0\u01a1ng th\u00edch<\/strong><\/td>\n<td style=\"width: 63.1422%; height: 21px;\">Windows, macOS, Linux, Chrome OS<\/td>\n<\/tr>\n<tr style=\"height: 21px;\">\n<td style=\"width: 36.7833%; height: 21px;\"><strong>Ki\u1ec3u l\u1eafp \u0111\u1eb7t<\/strong><\/td>\n<td style=\"width: 63.1422%; height: 21px;\">\u0110\u1eb7t b\u00e0n ho\u1eb7c tripod<\/td>\n<\/tr>\n<tr style=\"height: 21px;\">\n<td style=\"width: 36.7833%; height: 21px;\"><strong>\u1ee8ng d\u1ee5ng ph\u00f9 h\u1ee3p<\/strong><\/td>\n<td style=\"width: 63.1422%; height: 21px;\">Ph\u00f2ng h\u1ecdp nh\u1ecf &amp; v\u1eeba, h\u1ecdp hybrid<\/td>\n<\/tr>\n<\/tbody>\n<\/table>\n","protected":false},"excerpt":{"rendered":"<p>Nearity 120 Max l\u00e0 camera h\u1ed9i ngh\u1ecb 4K cao c\u1ea5p v\u1edbi g\u00f3c nh\u00ecn 120\u00b0, 4 micro MEMS, AI kh\u1eed \u1ed3n, auto framing v\u00e0 k\u1ebft n\u1ed1i kh\u00f4ng d\u00e2y plug-and-play, l\u00fd t\u01b0\u1edfng cho ph\u00f2ng h\u1ecdp v\u1eeba v\u00e0 nh\u1ecf.<\/p>\n","protected":false},"featured_media":2416,"comment_status":"open","ping_status":"closed","template":"","meta":{"_acf_changed":false},"product_cat":[52],"product_tag":[255,117,85,254],"class_list":{"0":"post-2405","1":"product","2":"type-product","3":"status-publish","4":"has-post-thumbnail","6":"product_cat-conference-camera","7":"product_tag-camera-4k-all-in-one","8":"product_tag-camera-phong-hop","9":"product_tag-conference-camera","10":"product_tag-nearity-120-max","12":"first","13":"instock","14":"shipping-taxable","15":"product-type-simple"},"acf":[],"yoast_head":"<!-- This site is optimized with the Yoast SEO plugin v24.6 - https:\/\/yoast.com\/wordpress\/plugins\/seo\/ -->\n<title>Nearity 120 Max \u2013 Camera H\u1ed9i Ngh\u1ecb 4K All-in-One G\u00f3c R\u1ed9ng 120\u00b0 - Nearity<\/title>\n<meta name=\"description\" content=\"Nearity 120 Max l\u00e0 camera h\u1ed9i ngh\u1ecb 4K cao c\u1ea5p v\u1edbi g\u00f3c nh\u00ecn 120\u00b0, 4 micro MEMS, AI kh\u1eed \u1ed3n, auto framing v\u00e0 k\u1ebft n\u1ed1i kh\u00f4ng d\u00e2y plug-and-play, l\u00fd t\u01b0\u1edfng cho ph\u00f2ng h\u1ecdp v\u1eeba v\u00e0 nh\u1ecf.\" \/>\n<meta name=\"robots\" content=\"index, follow, max-snippet:-1, max-image-preview:large, max-video-preview:-1\" \/>\n<link rel=\"canonical\" href=\"https:\/\/visionteco.com\/en\/product\/nearity-120-max-camera-hoi-nghi-4k-all-in-one-goc-rong-120\/\" \/>\n<meta property=\"og:locale\" content=\"en_US\" \/>\n<meta property=\"og:type\" content=\"article\" \/>\n<meta property=\"og:title\" content=\"Nearity 120 Max \u2013 Camera H\u1ed9i Ngh\u1ecb 4K All-in-One G\u00f3c R\u1ed9ng 120\u00b0 - Nearity\" \/>\n<meta property=\"og:description\" content=\"Nearity 120 Max l\u00e0 camera h\u1ed9i ngh\u1ecb 4K cao c\u1ea5p v\u1edbi g\u00f3c nh\u00ecn 120\u00b0, 4 micro MEMS, AI kh\u1eed \u1ed3n, auto framing v\u00e0 k\u1ebft n\u1ed1i kh\u00f4ng d\u00e2y plug-and-play, l\u00fd t\u01b0\u1edfng cho ph\u00f2ng h\u1ecdp v\u1eeba v\u00e0 nh\u1ecf.\" \/>\n<meta property=\"og:url\" content=\"https:\/\/visionteco.com\/en\/product\/nearity-120-max-camera-hoi-nghi-4k-all-in-one-goc-rong-120\/\" \/>\n<meta property=\"og:site_name\" content=\"Nearity\" \/>\n<meta property=\"article:modified_time\" content=\"2026-01-16T09:47:32+00:00\" \/>\n<meta property=\"og:image\" content=\"https:\/\/visionteco.com\/wp-content\/uploads\/2026\/01\/c46s-1-_1_.png\" \/>\n\t<meta property=\"og:image:width\" content=\"1200\" \/>\n\t<meta property=\"og:image:height\" content=\"1200\" \/>\n\t<meta property=\"og:image:type\" content=\"image\/png\" \/>\n<meta name=\"twitter:card\" content=\"summary_large_image\" \/>\n<meta name=\"twitter:label1\" content=\"Est. reading time\" \/>\n\t<meta name=\"twitter:data1\" content=\"2 minutes\" \/>\n<script type=\"application\/ld+json\" class=\"yoast-schema-graph\">{\"@context\":\"https:\/\/schema.org\",\"@graph\":[{\"@type\":\"WebPage\",\"@id\":\"https:\/\/visionteco.com\/en\/product\/nearity-120-max-camera-hoi-nghi-4k-all-in-one-goc-rong-120\/\",\"url\":\"https:\/\/visionteco.com\/en\/product\/nearity-120-max-camera-hoi-nghi-4k-all-in-one-goc-rong-120\/\",\"name\":\"Nearity 120 Max \u2013 Camera H\u1ed9i Ngh\u1ecb 4K All-in-One G\u00f3c R\u1ed9ng 120\u00b0 - Nearity\",\"isPartOf\":{\"@id\":\"https:\/\/visionteco.com\/en\/#website\"},\"primaryImageOfPage\":{\"@id\":\"https:\/\/visionteco.com\/en\/product\/nearity-120-max-camera-hoi-nghi-4k-all-in-one-goc-rong-120\/#primaryimage\"},\"image\":{\"@id\":\"https:\/\/visionteco.com\/en\/product\/nearity-120-max-camera-hoi-nghi-4k-all-in-one-goc-rong-120\/#primaryimage\"},\"thumbnailUrl\":\"https:\/\/visionteco.com\/wp-content\/uploads\/2026\/01\/c46s-1-_1_.png\",\"datePublished\":\"2026-01-16T09:43:58+00:00\",\"dateModified\":\"2026-01-16T09:47:32+00:00\",\"description\":\"Nearity 120 Max l\u00e0 camera h\u1ed9i ngh\u1ecb 4K cao c\u1ea5p v\u1edbi g\u00f3c nh\u00ecn 120\u00b0, 4 micro MEMS, AI kh\u1eed \u1ed3n, auto framing v\u00e0 k\u1ebft n\u1ed1i kh\u00f4ng d\u00e2y plug-and-play, l\u00fd t\u01b0\u1edfng cho ph\u00f2ng h\u1ecdp v\u1eeba v\u00e0 nh\u1ecf.\",\"breadcrumb\":{\"@id\":\"https:\/\/visionteco.com\/en\/product\/nearity-120-max-camera-hoi-nghi-4k-all-in-one-goc-rong-120\/#breadcrumb\"},\"inLanguage\":\"en-US\",\"potentialAction\":[{\"@type\":\"ReadAction\",\"target\":[\"https:\/\/visionteco.com\/en\/product\/nearity-120-max-camera-hoi-nghi-4k-all-in-one-goc-rong-120\/\"]}]},{\"@type\":\"ImageObject\",\"inLanguage\":\"en-US\",\"@id\":\"https:\/\/visionteco.com\/en\/product\/nearity-120-max-camera-hoi-nghi-4k-all-in-one-goc-rong-120\/#primaryimage\",\"url\":\"https:\/\/visionteco.com\/wp-content\/uploads\/2026\/01\/c46s-1-_1_.png\",\"contentUrl\":\"https:\/\/visionteco.com\/wp-content\/uploads\/2026\/01\/c46s-1-_1_.png\",\"width\":1200,\"height\":1200,\"caption\":\"Nearity 120 Max Conference Camera\"},{\"@type\":\"BreadcrumbList\",\"@id\":\"https:\/\/visionteco.com\/en\/product\/nearity-120-max-camera-hoi-nghi-4k-all-in-one-goc-rong-120\/#breadcrumb\",\"itemListElement\":[{\"@type\":\"ListItem\",\"position\":1,\"name\":\"Trang ch\u1ee7\",\"item\":\"https:\/\/visionteco.com\/en\/\"},{\"@type\":\"ListItem\",\"position\":2,\"name\":\"Shop\",\"item\":\"https:\/\/visionteco.com\/en\/shop\/\"},{\"@type\":\"ListItem\",\"position\":3,\"name\":\"Nearity 120 Max \u2013 Camera H\u1ed9i Ngh\u1ecb 4K All-in-One G\u00f3c R\u1ed9ng 120\u00b0\"}]},{\"@type\":\"WebSite\",\"@id\":\"https:\/\/visionteco.com\/en\/#website\",\"url\":\"https:\/\/visionteco.com\/en\/\",\"name\":\"Nearity\",\"description\":\"\",\"potentialAction\":[{\"@type\":\"SearchAction\",\"target\":{\"@type\":\"EntryPoint\",\"urlTemplate\":\"https:\/\/visionteco.com\/en\/?s={search_term_string}\"},\"query-input\":{\"@type\":\"PropertyValueSpecification\",\"valueRequired\":true,\"valueName\":\"search_term_string\"}}],\"inLanguage\":\"en-US\"}]}<\/script>\n<!-- \/ Yoast SEO plugin. -->","yoast_head_json":{"title":"Nearity 120 Max \u2013 Camera H\u1ed9i Ngh\u1ecb 4K All-in-One G\u00f3c R\u1ed9ng 120\u00b0 - Nearity","description":"Nearity 120 Max l\u00e0 camera h\u1ed9i ngh\u1ecb 4K cao c\u1ea5p v\u1edbi g\u00f3c nh\u00ecn 120\u00b0, 4 micro MEMS, AI kh\u1eed \u1ed3n, auto framing v\u00e0 k\u1ebft n\u1ed1i kh\u00f4ng d\u00e2y plug-and-play, l\u00fd t\u01b0\u1edfng cho ph\u00f2ng h\u1ecdp v\u1eeba v\u00e0 nh\u1ecf.","robots":{"index":"index","follow":"follow","max-snippet":"max-snippet:-1","max-image-preview":"max-image-preview:large","max-video-preview":"max-video-preview:-1"},"canonical":"https:\/\/visionteco.com\/en\/product\/nearity-120-max-camera-hoi-nghi-4k-all-in-one-goc-rong-120\/","og_locale":"en_US","og_type":"article","og_title":"Nearity 120 Max \u2013 Camera H\u1ed9i Ngh\u1ecb 4K All-in-One G\u00f3c R\u1ed9ng 120\u00b0 - Nearity","og_description":"Nearity 120 Max l\u00e0 camera h\u1ed9i ngh\u1ecb 4K cao c\u1ea5p v\u1edbi g\u00f3c nh\u00ecn 120\u00b0, 4 micro MEMS, AI kh\u1eed \u1ed3n, auto framing v\u00e0 k\u1ebft n\u1ed1i kh\u00f4ng d\u00e2y plug-and-play, l\u00fd t\u01b0\u1edfng cho ph\u00f2ng h\u1ecdp v\u1eeba v\u00e0 nh\u1ecf.","og_url":"https:\/\/visionteco.com\/en\/product\/nearity-120-max-camera-hoi-nghi-4k-all-in-one-goc-rong-120\/","og_site_name":"Nearity","article_modified_time":"2026-01-16T09:47:32+00:00","og_image":[{"width":1200,"height":1200,"url":"https:\/\/visionteco.com\/wp-content\/uploads\/2026\/01\/c46s-1-_1_.png","type":"image\/png"}],"twitter_card":"summary_large_image","twitter_misc":{"Est. reading time":"2 minutes"},"schema":{"@context":"https:\/\/schema.org","@graph":[{"@type":"WebPage","@id":"https:\/\/visionteco.com\/en\/product\/nearity-120-max-camera-hoi-nghi-4k-all-in-one-goc-rong-120\/","url":"https:\/\/visionteco.com\/en\/product\/nearity-120-max-camera-hoi-nghi-4k-all-in-one-goc-rong-120\/","name":"Nearity 120 Max \u2013 Camera H\u1ed9i Ngh\u1ecb 4K All-in-One G\u00f3c R\u1ed9ng 120\u00b0 - Nearity","isPartOf":{"@id":"https:\/\/visionteco.com\/en\/#website"},"primaryImageOfPage":{"@id":"https:\/\/visionteco.com\/en\/product\/nearity-120-max-camera-hoi-nghi-4k-all-in-one-goc-rong-120\/#primaryimage"},"image":{"@id":"https:\/\/visionteco.com\/en\/product\/nearity-120-max-camera-hoi-nghi-4k-all-in-one-goc-rong-120\/#primaryimage"},"thumbnailUrl":"https:\/\/visionteco.com\/wp-content\/uploads\/2026\/01\/c46s-1-_1_.png","datePublished":"2026-01-16T09:43:58+00:00","dateModified":"2026-01-16T09:47:32+00:00","description":"Nearity 120 Max l\u00e0 camera h\u1ed9i ngh\u1ecb 4K cao c\u1ea5p v\u1edbi g\u00f3c nh\u00ecn 120\u00b0, 4 micro MEMS, AI kh\u1eed \u1ed3n, auto framing v\u00e0 k\u1ebft n\u1ed1i kh\u00f4ng d\u00e2y plug-and-play, l\u00fd t\u01b0\u1edfng cho ph\u00f2ng h\u1ecdp v\u1eeba v\u00e0 nh\u1ecf.","breadcrumb":{"@id":"https:\/\/visionteco.com\/en\/product\/nearity-120-max-camera-hoi-nghi-4k-all-in-one-goc-rong-120\/#breadcrumb"},"inLanguage":"en-US","potentialAction":[{"@type":"ReadAction","target":["https:\/\/visionteco.com\/en\/product\/nearity-120-max-camera-hoi-nghi-4k-all-in-one-goc-rong-120\/"]}]},{"@type":"ImageObject","inLanguage":"en-US","@id":"https:\/\/visionteco.com\/en\/product\/nearity-120-max-camera-hoi-nghi-4k-all-in-one-goc-rong-120\/#primaryimage","url":"https:\/\/visionteco.com\/wp-content\/uploads\/2026\/01\/c46s-1-_1_.png","contentUrl":"https:\/\/visionteco.com\/wp-content\/uploads\/2026\/01\/c46s-1-_1_.png","width":1200,"height":1200,"caption":"Nearity 120 Max Conference Camera"},{"@type":"BreadcrumbList","@id":"https:\/\/visionteco.com\/en\/product\/nearity-120-max-camera-hoi-nghi-4k-all-in-one-goc-rong-120\/#breadcrumb","itemListElement":[{"@type":"ListItem","position":1,"name":"Trang ch\u1ee7","item":"https:\/\/visionteco.com\/en\/"},{"@type":"ListItem","position":2,"name":"Shop","item":"https:\/\/visionteco.com\/en\/shop\/"},{"@type":"ListItem","position":3,"name":"Nearity 120 Max \u2013 Camera H\u1ed9i Ngh\u1ecb 4K All-in-One G\u00f3c R\u1ed9ng 120\u00b0"}]},{"@type":"WebSite","@id":"https:\/\/visionteco.com\/en\/#website","url":"https:\/\/visionteco.com\/en\/","name":"Nearity","description":"","potentialAction":[{"@type":"SearchAction","target":{"@type":"EntryPoint","urlTemplate":"https:\/\/visionteco.com\/en\/?s={search_term_string}"},"query-input":{"@type":"PropertyValueSpecification","valueRequired":true,"valueName":"search_term_string"}}],"inLanguage":"en-US"}]}},"_links":{"self":[{"href":"https:\/\/visionteco.com\/en\/wp-json\/wp\/v2\/product\/2405","targetHints":{"allow":["GET"]}}],"collection":[{"href":"https:\/\/visionteco.com\/en\/wp-json\/wp\/v2\/product"}],"about":[{"href":"https:\/\/visionteco.com\/en\/wp-json\/wp\/v2\/types\/product"}],"replies":[{"embeddable":true,"href":"https:\/\/visionteco.com\/en\/wp-json\/wp\/v2\/comments?post=2405"}],"wp:featuredmedia":[{"embeddable":true,"href":"https:\/\/visionteco.com\/en\/wp-json\/wp\/v2\/media\/2416"}],"wp:attachment":[{"href":"https:\/\/visionteco.com\/en\/wp-json\/wp\/v2\/media?parent=2405"}],"wp:term":[{"taxonomy":"product_cat","embeddable":true,"href":"https:\/\/visionteco.com\/en\/wp-json\/wp\/v2\/product_cat?post=2405"},{"taxonomy":"product_tag","embeddable":true,"href":"https:\/\/visionteco.com\/en\/wp-json\/wp\/v2\/product_tag?post=2405"}],"curies":[{"name":"wp","href":"https:\/\/api.w.org\/{rel}","templated":true}]}}