{"id":1981,"date":"2025-08-29T04:49:37","date_gmt":"2025-08-29T04:49:37","guid":{"rendered":"https:\/\/visionteco.com\/?post_type=product&#038;p=1981"},"modified":"2025-08-29T04:49:37","modified_gmt":"2025-08-29T04:49:37","slug":"nearity-sp100-speakerphone-bluetooth-360-ai","status":"publish","type":"product","link":"https:\/\/visionteco.com\/en\/product\/nearity-sp100-speakerphone-bluetooth-360-ai\/","title":{"rendered":"Nearity SP100 \u2013 Speakerphone Bluetooth 360\u00b0 AI"},"content":{"rendered":"<p data-start=\"513\" data-end=\"976\"><span style=\"font-family: arial, helvetica, sans-serif;\">Nearity SP100 l\u00e0 thi\u1ebft b\u1ecb h\u1ed9i ngh\u1ecb di \u0111\u1ed9ng t\u00edch h\u1ee3p loa v\u00e0 micro, l\u00fd t\u01b0\u1edfng cho v\u0103n ph\u00f2ng tr\u1ef1c tuy\u1ebfn, ph\u00f2ng h\u1ecdp nh\u1ecf v\u00e0 c\u1ed9ng t\u00e1c t\u1eeb xa. V\u1edbi 4 micro MEMS thu \u00e2m 360\u00b0 v\u00e0 c\u00f4ng ngh\u1ec7 kh\u1eed \u1ed3n AI\/echo cancellation, \u00e2m thanh d\u00f9 t\u1eeb xa hay trong m\u00f4i tr\u01b0\u1eddng \u1ed3n v\u1eabn r\u00f5 r\u00e0ng v\u00e0 \u0111\u1ea7y \u0111\u1ee7. Thi\u1ebft b\u1ecb h\u1ed7 tr\u1ee3 full-duplex v\u00e0 Automatic Gain Control (AGC) gi\u00fap m\u1ecdi ng\u01b0\u1eddi c\u00f3 th\u1ec3 n\u00f3i \u0111\u1ed3ng th\u1eddi m\u00e0 ch\u1ea5t l\u01b0\u1ee3ng v\u1eabn \u0111\u01b0\u1ee3c duy tr\u00ec \u0111\u1ed3ng \u0111\u1ec1u.<\/span><\/p>\n<p data-start=\"978\" data-end=\"1396\"><span style=\"font-family: arial, helvetica, sans-serif;\">K\u1ebft n\u1ed1i \u0111a d\u1ea1ng v\u1edbi Bluetooth 5.0, USB-C\/A ho\u1eb7c th\u00f4ng qua dongle, t\u01b0\u01a1ng th\u00edch nhanh ch\u00f3ng v\u1edbi h\u1ea7u h\u1ebft h\u1ec7 \u0111i\u1ec1u h\u00e0nh v\u00e0 n\u1ec1n t\u1ea3ng h\u1ed9i ngh\u1ecb (Zoom, Teams, Google Meet, Webex\u2026).V\u1ecf thi\u1ebft k\u1ebf nh\u1eb9 ch\u1ec9 ~375 g, d\u1ec5 mang theo c\u00f9ng pin t\u00edch h\u1ee3p 2600 mAh, d\u00f9ng li\u00ean t\u1ee5c \u0111\u1ebfn 8 gi\u1edd v\u00e0 c\u00f3 kh\u1ea3 n\u0103ng reverse charging cho \u0111i\u1ec7n tho\u1ea1i khi c\u1ea7n.<\/span><\/p>\n<p data-start=\"1398\" data-end=\"1596\"><span style=\"font-family: arial, helvetica, sans-serif;\">Trong c\u00e1c cu\u1ed9c h\u1ecdp l\u1edbn h\u01a1n, b\u1ea1n c\u00f3 th\u1ec3 k\u1ebft n\u1ed1i hai SP100 v\u1edbi nhau (daisy-chain) \u0111\u1ec3 ph\u1ee5c v\u1ee5 t\u1edbi 20 ng\u01b0\u1eddi, mang l\u1ea1i tr\u1ea3i nghi\u1ec7m h\u1ed9i ngh\u1ecb linh ho\u1ea1t v\u00e0 hi\u1ec7u qu\u1ea3.<\/span><\/p>\n<p data-start=\"1398\" data-end=\"1596\">\u00a0<\/p>\n<h2 data-start=\"1603\" data-end=\"1624\"><span style=\"font-family: arial, helvetica, sans-serif;\">T\u00ednh n\u0103ng n\u1ed5i b\u1eadt Nearity SP100<\/span><\/h2>\n<ul data-start=\"1626\" data-end=\"2439\">\n<li data-start=\"1626\" data-end=\"1745\">\n<p data-start=\"1629\" data-end=\"1745\"><span style=\"font-family: arial, helvetica, sans-serif;\">\u00c2m thanh thu 360\u00b0 b\u1eb1ng 4 mic MEMS \u2013 H\u00fat gi\u1ecdng t\u1eeb m\u1ecdi h\u01b0\u1edbng v\u1edbi \u0111\u1ed9 r\u00f5 cao.<\/span><\/p>\n<\/li>\n<li data-start=\"1746\" data-end=\"1858\">\n<p data-start=\"1749\" data-end=\"1858\"><span style=\"font-family: arial, helvetica, sans-serif;\">Kh\u1eed \u1ed3n AI + Echo Cancellation + AGC \u2013 Gi\u1ecdng n\u00f3i r\u00f5 r\u00e0ng, t\u1ef1 nhi\u00ean.<\/span><\/p>\n<\/li>\n<li data-start=\"1859\" data-end=\"1971\">\n<p data-start=\"1861\" data-end=\"1971\"><span style=\"font-family: arial, helvetica, sans-serif;\">Full-Duplex &amp; AGC \u2013 N\u00f3i v\u00e0 nghe \u0111\u1ed3ng th\u1eddi, gi\u1ecdng \u0111\u1ed3ng \u0111\u1ec1u t\u1eeb xa.<\/span><\/p>\n<\/li>\n<li data-start=\"1972\" data-end=\"2081\">\n<p data-start=\"1975\" data-end=\"2081\"><span style=\"font-family: arial, helvetica, sans-serif;\">K\u1ebft n\u1ed1i USB \/ Bluetooth 5.0 \/ Dongle \u2013 Ph\u00f9 h\u1ee3p m\u1ecdi n\u1ec1n t\u1ea3ng UC.<\/span><\/p>\n<\/li>\n<li data-start=\"2082\" data-end=\"2185\">\n<p data-start=\"2085\" data-end=\"2185\"><span style=\"font-family: arial, helvetica, sans-serif;\">Pin 8 gi\u1edd &amp; reverse charging \u2013 H\u1ecdp d\u00e0i, ti\u1ec7n l\u1ee3i m\u1ecdi l\u00fac.<\/span><\/p>\n<\/li>\n<li data-start=\"2186\" data-end=\"2308\">\n<p data-start=\"2189\" data-end=\"2308\"><span style=\"font-family: arial, helvetica, sans-serif;\">Daisy-chain m\u1edf r\u1ed9ng \u2013 H\u1ed7 tr\u1ee3 k\u1ebft n\u1ed1i hai thi\u1ebft b\u1ecb cho cu\u1ed9c h\u1ecdp \u0111\u1ebfn 20 ng\u01b0\u1eddi.<\/span><\/p>\n<\/li>\n<li data-start=\"2309\" data-end=\"2439\">\n<p data-start=\"2312\" data-end=\"2439\"><span style=\"font-family: arial, helvetica, sans-serif;\">Tr\u1ecdng l\u01b0\u1ee3ng nh\u1eb9 v\u00e0 thi\u1ebft k\u1ebf di \u0111\u1ed9ng \u2013 C\u1ea7m tay ho\u1eb7c \u0111\u1ec3 b\u00e0n, ti\u1ec7n l\u1ee3i cho di chuy\u1ec3n.<\/span><\/p>\n<\/li>\n<\/ul>\n<p>&nbsp;<\/p>\n<h2><span style=\"font-family: arial, helvetica, sans-serif;\">Th\u00f4ng s\u1ed1 k\u1ef9 thu\u1eadt<\/span><\/h2>\n<table style=\"border-collapse: collapse; width: 100%; height: 302px;\">\n<tbody>\n<tr style=\"height: 26px;\">\n<th style=\"width: 21.1816%; text-align: left; height: 26px;\"><span style=\"font-size: 13pt; color: #000000; font-family: arial, helvetica, sans-serif;\">M\u1ee5c<\/span><\/th>\n<th style=\"width: 78.6744%; text-align: left; height: 26px;\"><span style=\"font-size: 13pt; color: #000000; font-family: arial, helvetica, sans-serif;\">Th\u00f4ng s\u1ed1 chi ti\u1ebft<\/span><\/th>\n<\/tr>\n<tr style=\"height: 43px;\">\n<td style=\"width: 21.1816%; height: 43px;\"><span style=\"font-family: arial, helvetica, sans-serif;\"><strong>K\u00edch th\u01b0\u1edbc \/ Tr\u1ecdng l\u01b0\u1ee3ng<\/strong><\/span><\/td>\n<td style=\"width: 78.6744%; height: 43px;\"><span style=\"font-family: arial, helvetica, sans-serif;\">166 \u00d7 105 \u00d7 38 mm \/ 375 g<\/span><\/td>\n<\/tr>\n<tr style=\"height: 21px;\">\n<td style=\"width: 21.1816%; height: 21px;\"><span style=\"font-family: arial, helvetica, sans-serif;\"><strong>Microphone<\/strong><\/span><\/td>\n<td style=\"width: 78.6744%; height: 21px;\"><span style=\"font-family: arial, helvetica, sans-serif;\">4 \u00d7 MEMS, 360\u00b0 pickup, up to 3 m<\/span><\/td>\n<\/tr>\n<tr style=\"height: 21px;\">\n<td style=\"width: 21.1816%; height: 21px;\"><span style=\"font-family: arial, helvetica, sans-serif;\"><strong>Kh\u1eed \u1ed3n &amp; x\u1eed l\u00fd \u00e2m<\/strong><\/span><\/td>\n<td style=\"width: 78.6744%; height: 21px;\"><span style=\"font-family: arial, helvetica, sans-serif;\">AI Noise Reduction, Echo Cancellation, AGC, Full-Duplex<\/span><\/td>\n<\/tr>\n<tr style=\"height: 21px;\">\n<td style=\"width: 21.1816%; height: 21px;\"><span style=\"font-family: arial, helvetica, sans-serif;\"><strong>Loa<\/strong><\/span><\/td>\n<td style=\"width: 78.6744%; height: 21px;\"><span style=\"font-family: arial, helvetica, sans-serif;\">3 W (4 \u03a9), 180 Hz\u201320 kHz, 80 \u00b1 3 dB @1 W\/1 m, THD \u2264 5%<\/span><\/td>\n<\/tr>\n<tr style=\"height: 21px;\">\n<td style=\"width: 21.1816%; height: 21px;\"><span style=\"font-family: arial, helvetica, sans-serif;\"><strong>Pin<\/strong><\/span><\/td>\n<td style=\"width: 78.6744%; height: 21px;\"><span style=\"font-family: arial, helvetica, sans-serif;\">2600 mAh (3.7 V), 8 h \u0111\u00e0m tho\u1ea1i, h\u1ed7 tr\u1ee3 reverse charging<\/span><\/td>\n<\/tr>\n<tr style=\"height: 21px;\">\n<td style=\"width: 21.1816%; height: 21px;\"><span style=\"font-family: arial, helvetica, sans-serif;\"><strong>K\u1ebft n\u1ed1i<\/strong><\/span><\/td>\n<td style=\"width: 78.6744%; height: 21px;\"><span style=\"font-family: arial, helvetica, sans-serif;\">Bluetooth 5.0, USB-A\/C, dongle, USB 2.0 Type-C<\/span><\/td>\n<\/tr>\n<tr style=\"height: 21px;\">\n<td style=\"width: 21.1816%; height: 21px;\"><span style=\"font-family: arial, helvetica, sans-serif;\"><strong>Daisy-chain<\/strong><\/span><\/td>\n<td style=\"width: 78.6744%; height: 21px;\"><span style=\"font-family: arial, helvetica, sans-serif;\">C\u00f3 h\u1ed7 tr\u1ee3 \u2013 m\u1edf r\u1ed9ng cho t\u1edbi 20 ng\u01b0\u1eddi<\/span><\/td>\n<\/tr>\n<tr style=\"height: 43px;\">\n<td style=\"width: 21.1816%; height: 43px;\"><span style=\"font-family: arial, helvetica, sans-serif;\"><strong>T\u01b0\u01a1ng th\u00edch<\/strong><\/span><\/td>\n<td style=\"width: 78.6744%; height: 43px;\"><span style=\"font-family: arial, helvetica, sans-serif;\">Windows \/ macOS \/ Linux \/ ChromeOS; Zoom, Teams, Google Meet, Webex, GoToMeeting<\/span><\/td>\n<\/tr>\n<tr style=\"height: 43px;\">\n<td style=\"width: 21.1816%; height: 43px;\"><span style=\"font-family: arial, helvetica, sans-serif;\"><strong>Ph\u1ee5 ki\u1ec7n \u0111i k\u00e8m<\/strong><\/span><\/td>\n<td style=\"width: 78.6744%; height: 43px;\"><span style=\"font-family: arial, helvetica, sans-serif;\">SP100 \u00d71, USB-A\/C cable \u00d71, Daisy-chain line \u00d71, Bluetooth dongle \u00d71, T\u00fai \u0111\u1ef1ng \u00d71, Manual<\/span><\/td>\n<\/tr>\n<tr style=\"height: 21px;\">\n<td style=\"width: 21.1816%; height: 21px;\"><span style=\"font-family: arial, helvetica, sans-serif;\"><strong>B\u1ea3o h\u00e0nh<\/strong><\/span><\/td>\n<td style=\"width: 78.6744%; height: 21px;\"><span style=\"font-family: arial, helvetica, sans-serif;\">12 th\u00e1ng<\/span><\/td>\n<\/tr>\n<\/tbody>\n<\/table>\n","protected":false},"excerpt":{"rendered":"<p><span style=\"font-family: arial, helvetica, sans-serif;\">Nearity SP100 l\u00e0 thi\u1ebft b\u1ecb h\u1ed9i ngh\u1ecb di \u0111\u1ed9ng t\u00edch h\u1ee3p loa v\u00e0 micro, l\u00fd t\u01b0\u1edfng cho v\u0103n ph\u00f2ng tr\u1ef1c tuy\u1ebfn, ph\u00f2ng h\u1ecdp nh\u1ecf v\u00e0 c\u1ed9ng t\u00e1c t\u1eeb xa. V\u1edbi 4 micro MEMS thu \u00e2m 360\u00b0 v\u00e0 c\u00f4ng ngh\u1ec7 kh\u1eed \u1ed3n AI\/echo cancellation, \u00e2m thanh d\u00f9 t\u1eeb xa hay trong m\u00f4i tr\u01b0\u1eddng \u1ed3n v\u1eabn r\u00f5 r\u00e0ng v\u00e0 \u0111\u1ea7y \u0111\u1ee7. Thi\u1ebft b\u1ecb h\u1ed7 tr\u1ee3 full-duplex v\u00e0 Automatic Gain Control (AGC) gi\u00fap m\u1ecdi ng\u01b0\u1eddi c\u00f3 th\u1ec3 n\u00f3i \u0111\u1ed3ng th\u1eddi m\u00e0 ch\u1ea5t l\u01b0\u1ee3ng v\u1eabn \u0111\u01b0\u1ee3c duy tr\u00ec \u0111\u1ed3ng \u0111\u1ec1u.<\/span><\/p>\n","protected":false},"featured_media":1982,"comment_status":"open","ping_status":"closed","template":"","meta":{"_acf_changed":false},"product_cat":[50],"product_tag":[193,192,194],"class_list":{"0":"post-1981","1":"product","2":"type-product","3":"status-publish","4":"has-post-thumbnail","6":"product_cat-speakerphone","7":"product_tag-bluetooth-speakerphone","8":"product_tag-nearity-sp100","9":"product_tag-thiet-bi-hoi-nghi","11":"first","12":"instock","13":"shipping-taxable","14":"product-type-simple"},"acf":[],"yoast_head":"<!-- This site is optimized with the Yoast SEO plugin v24.6 - https:\/\/yoast.com\/wordpress\/plugins\/seo\/ -->\n<title>Nearity SP100 \u2013 Speakerphone Bluetooth 360\u00b0 AI - Nearity<\/title>\n<meta name=\"description\" content=\"Nearity SP100 \u2013 Loa\/mic h\u1ed9i ngh\u1ecb Bluetooth 5.0, 4 mic MEMS 360\u00b0, kh\u1eed \u1ed3n AI &amp; echo, full-duplex, pin 8 h, daisy-chain cho 20 ng\u01b0\u1eddi.\" \/>\n<meta name=\"robots\" content=\"index, follow, max-snippet:-1, max-image-preview:large, max-video-preview:-1\" \/>\n<link rel=\"canonical\" href=\"https:\/\/visionteco.com\/en\/product\/nearity-sp100-speakerphone-bluetooth-360-ai\/\" \/>\n<meta property=\"og:locale\" content=\"en_US\" \/>\n<meta property=\"og:type\" content=\"article\" \/>\n<meta property=\"og:title\" content=\"Nearity SP100 \u2013 Speakerphone Bluetooth 360\u00b0 AI - Nearity\" \/>\n<meta property=\"og:description\" content=\"Nearity SP100 \u2013 Loa\/mic h\u1ed9i ngh\u1ecb Bluetooth 5.0, 4 mic MEMS 360\u00b0, kh\u1eed \u1ed3n AI &amp; echo, full-duplex, pin 8 h, daisy-chain cho 20 ng\u01b0\u1eddi.\" \/>\n<meta property=\"og:url\" content=\"https:\/\/visionteco.com\/en\/product\/nearity-sp100-speakerphone-bluetooth-360-ai\/\" \/>\n<meta property=\"og:site_name\" content=\"Nearity\" \/>\n<meta property=\"og:image\" content=\"https:\/\/visionteco.com\/wp-content\/uploads\/2025\/08\/SP100-1-1.webp\" \/>\n\t<meta property=\"og:image:width\" content=\"1200\" \/>\n\t<meta property=\"og:image:height\" content=\"1200\" \/>\n\t<meta property=\"og:image:type\" content=\"image\/webp\" \/>\n<meta name=\"twitter:card\" content=\"summary_large_image\" \/>\n<meta name=\"twitter:label1\" content=\"Est. reading time\" \/>\n\t<meta name=\"twitter:data1\" content=\"3 minutes\" \/>\n<script type=\"application\/ld+json\" class=\"yoast-schema-graph\">{\"@context\":\"https:\/\/schema.org\",\"@graph\":[{\"@type\":\"WebPage\",\"@id\":\"https:\/\/visionteco.com\/en\/product\/nearity-sp100-speakerphone-bluetooth-360-ai\/\",\"url\":\"https:\/\/visionteco.com\/en\/product\/nearity-sp100-speakerphone-bluetooth-360-ai\/\",\"name\":\"Nearity SP100 \u2013 Speakerphone Bluetooth 360\u00b0 AI - Nearity\",\"isPartOf\":{\"@id\":\"https:\/\/visionteco.com\/en\/#website\"},\"primaryImageOfPage\":{\"@id\":\"https:\/\/visionteco.com\/en\/product\/nearity-sp100-speakerphone-bluetooth-360-ai\/#primaryimage\"},\"image\":{\"@id\":\"https:\/\/visionteco.com\/en\/product\/nearity-sp100-speakerphone-bluetooth-360-ai\/#primaryimage\"},\"thumbnailUrl\":\"https:\/\/visionteco.com\/wp-content\/uploads\/2025\/08\/SP100-1-1.webp\",\"datePublished\":\"2025-08-29T04:49:37+00:00\",\"description\":\"Nearity SP100 \u2013 Loa\/mic h\u1ed9i ngh\u1ecb Bluetooth 5.0, 4 mic MEMS 360\u00b0, kh\u1eed \u1ed3n AI & echo, full-duplex, pin 8 h, daisy-chain cho 20 ng\u01b0\u1eddi.\",\"breadcrumb\":{\"@id\":\"https:\/\/visionteco.com\/en\/product\/nearity-sp100-speakerphone-bluetooth-360-ai\/#breadcrumb\"},\"inLanguage\":\"en-US\",\"potentialAction\":[{\"@type\":\"ReadAction\",\"target\":[\"https:\/\/visionteco.com\/en\/product\/nearity-sp100-speakerphone-bluetooth-360-ai\/\"]}]},{\"@type\":\"ImageObject\",\"inLanguage\":\"en-US\",\"@id\":\"https:\/\/visionteco.com\/en\/product\/nearity-sp100-speakerphone-bluetooth-360-ai\/#primaryimage\",\"url\":\"https:\/\/visionteco.com\/wp-content\/uploads\/2025\/08\/SP100-1-1.webp\",\"contentUrl\":\"https:\/\/visionteco.com\/wp-content\/uploads\/2025\/08\/SP100-1-1.webp\",\"width\":1200,\"height\":1200,\"caption\":\"Nearity SP100 Audio Pro Bluetooth Speakerphone\"},{\"@type\":\"BreadcrumbList\",\"@id\":\"https:\/\/visionteco.com\/en\/product\/nearity-sp100-speakerphone-bluetooth-360-ai\/#breadcrumb\",\"itemListElement\":[{\"@type\":\"ListItem\",\"position\":1,\"name\":\"Trang ch\u1ee7\",\"item\":\"https:\/\/visionteco.com\/en\/\"},{\"@type\":\"ListItem\",\"position\":2,\"name\":\"Shop\",\"item\":\"https:\/\/visionteco.com\/en\/shop\/\"},{\"@type\":\"ListItem\",\"position\":3,\"name\":\"Nearity SP100 \u2013 Speakerphone Bluetooth 360\u00b0 AI\"}]},{\"@type\":\"WebSite\",\"@id\":\"https:\/\/visionteco.com\/en\/#website\",\"url\":\"https:\/\/visionteco.com\/en\/\",\"name\":\"Nearity\",\"description\":\"\",\"potentialAction\":[{\"@type\":\"SearchAction\",\"target\":{\"@type\":\"EntryPoint\",\"urlTemplate\":\"https:\/\/visionteco.com\/en\/?s={search_term_string}\"},\"query-input\":{\"@type\":\"PropertyValueSpecification\",\"valueRequired\":true,\"valueName\":\"search_term_string\"}}],\"inLanguage\":\"en-US\"}]}<\/script>\n<!-- \/ Yoast SEO plugin. -->","yoast_head_json":{"title":"Nearity SP100 \u2013 Speakerphone Bluetooth 360\u00b0 AI - Nearity","description":"Nearity SP100 \u2013 Loa\/mic h\u1ed9i ngh\u1ecb Bluetooth 5.0, 4 mic MEMS 360\u00b0, kh\u1eed \u1ed3n AI & echo, full-duplex, pin 8 h, daisy-chain cho 20 ng\u01b0\u1eddi.","robots":{"index":"index","follow":"follow","max-snippet":"max-snippet:-1","max-image-preview":"max-image-preview:large","max-video-preview":"max-video-preview:-1"},"canonical":"https:\/\/visionteco.com\/en\/product\/nearity-sp100-speakerphone-bluetooth-360-ai\/","og_locale":"en_US","og_type":"article","og_title":"Nearity SP100 \u2013 Speakerphone Bluetooth 360\u00b0 AI - Nearity","og_description":"Nearity SP100 \u2013 Loa\/mic h\u1ed9i ngh\u1ecb Bluetooth 5.0, 4 mic MEMS 360\u00b0, kh\u1eed \u1ed3n AI & echo, full-duplex, pin 8 h, daisy-chain cho 20 ng\u01b0\u1eddi.","og_url":"https:\/\/visionteco.com\/en\/product\/nearity-sp100-speakerphone-bluetooth-360-ai\/","og_site_name":"Nearity","og_image":[{"width":1200,"height":1200,"url":"https:\/\/visionteco.com\/wp-content\/uploads\/2025\/08\/SP100-1-1.webp","type":"image\/webp"}],"twitter_card":"summary_large_image","twitter_misc":{"Est. reading time":"3 minutes"},"schema":{"@context":"https:\/\/schema.org","@graph":[{"@type":"WebPage","@id":"https:\/\/visionteco.com\/en\/product\/nearity-sp100-speakerphone-bluetooth-360-ai\/","url":"https:\/\/visionteco.com\/en\/product\/nearity-sp100-speakerphone-bluetooth-360-ai\/","name":"Nearity SP100 \u2013 Speakerphone Bluetooth 360\u00b0 AI - Nearity","isPartOf":{"@id":"https:\/\/visionteco.com\/en\/#website"},"primaryImageOfPage":{"@id":"https:\/\/visionteco.com\/en\/product\/nearity-sp100-speakerphone-bluetooth-360-ai\/#primaryimage"},"image":{"@id":"https:\/\/visionteco.com\/en\/product\/nearity-sp100-speakerphone-bluetooth-360-ai\/#primaryimage"},"thumbnailUrl":"https:\/\/visionteco.com\/wp-content\/uploads\/2025\/08\/SP100-1-1.webp","datePublished":"2025-08-29T04:49:37+00:00","description":"Nearity SP100 \u2013 Loa\/mic h\u1ed9i ngh\u1ecb Bluetooth 5.0, 4 mic MEMS 360\u00b0, kh\u1eed \u1ed3n AI & echo, full-duplex, pin 8 h, daisy-chain cho 20 ng\u01b0\u1eddi.","breadcrumb":{"@id":"https:\/\/visionteco.com\/en\/product\/nearity-sp100-speakerphone-bluetooth-360-ai\/#breadcrumb"},"inLanguage":"en-US","potentialAction":[{"@type":"ReadAction","target":["https:\/\/visionteco.com\/en\/product\/nearity-sp100-speakerphone-bluetooth-360-ai\/"]}]},{"@type":"ImageObject","inLanguage":"en-US","@id":"https:\/\/visionteco.com\/en\/product\/nearity-sp100-speakerphone-bluetooth-360-ai\/#primaryimage","url":"https:\/\/visionteco.com\/wp-content\/uploads\/2025\/08\/SP100-1-1.webp","contentUrl":"https:\/\/visionteco.com\/wp-content\/uploads\/2025\/08\/SP100-1-1.webp","width":1200,"height":1200,"caption":"Nearity SP100 Audio Pro Bluetooth Speakerphone"},{"@type":"BreadcrumbList","@id":"https:\/\/visionteco.com\/en\/product\/nearity-sp100-speakerphone-bluetooth-360-ai\/#breadcrumb","itemListElement":[{"@type":"ListItem","position":1,"name":"Trang ch\u1ee7","item":"https:\/\/visionteco.com\/en\/"},{"@type":"ListItem","position":2,"name":"Shop","item":"https:\/\/visionteco.com\/en\/shop\/"},{"@type":"ListItem","position":3,"name":"Nearity SP100 \u2013 Speakerphone Bluetooth 360\u00b0 AI"}]},{"@type":"WebSite","@id":"https:\/\/visionteco.com\/en\/#website","url":"https:\/\/visionteco.com\/en\/","name":"Nearity","description":"","potentialAction":[{"@type":"SearchAction","target":{"@type":"EntryPoint","urlTemplate":"https:\/\/visionteco.com\/en\/?s={search_term_string}"},"query-input":{"@type":"PropertyValueSpecification","valueRequired":true,"valueName":"search_term_string"}}],"inLanguage":"en-US"}]}},"_links":{"self":[{"href":"https:\/\/visionteco.com\/en\/wp-json\/wp\/v2\/product\/1981","targetHints":{"allow":["GET"]}}],"collection":[{"href":"https:\/\/visionteco.com\/en\/wp-json\/wp\/v2\/product"}],"about":[{"href":"https:\/\/visionteco.com\/en\/wp-json\/wp\/v2\/types\/product"}],"replies":[{"embeddable":true,"href":"https:\/\/visionteco.com\/en\/wp-json\/wp\/v2\/comments?post=1981"}],"wp:featuredmedia":[{"embeddable":true,"href":"https:\/\/visionteco.com\/en\/wp-json\/wp\/v2\/media\/1982"}],"wp:attachment":[{"href":"https:\/\/visionteco.com\/en\/wp-json\/wp\/v2\/media?parent=1981"}],"wp:term":[{"taxonomy":"product_cat","embeddable":true,"href":"https:\/\/visionteco.com\/en\/wp-json\/wp\/v2\/product_cat?post=1981"},{"taxonomy":"product_tag","embeddable":true,"href":"https:\/\/visionteco.com\/en\/wp-json\/wp\/v2\/product_tag?post=1981"}],"curies":[{"name":"wp","href":"https:\/\/api.w.org\/{rel}","templated":true}]}}