{"id":1964,"date":"2025-08-29T04:35:31","date_gmt":"2025-08-29T04:35:31","guid":{"rendered":"https:\/\/visionteco.com\/?post_type=product&#038;p=1964"},"modified":"2025-08-29T04:35:31","modified_gmt":"2025-08-29T04:35:31","slug":"nearity-cc200-webcam-4k-uhd-auto-focus-khu-on-ai","status":"publish","type":"product","link":"https:\/\/visionteco.com\/en\/product\/nearity-cc200-webcam-4k-uhd-auto-focus-khu-on-ai\/","title":{"rendered":"Nearity CC200 \u2013 Webcam 4K UHD, Auto-Focus, Kh\u1eed \u1ed2n AI"},"content":{"rendered":"<p data-start=\"512\" data-end=\"850\">Nearity CC200 l\u00e0 webcam h\u1ed9i ngh\u1ecb chu\u1ea9n 4K UHD (3 840 \u00d7 2 160) v\u1edbi kh\u1ea3 n\u0103ng quay video m\u01b0\u1ee3t m\u00e0 l\u00ean \u0111\u1ebfn 30 fps \u1edf \u0111\u1ed9 ph\u00e2n gi\u1ea3i t\u1ed1i \u0111a, v\u00e0 \u0111\u1ea1t 1080p@60 fps khi s\u1eed d\u1ee5ng \u0111\u1ecbnh d\u1ea1ng MJPEG, gi\u00fap h\u00ecnh \u1ea3nh lu\u00f4n s\u1eafc n\u00e9t v\u00e0 ch\u00e2n th\u1ef1c. Thi\u1ebft b\u1ecb s\u1edf h\u1eefu \u1ed1ng k\u00ednh kh\u00f4ng bi\u1ebfn d\u1ea1ng (Non-Distortion), mang l\u1ea1i g\u00f3c nh\u00ecn t\u1ef1 nhi\u00ean v\u00e0 r\u1ed9ng h\u01a1n.<\/p>\n<p data-start=\"852\" data-end=\"1087\">V\u1ec1 \u00e2m thanh, CC200 trang b\u1ecb c\u00f4ng ngh\u1ec7 Noise Suppression &amp; Area Sound Pickup, gi\u00fap thu \u00e2m \u1edf khu v\u1ef1c xung quanh m\u00e0 v\u1eabn gi\u1eef \u0111\u01b0\u1ee3c ch\u1ea5t l\u01b0\u1ee3ng cu\u1ed9c h\u1ecdp r\u00f5 r\u00e0ng. Ngo\u00e0i ra, webcam h\u1ed7 tr\u1ee3 ch\u1ee9c n\u0103ng T\u1eaft mic (Mute) gi\u00fap b\u1ea3o m\u1eadt khi c\u1ea7n.<\/p>\n<p data-start=\"1089\" data-end=\"1390\">Kh\u00f4ng ch\u1ec9 v\u1eady, CC200 l\u00e0 thi\u1ebft b\u1ecb plug-and-play, d\u1ec5 d\u00e0ng s\u1eed d\u1ee5ng ngay khi k\u1ebft n\u1ed1i v\u1edbi m\u00e1y t\u00ednh m\u00e0 kh\u00f4ng c\u1ea7n c\u00e0i \u0111\u1eb7t th\u00eam driver. N\u00f3 c\u0169ng h\u1ed7 tr\u1ee3 c\u00e1c \u0111\u1ecbnh d\u1ea1ng video kh\u00e1c nh\u01b0 YUY2 t\u1ed1i \u0111a 480p@30 fps v\u00e0 MJPEG t\u1ed1i \u0111a 2K@30fps ho\u1eb7c 1080p@60fps, \u0111em l\u1ea1i nhi\u1ec1u t\u00f9y ch\u1ecdn linh ho\u1ea1t cho ng\u01b0\u1eddi d\u00f9ng.<\/p>\n<p data-start=\"1089\" data-end=\"1390\">\u00a0<\/p>\n<h2 data-start=\"1397\" data-end=\"1418\">T\u00ednh n\u0103ng n\u1ed5i b\u1eadt Nearity CC200<\/h2>\n<ul data-start=\"1420\" data-end=\"1839\">\n<li data-start=\"1420\" data-end=\"1493\">\n<p data-start=\"1422\" data-end=\"1493\">Video ch\u1ea5t l\u01b0\u1ee3ng cao: Quay 4K t\u1ea1i 30 fps, MJPEG 1080p t\u1ea1i 60 fps.<\/p>\n<\/li>\n<li data-start=\"1494\" data-end=\"1562\">\n<p data-start=\"1496\" data-end=\"1562\">\u1ed0ng k\u00ednh kh\u00f4ng bi\u1ebfn d\u1ea1ng: Cho g\u00f3c nh\u00ecn t\u1ef1 nhi\u00ean v\u00e0 r\u1ed9ng r\u00e3i.<\/p>\n<\/li>\n<li data-start=\"1563\" data-end=\"1635\">\n<p data-start=\"1565\" data-end=\"1635\">Plug-and-Play ti\u1ec7n l\u1ee3i: K\u1ebft n\u1ed1i nhanh, kh\u00f4ng c\u1ea7n driver b\u1ed5 sung.<\/p>\n<\/li>\n<li data-start=\"1636\" data-end=\"1700\">\n<p data-start=\"1638\" data-end=\"1700\">Kh\u1eed \u1ed3n &amp; thu \u00e2m khu v\u1ef1c: Gi\u1eef r\u00f5 \u00e2m thanh m\u00e0 gi\u1ea3m t\u1ea1p \u00e2m.<\/p>\n<\/li>\n<li data-start=\"1701\" data-end=\"1763\">\n<p data-start=\"1703\" data-end=\"1763\">H\u1ed7 tr\u1ee3 t\u1eaft micro: B\u1ea3o m\u1eadt ti\u1ec7n l\u1ee3i trong c\u00e1c cu\u1ed9c g\u1ecdi.<\/p>\n<\/li>\n<li data-start=\"1764\" data-end=\"1839\">\n<p data-start=\"1766\" data-end=\"1839\">\u0110a \u0111\u1ecbnh d\u1ea1ng video: H\u1ed7 tr\u1ee3 YUY2, MJPEG \u0111\u1ec3 ph\u00f9 h\u1ee3p nhi\u1ec1u nhu c\u1ea7u quay.<\/p>\n<\/li>\n<\/ul>\n<p>&nbsp;<\/p>\n<h2>Th\u00f4ng s\u1ed1 k\u1ef9 thu\u1eadt chi ti\u1ebft<\/h2>\n<table style=\"border-collapse: collapse; width: 100%;\">\n<tbody>\n<tr>\n<th style=\"width: 32.4207%; text-align: left;\"><span style=\"font-size: 13pt; color: #000000;\">M\u1ee5c<\/span><\/th>\n<th style=\"width: 67.2911%; text-align: left;\"><span style=\"font-size: 13pt; color: #000000;\">Th\u00f4ng s\u1ed1<\/span><\/th>\n<\/tr>\n<tr>\n<td style=\"width: 32.4207%;\"><strong>\u0110\u1ed9 ph\u00e2n gi\u1ea3i &amp; t\u1ed1c \u0111\u1ed9 khung h\u00ecnh<\/strong><\/td>\n<td style=\"width: 67.2911%;\">4K UHD@30 fps; MJPEG t\u1ed1i \u0111a 1080p@60 fps<\/td>\n<\/tr>\n<tr>\n<td style=\"width: 32.4207%;\"><strong>\u1ed0ng k\u00ednh<\/strong><\/td>\n<td style=\"width: 67.2911%;\">Non-Distortion Lens<\/td>\n<\/tr>\n<tr>\n<td style=\"width: 32.4207%;\"><strong>K\u1ebft n\u1ed1i<\/strong><\/td>\n<td style=\"width: 67.2911%;\">Plug-and-Play qua USB-A<\/td>\n<\/tr>\n<tr>\n<td style=\"width: 32.4207%;\"><strong>\u00c2m thanh<\/strong><\/td>\n<td style=\"width: 67.2911%;\">H\u1ed7 tr\u1ee3 l\u1ecdc \u1ed3n, thu \u00e2m khu v\u1ef1c, mute mic<\/td>\n<\/tr>\n<tr>\n<td style=\"width: 32.4207%;\"><strong>\u0110\u1ecbnh d\u1ea1ng video h\u1ed7 tr\u1ee3<\/strong><\/td>\n<td style=\"width: 67.2911%;\">YUY2: t\u1ed1i \u0111a 480p@30 fps; MJPEG: t\u1ed1i \u0111a 2K@30 fps ho\u1eb7c 1080p@60 fps<\/td>\n<\/tr>\n<\/tbody>\n<\/table>\n","protected":false},"excerpt":{"rendered":"<p>Nearity CC200 l\u00e0 webcam h\u1ed9i ngh\u1ecb chu\u1ea9n 4K UHD (3 840 \u00d7 2 160) v\u1edbi kh\u1ea3 n\u0103ng quay video m\u01b0\u1ee3t m\u00e0 l\u00ean \u0111\u1ebfn 30 fps \u1edf \u0111\u1ed9 ph\u00e2n gi\u1ea3i t\u1ed1i \u0111a, v\u00e0 \u0111\u1ea1t 1080p@60 fps khi s\u1eed d\u1ee5ng \u0111\u1ecbnh d\u1ea1ng MJPEG, gi\u00fap h\u00ecnh \u1ea3nh lu\u00f4n s\u1eafc n\u00e9t v\u00e0 ch\u00e2n th\u1ef1c. Thi\u1ebft b\u1ecb s\u1edf h\u1eefu \u1ed1ng&#8230;<\/p>\n","protected":false},"featured_media":1975,"comment_status":"open","ping_status":"closed","template":"","meta":{"_acf_changed":false},"product_cat":[62],"product_tag":[188,189,190,191],"class_list":{"0":"post-1964","1":"product","2":"type-product","3":"status-publish","4":"has-post-thumbnail","6":"product_cat-webcam","7":"product_tag-conference-room-webcam","8":"product_tag-nearity-cc200","9":"product_tag-webcam","10":"product_tag-webcam-for-remote-word","12":"first","13":"instock","14":"shipping-taxable","15":"product-type-simple"},"acf":[],"yoast_head":"<!-- This site is optimized with the Yoast SEO plugin v24.6 - https:\/\/yoast.com\/wordpress\/plugins\/seo\/ -->\n<title>Nearity CC200 \u2013 Webcam 4K UHD, Auto-Focus, Kh\u1eed \u1ed2n AI - Nearity<\/title>\n<meta name=\"description\" content=\"Nearity CC200 \u2013 Webcam 4K@30 fps, kh\u1eed \u1ed3n AI, Auto-Focus\/Framing, \u00e2m thanh khu v\u1ef1c, plug-and-play \u2013 gi\u1ea3i ph\u00e1p h\u1ed9i ngh\u1ecb to\u00e0n di\u1ec7n.\" \/>\n<meta name=\"robots\" content=\"index, follow, max-snippet:-1, max-image-preview:large, max-video-preview:-1\" \/>\n<link rel=\"canonical\" href=\"https:\/\/visionteco.com\/en\/product\/nearity-cc200-webcam-4k-uhd-auto-focus-khu-on-ai\/\" \/>\n<meta property=\"og:locale\" content=\"en_US\" \/>\n<meta property=\"og:type\" content=\"article\" \/>\n<meta property=\"og:title\" content=\"Nearity CC200 \u2013 Webcam 4K UHD, Auto-Focus, Kh\u1eed \u1ed2n AI - Nearity\" \/>\n<meta property=\"og:description\" content=\"Nearity CC200 \u2013 Webcam 4K@30 fps, kh\u1eed \u1ed3n AI, Auto-Focus\/Framing, \u00e2m thanh khu v\u1ef1c, plug-and-play \u2013 gi\u1ea3i ph\u00e1p h\u1ed9i ngh\u1ecb to\u00e0n di\u1ec7n.\" \/>\n<meta property=\"og:url\" content=\"https:\/\/visionteco.com\/en\/product\/nearity-cc200-webcam-4k-uhd-auto-focus-khu-on-ai\/\" \/>\n<meta property=\"og:site_name\" content=\"Nearity\" \/>\n<meta property=\"og:image\" content=\"https:\/\/visionteco.com\/wp-content\/uploads\/2025\/08\/CC200.webp\" \/>\n\t<meta property=\"og:image:width\" content=\"1200\" \/>\n\t<meta property=\"og:image:height\" content=\"1200\" \/>\n\t<meta property=\"og:image:type\" content=\"image\/webp\" \/>\n<meta name=\"twitter:card\" content=\"summary_large_image\" \/>\n<meta name=\"twitter:label1\" content=\"Est. reading time\" \/>\n\t<meta name=\"twitter:data1\" content=\"2 minutes\" \/>\n<script type=\"application\/ld+json\" class=\"yoast-schema-graph\">{\"@context\":\"https:\/\/schema.org\",\"@graph\":[{\"@type\":\"WebPage\",\"@id\":\"https:\/\/visionteco.com\/en\/product\/nearity-cc200-webcam-4k-uhd-auto-focus-khu-on-ai\/\",\"url\":\"https:\/\/visionteco.com\/en\/product\/nearity-cc200-webcam-4k-uhd-auto-focus-khu-on-ai\/\",\"name\":\"Nearity CC200 \u2013 Webcam 4K UHD, Auto-Focus, Kh\u1eed \u1ed2n AI - Nearity\",\"isPartOf\":{\"@id\":\"https:\/\/visionteco.com\/en\/#website\"},\"primaryImageOfPage\":{\"@id\":\"https:\/\/visionteco.com\/en\/product\/nearity-cc200-webcam-4k-uhd-auto-focus-khu-on-ai\/#primaryimage\"},\"image\":{\"@id\":\"https:\/\/visionteco.com\/en\/product\/nearity-cc200-webcam-4k-uhd-auto-focus-khu-on-ai\/#primaryimage\"},\"thumbnailUrl\":\"https:\/\/visionteco.com\/wp-content\/uploads\/2025\/08\/CC200.webp\",\"datePublished\":\"2025-08-29T04:35:31+00:00\",\"description\":\"Nearity CC200 \u2013 Webcam 4K@30 fps, kh\u1eed \u1ed3n AI, Auto-Focus\/Framing, \u00e2m thanh khu v\u1ef1c, plug-and-play \u2013 gi\u1ea3i ph\u00e1p h\u1ed9i ngh\u1ecb to\u00e0n di\u1ec7n.\",\"breadcrumb\":{\"@id\":\"https:\/\/visionteco.com\/en\/product\/nearity-cc200-webcam-4k-uhd-auto-focus-khu-on-ai\/#breadcrumb\"},\"inLanguage\":\"en-US\",\"potentialAction\":[{\"@type\":\"ReadAction\",\"target\":[\"https:\/\/visionteco.com\/en\/product\/nearity-cc200-webcam-4k-uhd-auto-focus-khu-on-ai\/\"]}]},{\"@type\":\"ImageObject\",\"inLanguage\":\"en-US\",\"@id\":\"https:\/\/visionteco.com\/en\/product\/nearity-cc200-webcam-4k-uhd-auto-focus-khu-on-ai\/#primaryimage\",\"url\":\"https:\/\/visionteco.com\/wp-content\/uploads\/2025\/08\/CC200.webp\",\"contentUrl\":\"https:\/\/visionteco.com\/wp-content\/uploads\/2025\/08\/CC200.webp\",\"width\":1200,\"height\":1200,\"caption\":\"Nearity CC200\"},{\"@type\":\"BreadcrumbList\",\"@id\":\"https:\/\/visionteco.com\/en\/product\/nearity-cc200-webcam-4k-uhd-auto-focus-khu-on-ai\/#breadcrumb\",\"itemListElement\":[{\"@type\":\"ListItem\",\"position\":1,\"name\":\"Trang ch\u1ee7\",\"item\":\"https:\/\/visionteco.com\/en\/\"},{\"@type\":\"ListItem\",\"position\":2,\"name\":\"Shop\",\"item\":\"https:\/\/visionteco.com\/en\/shop\/\"},{\"@type\":\"ListItem\",\"position\":3,\"name\":\"Nearity CC200 \u2013 Webcam 4K UHD, Auto-Focus, Kh\u1eed \u1ed2n AI\"}]},{\"@type\":\"WebSite\",\"@id\":\"https:\/\/visionteco.com\/en\/#website\",\"url\":\"https:\/\/visionteco.com\/en\/\",\"name\":\"Nearity\",\"description\":\"\",\"potentialAction\":[{\"@type\":\"SearchAction\",\"target\":{\"@type\":\"EntryPoint\",\"urlTemplate\":\"https:\/\/visionteco.com\/en\/?s={search_term_string}\"},\"query-input\":{\"@type\":\"PropertyValueSpecification\",\"valueRequired\":true,\"valueName\":\"search_term_string\"}}],\"inLanguage\":\"en-US\"}]}<\/script>\n<!-- \/ Yoast SEO plugin. -->","yoast_head_json":{"title":"Nearity CC200 \u2013 Webcam 4K UHD, Auto-Focus, Kh\u1eed \u1ed2n AI - Nearity","description":"Nearity CC200 \u2013 Webcam 4K@30 fps, kh\u1eed \u1ed3n AI, Auto-Focus\/Framing, \u00e2m thanh khu v\u1ef1c, plug-and-play \u2013 gi\u1ea3i ph\u00e1p h\u1ed9i ngh\u1ecb to\u00e0n di\u1ec7n.","robots":{"index":"index","follow":"follow","max-snippet":"max-snippet:-1","max-image-preview":"max-image-preview:large","max-video-preview":"max-video-preview:-1"},"canonical":"https:\/\/visionteco.com\/en\/product\/nearity-cc200-webcam-4k-uhd-auto-focus-khu-on-ai\/","og_locale":"en_US","og_type":"article","og_title":"Nearity CC200 \u2013 Webcam 4K UHD, Auto-Focus, Kh\u1eed \u1ed2n AI - Nearity","og_description":"Nearity CC200 \u2013 Webcam 4K@30 fps, kh\u1eed \u1ed3n AI, Auto-Focus\/Framing, \u00e2m thanh khu v\u1ef1c, plug-and-play \u2013 gi\u1ea3i ph\u00e1p h\u1ed9i ngh\u1ecb to\u00e0n di\u1ec7n.","og_url":"https:\/\/visionteco.com\/en\/product\/nearity-cc200-webcam-4k-uhd-auto-focus-khu-on-ai\/","og_site_name":"Nearity","og_image":[{"width":1200,"height":1200,"url":"https:\/\/visionteco.com\/wp-content\/uploads\/2025\/08\/CC200.webp","type":"image\/webp"}],"twitter_card":"summary_large_image","twitter_misc":{"Est. reading time":"2 minutes"},"schema":{"@context":"https:\/\/schema.org","@graph":[{"@type":"WebPage","@id":"https:\/\/visionteco.com\/en\/product\/nearity-cc200-webcam-4k-uhd-auto-focus-khu-on-ai\/","url":"https:\/\/visionteco.com\/en\/product\/nearity-cc200-webcam-4k-uhd-auto-focus-khu-on-ai\/","name":"Nearity CC200 \u2013 Webcam 4K UHD, Auto-Focus, Kh\u1eed \u1ed2n AI - Nearity","isPartOf":{"@id":"https:\/\/visionteco.com\/en\/#website"},"primaryImageOfPage":{"@id":"https:\/\/visionteco.com\/en\/product\/nearity-cc200-webcam-4k-uhd-auto-focus-khu-on-ai\/#primaryimage"},"image":{"@id":"https:\/\/visionteco.com\/en\/product\/nearity-cc200-webcam-4k-uhd-auto-focus-khu-on-ai\/#primaryimage"},"thumbnailUrl":"https:\/\/visionteco.com\/wp-content\/uploads\/2025\/08\/CC200.webp","datePublished":"2025-08-29T04:35:31+00:00","description":"Nearity CC200 \u2013 Webcam 4K@30 fps, kh\u1eed \u1ed3n AI, Auto-Focus\/Framing, \u00e2m thanh khu v\u1ef1c, plug-and-play \u2013 gi\u1ea3i ph\u00e1p h\u1ed9i ngh\u1ecb to\u00e0n di\u1ec7n.","breadcrumb":{"@id":"https:\/\/visionteco.com\/en\/product\/nearity-cc200-webcam-4k-uhd-auto-focus-khu-on-ai\/#breadcrumb"},"inLanguage":"en-US","potentialAction":[{"@type":"ReadAction","target":["https:\/\/visionteco.com\/en\/product\/nearity-cc200-webcam-4k-uhd-auto-focus-khu-on-ai\/"]}]},{"@type":"ImageObject","inLanguage":"en-US","@id":"https:\/\/visionteco.com\/en\/product\/nearity-cc200-webcam-4k-uhd-auto-focus-khu-on-ai\/#primaryimage","url":"https:\/\/visionteco.com\/wp-content\/uploads\/2025\/08\/CC200.webp","contentUrl":"https:\/\/visionteco.com\/wp-content\/uploads\/2025\/08\/CC200.webp","width":1200,"height":1200,"caption":"Nearity CC200"},{"@type":"BreadcrumbList","@id":"https:\/\/visionteco.com\/en\/product\/nearity-cc200-webcam-4k-uhd-auto-focus-khu-on-ai\/#breadcrumb","itemListElement":[{"@type":"ListItem","position":1,"name":"Trang ch\u1ee7","item":"https:\/\/visionteco.com\/en\/"},{"@type":"ListItem","position":2,"name":"Shop","item":"https:\/\/visionteco.com\/en\/shop\/"},{"@type":"ListItem","position":3,"name":"Nearity CC200 \u2013 Webcam 4K UHD, Auto-Focus, Kh\u1eed \u1ed2n AI"}]},{"@type":"WebSite","@id":"https:\/\/visionteco.com\/en\/#website","url":"https:\/\/visionteco.com\/en\/","name":"Nearity","description":"","potentialAction":[{"@type":"SearchAction","target":{"@type":"EntryPoint","urlTemplate":"https:\/\/visionteco.com\/en\/?s={search_term_string}"},"query-input":{"@type":"PropertyValueSpecification","valueRequired":true,"valueName":"search_term_string"}}],"inLanguage":"en-US"}]}},"_links":{"self":[{"href":"https:\/\/visionteco.com\/en\/wp-json\/wp\/v2\/product\/1964","targetHints":{"allow":["GET"]}}],"collection":[{"href":"https:\/\/visionteco.com\/en\/wp-json\/wp\/v2\/product"}],"about":[{"href":"https:\/\/visionteco.com\/en\/wp-json\/wp\/v2\/types\/product"}],"replies":[{"embeddable":true,"href":"https:\/\/visionteco.com\/en\/wp-json\/wp\/v2\/comments?post=1964"}],"wp:featuredmedia":[{"embeddable":true,"href":"https:\/\/visionteco.com\/en\/wp-json\/wp\/v2\/media\/1975"}],"wp:attachment":[{"href":"https:\/\/visionteco.com\/en\/wp-json\/wp\/v2\/media?parent=1964"}],"wp:term":[{"taxonomy":"product_cat","embeddable":true,"href":"https:\/\/visionteco.com\/en\/wp-json\/wp\/v2\/product_cat?post=1964"},{"taxonomy":"product_tag","embeddable":true,"href":"https:\/\/visionteco.com\/en\/wp-json\/wp\/v2\/product_tag?post=1964"}],"curies":[{"name":"wp","href":"https:\/\/api.w.org\/{rel}","templated":true}]}}