{"id":1953,"date":"2025-08-29T04:18:37","date_gmt":"2025-08-29T04:18:37","guid":{"rendered":"https:\/\/visionteco.com\/?post_type=product&#038;p=1953"},"modified":"2025-08-29T04:20:52","modified_gmt":"2025-08-29T04:20:52","slug":"nearity-cc100-webcam-hoi-nghi-2k-tu-dong-lay-net-mic-khu-on","status":"publish","type":"product","link":"https:\/\/visionteco.com\/en\/product\/nearity-cc100-webcam-hoi-nghi-2k-tu-dong-lay-net-mic-khu-on\/","title":{"rendered":"Nearity CC100 \u2013 Webcam h\u1ed9i ngh\u1ecb 2K, t\u1ef1 \u0111\u1ed9ng l\u1ea5y n\u00e9t, mic kh\u1eed \u1ed3n"},"content":{"rendered":"<p data-start=\"499\" data-end=\"838\"><span style=\"font-family: arial, helvetica, sans-serif;\">Nearity CC100 Conference Room Webcam l\u00e0 webcam h\u1ed9i ngh\u1ecb chuy\u00ean d\u1ee5ng v\u1edbi \u1ed1ng k\u00ednh 4MP, \u0111\u1ea1t ch\u1ea5t l\u01b0\u1ee3ng h\u00ecnh \u1ea3nh 2K QHD c\u00f9ng g\u00f3c nh\u00ecn 75\u00b0 FOV, gi\u00fap b\u1ea1n n\u1ed5i b\u1eadt trong m\u1ecdi cu\u1ed9c h\u1ecdp tr\u1ef1c tuy\u1ebfn. Thi\u1ebft b\u1ecb h\u1ed7 tr\u1ee3 l\u1ea5y n\u00e9t t\u1ef1 \u0111\u1ed9ng (Auto-Focus) \u0111\u1ec3 h\u00ecnh \u1ea3nh lu\u00f4n r\u00f5 n\u00e9t ngay c\u1ea3 khi b\u1ea1n di chuy\u1ec3n.\u00a0<\/span><\/p>\n<p data-start=\"840\" data-end=\"1121\"><span style=\"font-family: arial, helvetica, sans-serif;\">Trang b\u1ecb \u0111\u00e8n ring light, webcam gi\u00fap c\u00e2n b\u1eb1ng \u00e1nh s\u00e1ng, gi\u1eef cho khu\u00f4n m\u1eb7t lu\u00f4n s\u00e1ng r\u00f5. H\u1ec7 th\u1ed1ng g\u1ed3m hai micro kh\u1eed \u1ed3n (noise-canceling microphones) thu r\u00f5 \u00e2m thanh l\u00ean \u0111\u1ebfn ph\u1ea1m vi 3 m\u00e9t v\u1edbi kh\u1ea3 n\u0103ng l\u1ecdc ti\u1ebfng v\u1ecdng v\u00e0 t\u1ea1p \u00e2m hi\u1ec7u qu\u1ea3.\u00a0<\/span><\/p>\n<p data-start=\"1123\" data-end=\"1516\"><span style=\"font-family: arial, helvetica, sans-serif;\">Nearity CC100 kh\u00f4ng ch\u1ec9 d\u1ec5 c\u00e0i \u0111\u1eb7t \u2014 plug-and-play qua c\u1ed5ng USB-A \u2014 m\u00e0 c\u00f2n t\u00edch h\u1ee3p n\u00fat t\u1eaft\/m\u1edf camera v\u00e0 t\u1eaft micro ngay tr\u00ean th\u00e2n thi\u1ebft b\u1ecb \u0111\u1ec3 b\u1ea3o v\u1ec7 quy\u1ec1n ri\u00eang t\u01b0 khi c\u1ea7n. \u0110\u1ed3ng th\u1eddi, \u1ee9ng d\u1ee5ng NearSync cho ph\u00e9p b\u1ea1n tu\u1ef3 ch\u1ec9nh h\u00ecnh \u1ea3nh, n\u00e2ng c\u1ea5p firmware, v\u00e0 \u0111i\u1ec1u ch\u1ec9nh nhanh, t\u1ea1o n\u00ean tr\u1ea3i nghi\u1ec7m c\u00e1 nh\u00e2n h\u00f3a h\u01a1n.<\/span><\/p>\n<p data-start=\"1123\" data-end=\"1516\">\u00a0<\/p>\n<h2 data-start=\"1523\" data-end=\"1544\"><span style=\"font-family: arial, helvetica, sans-serif;\">T\u00ednh n\u0103ng n\u1ed5i b\u1eadt Nearity CC100<\/span><\/h2>\n<ul data-start=\"1546\" data-end=\"2428\">\n<li data-start=\"1546\" data-end=\"1660\">\n<p data-start=\"1548\" data-end=\"1660\"><span style=\"font-family: arial, helvetica, sans-serif;\">4MP ch\u1ea5t l\u01b0\u1ee3ng 2K QHD v\u1edbi g\u00f3c nh\u00ecn 75\u00b0 \u2013 h\u00ecnh \u1ea3nh r\u00f5 n\u00e9t, ch\u00e2n th\u1ef1c. <\/span><\/p>\n<\/li>\n<li data-start=\"1546\" data-end=\"1660\">\n<p data-start=\"1548\" data-end=\"1660\"><span style=\"font-family: arial, helvetica, sans-serif;\">T\u1ef1 \u0111\u1ed9ng l\u1ea5y n\u00e9t (Auto-Focus) \u2013 lu\u00f4n r\u00f5 n\u00e9t d\u00f9 b\u1ea1n di chuy\u1ec3n.\u00a0<\/span><\/p>\n<\/li>\n<li data-start=\"1768\" data-end=\"1898\">\n<p data-start=\"1770\" data-end=\"1898\"><span style=\"font-family: arial, helvetica, sans-serif;\">Hai micro kh\u1eed \u1ed3n \u2013 thu \u00e2m thanh s\u1ea1ch trong ph\u1ea1m vi \u0111\u1ebfn 3 m, lo\u1ea1i b\u1ecf t\u1ea1p \u00e2m hi\u1ec7u qu\u1ea3.<\/span><\/p>\n<\/li>\n<li data-start=\"1899\" data-end=\"2026\">\n<p data-start=\"1901\" data-end=\"2026\"><span style=\"font-family: arial, helvetica, sans-serif;\">\u0110\u00e8n ring light t\u00edch h\u1ee3p \u2013 c\u00e2n b\u1eb1ng \u00e1nh s\u00e1ng, n\u00e2ng t\u1ea7m chuy\u00ean nghi\u1ec7p cho h\u00ecnh \u1ea3nh.\u00a0<\/span><\/p>\n<\/li>\n<li data-start=\"2027\" data-end=\"2163\">\n<p data-start=\"2029\" data-end=\"2163\"><span style=\"font-family: arial, helvetica, sans-serif;\">Plug &amp; Play \u2013 \u201cShow or Close\u201d: B\u1eadt\/t\u1eaft camera ho\u1eb7c micro ch\u1ec9 v\u1edbi m\u1ed9t c\u00e1i nh\u1ea5n, d\u1ec5 s\u1eed d\u1ee5ng.\u00a0<\/span><\/p>\n<\/li>\n<li data-start=\"2164\" data-end=\"2275\">\n<p data-start=\"2166\" data-end=\"2275\"><span style=\"font-family: arial, helvetica, sans-serif;\">NearSync app: \u0110i\u1ec1u ch\u1ec9nh h\u00ecnh \u1ea3nh, c\u1eadp nh\u1eadt firmware nhanh ch\u00f3ng.\u00a0<\/span><\/p>\n<\/li>\n<li data-start=\"2276\" data-end=\"2428\">\n<p data-start=\"2278\" data-end=\"2428\"><span style=\"font-family: arial, helvetica, sans-serif;\">T\u01b0\u01a1ng th\u00edch r\u1ed9ng c\u00e1c n\u1ec1n t\u1ea3ng h\u1ed9i ngh\u1ecb nh\u01b0 Zoom, Teams, Skype,&#8230; ho\u1ea1t \u0111\u1ed9ng m\u01b0\u1ee3t tr\u00ean Windows\/Mac\/Linux.<\/span><\/p>\n<\/li>\n<\/ul>\n<p>&nbsp;<\/p>\n<h2><span style=\"font-family: arial, helvetica, sans-serif;\">Th\u00f4ng s\u1ed1 k\u1ef9 thu\u1eadt chi ti\u1ebft<\/span><\/h2>\n<table style=\"border-collapse: collapse; width: 100%;\">\n<tbody>\n<tr>\n<th style=\"width: 33.1412%; text-align: left;\"><span style=\"font-size: 13pt; color: #000000; font-family: arial, helvetica, sans-serif;\">M\u1ee5c<\/span><\/th>\n<th style=\"width: 66.7147%; text-align: left;\"><span style=\"font-size: 13pt; color: #000000; font-family: arial, helvetica, sans-serif;\">Th\u00f4ng s\u1ed1<\/span><\/th>\n<\/tr>\n<tr>\n<td style=\"width: 33.1412%;\"><span style=\"font-family: arial, helvetica, sans-serif;\"><strong>\u0110\u1ed9 ph\u00e2n gi\u1ea3i h\u00ecnh \u1ea3nh<\/strong><\/span><\/td>\n<td style=\"width: 66.7147%;\"><span style=\"font-family: arial, helvetica, sans-serif;\">4MP (2K\/QHD)\u00a0<\/span><\/td>\n<\/tr>\n<tr>\n<td style=\"width: 33.1412%;\"><span style=\"font-family: arial, helvetica, sans-serif;\"><strong>G\u00f3c nh\u00ecn (FOV)<\/strong><\/span><\/td>\n<td style=\"width: 66.7147%;\"><span style=\"font-family: arial, helvetica, sans-serif;\">75\u00b0<\/span><\/td>\n<\/tr>\n<tr>\n<td style=\"width: 33.1412%;\"><span style=\"font-family: arial, helvetica, sans-serif;\"><strong>T\u00ednh n\u0103ng l\u1ea5y n\u00e9t<\/strong><\/span><\/td>\n<td style=\"width: 66.7147%;\"><span style=\"font-family: arial, helvetica, sans-serif;\">T\u1ef1 \u0111\u1ed9ng (Auto-Focus)\u00a0<\/span><\/td>\n<\/tr>\n<tr>\n<td style=\"width: 33.1412%;\"><span style=\"font-family: arial, helvetica, sans-serif;\"><strong>\u0110\u00e8n Ring Light<\/strong><\/span><\/td>\n<td style=\"width: 66.7147%;\"><span style=\"font-family: arial, helvetica, sans-serif;\">C\u00f3 t\u00edch h\u1ee3p \u2013 c\u1ea3i thi\u1ec7n \u00e1nh s\u00e1ng khu\u00f4n h\u00ecnh\u00a0<\/span><\/td>\n<\/tr>\n<tr>\n<td style=\"width: 33.1412%;\"><span style=\"font-family: arial, helvetica, sans-serif;\"><strong>Micro<\/strong><\/span><\/td>\n<td style=\"width: 66.7147%;\"><span style=\"font-family: arial, helvetica, sans-serif;\">2 mic kh\u1eed \u1ed3n (noise-canceling), ph\u1ea1m vi thu ~3 m\u00a0<\/span><\/td>\n<\/tr>\n<tr>\n<td style=\"width: 33.1412%;\"><span style=\"font-family: arial, helvetica, sans-serif;\"><strong>Quy\u1ec1n ri\u00eang t\u01b0<\/strong><\/span><\/td>\n<td style=\"width: 66.7147%;\"><span style=\"font-family: arial, helvetica, sans-serif;\">N\u00fat nh\u1ea5n t\u1eaft camera\/micro tr\u00ean th\u00e2n thi\u1ebft b\u1ecb\u00a0<\/span><\/td>\n<\/tr>\n<tr>\n<td style=\"width: 33.1412%;\"><span style=\"font-family: arial, helvetica, sans-serif;\"><strong>T\u00ednh n\u0103ng ph\u1ea7n m\u1ec1m<\/strong><\/span><\/td>\n<td style=\"width: 66.7147%;\"><span style=\"font-family: arial, helvetica, sans-serif;\">NearSync desktop app h\u1ed7 tr\u1ee3 tu\u1ef3 ch\u1ec9nh &amp; c\u1eadp nh\u1eadt firmware\u00a0<\/span><\/td>\n<\/tr>\n<tr>\n<td style=\"width: 33.1412%;\"><span style=\"font-family: arial, helvetica, sans-serif;\"><strong>T\u00ednh n\u0103ng Plug &amp; Play<\/strong><\/span><\/td>\n<td style=\"width: 66.7147%;\"><span style=\"font-family: arial, helvetica, sans-serif;\">K\u1ebft n\u1ed1i d\u1ec5 d\u00e0ng qua USB-A, c\u1eafm l\u00e0 d\u00f9ng\u00a0<\/span><\/td>\n<\/tr>\n<tr>\n<td style=\"width: 33.1412%;\"><span style=\"font-family: arial, helvetica, sans-serif;\"><strong>T\u01b0\u01a1ng th\u00edch h\u1ec7 \u0111i\u1ec1u h\u00e0nh &amp; n\u1ec1n t\u1ea3ng<\/strong><\/span><\/td>\n<td style=\"width: 66.7147%;\"><span style=\"font-family: arial, helvetica, sans-serif;\">Windows, Mac, Linux; Zoom, Teams, Skype, OBS, v.v.\u00a0<\/span><\/td>\n<\/tr>\n<tr>\n<td style=\"width: 33.1412%;\"><span style=\"font-family: arial, helvetica, sans-serif;\"><strong>C\u00e1c t\u00f9y ch\u1ecdn g\u1eafn\/c\u00e0i \u0111\u1eb7t<\/strong><\/span><\/td>\n<td style=\"width: 66.7147%;\"><span style=\"font-family: arial, helvetica, sans-serif;\">G\u1eafn m\u00e0n h\u00ecnh, tripod ho\u1eb7c \u0111\u1eb7t b\u00e0n v\u1edbi xoay ngang\/ d\u1ecdc\u00a0<\/span><\/td>\n<\/tr>\n<tr>\n<td style=\"width: 33.1412%;\"><span style=\"font-family: arial, helvetica, sans-serif;\"><strong>Trong h\u1ed9p c\u00f3<\/strong><\/span><\/td>\n<td style=\"width: 66.7147%;\"><span style=\"font-family: arial, helvetica, sans-serif;\">Webcam CC100 \u00d71, H\u01b0\u1edbng d\u1eabn s\u1eed d\u1ee5ng \u00d71\u00a0<\/span><\/td>\n<\/tr>\n<\/tbody>\n<\/table>\n","protected":false},"excerpt":{"rendered":"<p><span style=\"font-family: arial, helvetica, sans-serif;\">Nearity CC100 Conference Room Webcam \u2013 Webcam 2K QHD 4MP, g\u00f3c nh\u00ecn 75\u00b0 FOV, Auto-Focus, t\u00edch h\u1ee3p ring light v\u00e0 2 micro kh\u1eed \u1ed3n ph\u1ea1m vi 3m. K\u1ebft n\u1ed1i USB-A plug-and-play, n\u00fat b\u1eadt\/t\u1eaft camera &amp; micro b\u1ea3o m\u1eadt, h\u1ed7 tr\u1ee3 NearSync t\u00f9y ch\u1ec9nh v\u00e0 n\u00e2ng c\u1ea5p d\u1ec5 d\u00e0ng.<\/span><\/p>\n","protected":false},"featured_media":1954,"comment_status":"open","ping_status":"closed","template":"","meta":{"_acf_changed":false},"product_cat":[62],"product_tag":[84,188,187],"class_list":{"0":"post-1953","1":"product","2":"type-product","3":"status-publish","4":"has-post-thumbnail","6":"product_cat-webcam","7":"product_tag-camera-hoi-nghi","8":"product_tag-conference-room-webcam","9":"product_tag-nearity-cc100","11":"first","12":"instock","13":"shipping-taxable","14":"product-type-simple"},"acf":[],"yoast_head":"<!-- This site is optimized with the Yoast SEO plugin v24.6 - https:\/\/yoast.com\/wordpress\/plugins\/seo\/ -->\n<title>Nearity CC100 \u2013 Webcam h\u1ed9i ngh\u1ecb 2K, t\u1ef1 \u0111\u1ed9ng l\u1ea5y n\u00e9t, mic kh\u1eed \u1ed3n - Nearity<\/title>\n<meta name=\"description\" content=\"Nearity CC100 \u2013 Webcam h\u1ed9i ngh\u1ecb 2K v\u1edbi ch\u1ebf \u0111\u1ed9 t\u1ef1 \u0111\u1ed9ng l\u1ea5y n\u00e9t, mic kh\u1eed \u1ed3n k\u00e9p, \u0111\u00e8n ring, t\u01b0\u01a1ng th\u00edch Zoom\/Webex, c\u1eafm l\u00e0 d\u00f9ng.\" \/>\n<meta name=\"robots\" content=\"index, follow, max-snippet:-1, max-image-preview:large, max-video-preview:-1\" \/>\n<link rel=\"canonical\" href=\"https:\/\/visionteco.com\/en\/product\/nearity-cc100-webcam-hoi-nghi-2k-tu-dong-lay-net-mic-khu-on\/\" \/>\n<meta property=\"og:locale\" content=\"en_US\" \/>\n<meta property=\"og:type\" content=\"article\" \/>\n<meta property=\"og:title\" content=\"Nearity CC100 \u2013 Webcam h\u1ed9i ngh\u1ecb 2K, t\u1ef1 \u0111\u1ed9ng l\u1ea5y n\u00e9t, mic kh\u1eed \u1ed3n - Nearity\" \/>\n<meta property=\"og:description\" content=\"Nearity CC100 \u2013 Webcam h\u1ed9i ngh\u1ecb 2K v\u1edbi ch\u1ebf \u0111\u1ed9 t\u1ef1 \u0111\u1ed9ng l\u1ea5y n\u00e9t, mic kh\u1eed \u1ed3n k\u00e9p, \u0111\u00e8n ring, t\u01b0\u01a1ng th\u00edch Zoom\/Webex, c\u1eafm l\u00e0 d\u00f9ng.\" \/>\n<meta property=\"og:url\" content=\"https:\/\/visionteco.com\/en\/product\/nearity-cc100-webcam-hoi-nghi-2k-tu-dong-lay-net-mic-khu-on\/\" \/>\n<meta property=\"og:site_name\" content=\"Nearity\" \/>\n<meta property=\"article:modified_time\" content=\"2025-08-29T04:20:52+00:00\" \/>\n<meta property=\"og:image\" content=\"https:\/\/visionteco.com\/wp-content\/uploads\/2025\/08\/splide1.webp\" \/>\n\t<meta property=\"og:image:width\" content=\"700\" \/>\n\t<meta property=\"og:image:height\" content=\"700\" \/>\n\t<meta property=\"og:image:type\" content=\"image\/webp\" \/>\n<meta name=\"twitter:card\" content=\"summary_large_image\" \/>\n<meta name=\"twitter:label1\" content=\"Est. reading time\" \/>\n\t<meta name=\"twitter:data1\" content=\"3 minutes\" \/>\n<script type=\"application\/ld+json\" class=\"yoast-schema-graph\">{\"@context\":\"https:\/\/schema.org\",\"@graph\":[{\"@type\":\"WebPage\",\"@id\":\"https:\/\/visionteco.com\/en\/product\/nearity-cc100-webcam-hoi-nghi-2k-tu-dong-lay-net-mic-khu-on\/\",\"url\":\"https:\/\/visionteco.com\/en\/product\/nearity-cc100-webcam-hoi-nghi-2k-tu-dong-lay-net-mic-khu-on\/\",\"name\":\"Nearity CC100 \u2013 Webcam h\u1ed9i ngh\u1ecb 2K, t\u1ef1 \u0111\u1ed9ng l\u1ea5y n\u00e9t, mic kh\u1eed \u1ed3n - Nearity\",\"isPartOf\":{\"@id\":\"https:\/\/visionteco.com\/en\/#website\"},\"primaryImageOfPage\":{\"@id\":\"https:\/\/visionteco.com\/en\/product\/nearity-cc100-webcam-hoi-nghi-2k-tu-dong-lay-net-mic-khu-on\/#primaryimage\"},\"image\":{\"@id\":\"https:\/\/visionteco.com\/en\/product\/nearity-cc100-webcam-hoi-nghi-2k-tu-dong-lay-net-mic-khu-on\/#primaryimage\"},\"thumbnailUrl\":\"https:\/\/visionteco.com\/wp-content\/uploads\/2025\/08\/splide1.webp\",\"datePublished\":\"2025-08-29T04:18:37+00:00\",\"dateModified\":\"2025-08-29T04:20:52+00:00\",\"description\":\"Nearity CC100 \u2013 Webcam h\u1ed9i ngh\u1ecb 2K v\u1edbi ch\u1ebf \u0111\u1ed9 t\u1ef1 \u0111\u1ed9ng l\u1ea5y n\u00e9t, mic kh\u1eed \u1ed3n k\u00e9p, \u0111\u00e8n ring, t\u01b0\u01a1ng th\u00edch Zoom\/Webex, c\u1eafm l\u00e0 d\u00f9ng.\",\"breadcrumb\":{\"@id\":\"https:\/\/visionteco.com\/en\/product\/nearity-cc100-webcam-hoi-nghi-2k-tu-dong-lay-net-mic-khu-on\/#breadcrumb\"},\"inLanguage\":\"en-US\",\"potentialAction\":[{\"@type\":\"ReadAction\",\"target\":[\"https:\/\/visionteco.com\/en\/product\/nearity-cc100-webcam-hoi-nghi-2k-tu-dong-lay-net-mic-khu-on\/\"]}]},{\"@type\":\"ImageObject\",\"inLanguage\":\"en-US\",\"@id\":\"https:\/\/visionteco.com\/en\/product\/nearity-cc100-webcam-hoi-nghi-2k-tu-dong-lay-net-mic-khu-on\/#primaryimage\",\"url\":\"https:\/\/visionteco.com\/wp-content\/uploads\/2025\/08\/splide1.webp\",\"contentUrl\":\"https:\/\/visionteco.com\/wp-content\/uploads\/2025\/08\/splide1.webp\",\"width\":700,\"height\":700,\"caption\":\"Nearity CC100 Conference Room Webcam\"},{\"@type\":\"BreadcrumbList\",\"@id\":\"https:\/\/visionteco.com\/en\/product\/nearity-cc100-webcam-hoi-nghi-2k-tu-dong-lay-net-mic-khu-on\/#breadcrumb\",\"itemListElement\":[{\"@type\":\"ListItem\",\"position\":1,\"name\":\"Trang ch\u1ee7\",\"item\":\"https:\/\/visionteco.com\/en\/\"},{\"@type\":\"ListItem\",\"position\":2,\"name\":\"Shop\",\"item\":\"https:\/\/visionteco.com\/en\/shop\/\"},{\"@type\":\"ListItem\",\"position\":3,\"name\":\"Nearity CC100 \u2013 Webcam h\u1ed9i ngh\u1ecb 2K, t\u1ef1 \u0111\u1ed9ng l\u1ea5y n\u00e9t, mic kh\u1eed \u1ed3n\"}]},{\"@type\":\"WebSite\",\"@id\":\"https:\/\/visionteco.com\/en\/#website\",\"url\":\"https:\/\/visionteco.com\/en\/\",\"name\":\"Nearity\",\"description\":\"\",\"potentialAction\":[{\"@type\":\"SearchAction\",\"target\":{\"@type\":\"EntryPoint\",\"urlTemplate\":\"https:\/\/visionteco.com\/en\/?s={search_term_string}\"},\"query-input\":{\"@type\":\"PropertyValueSpecification\",\"valueRequired\":true,\"valueName\":\"search_term_string\"}}],\"inLanguage\":\"en-US\"}]}<\/script>\n<!-- \/ Yoast SEO plugin. -->","yoast_head_json":{"title":"Nearity CC100 \u2013 Webcam h\u1ed9i ngh\u1ecb 2K, t\u1ef1 \u0111\u1ed9ng l\u1ea5y n\u00e9t, mic kh\u1eed \u1ed3n - Nearity","description":"Nearity CC100 \u2013 Webcam h\u1ed9i ngh\u1ecb 2K v\u1edbi ch\u1ebf \u0111\u1ed9 t\u1ef1 \u0111\u1ed9ng l\u1ea5y n\u00e9t, mic kh\u1eed \u1ed3n k\u00e9p, \u0111\u00e8n ring, t\u01b0\u01a1ng th\u00edch Zoom\/Webex, c\u1eafm l\u00e0 d\u00f9ng.","robots":{"index":"index","follow":"follow","max-snippet":"max-snippet:-1","max-image-preview":"max-image-preview:large","max-video-preview":"max-video-preview:-1"},"canonical":"https:\/\/visionteco.com\/en\/product\/nearity-cc100-webcam-hoi-nghi-2k-tu-dong-lay-net-mic-khu-on\/","og_locale":"en_US","og_type":"article","og_title":"Nearity CC100 \u2013 Webcam h\u1ed9i ngh\u1ecb 2K, t\u1ef1 \u0111\u1ed9ng l\u1ea5y n\u00e9t, mic kh\u1eed \u1ed3n - Nearity","og_description":"Nearity CC100 \u2013 Webcam h\u1ed9i ngh\u1ecb 2K v\u1edbi ch\u1ebf \u0111\u1ed9 t\u1ef1 \u0111\u1ed9ng l\u1ea5y n\u00e9t, mic kh\u1eed \u1ed3n k\u00e9p, \u0111\u00e8n ring, t\u01b0\u01a1ng th\u00edch Zoom\/Webex, c\u1eafm l\u00e0 d\u00f9ng.","og_url":"https:\/\/visionteco.com\/en\/product\/nearity-cc100-webcam-hoi-nghi-2k-tu-dong-lay-net-mic-khu-on\/","og_site_name":"Nearity","article_modified_time":"2025-08-29T04:20:52+00:00","og_image":[{"width":700,"height":700,"url":"https:\/\/visionteco.com\/wp-content\/uploads\/2025\/08\/splide1.webp","type":"image\/webp"}],"twitter_card":"summary_large_image","twitter_misc":{"Est. reading time":"3 minutes"},"schema":{"@context":"https:\/\/schema.org","@graph":[{"@type":"WebPage","@id":"https:\/\/visionteco.com\/en\/product\/nearity-cc100-webcam-hoi-nghi-2k-tu-dong-lay-net-mic-khu-on\/","url":"https:\/\/visionteco.com\/en\/product\/nearity-cc100-webcam-hoi-nghi-2k-tu-dong-lay-net-mic-khu-on\/","name":"Nearity CC100 \u2013 Webcam h\u1ed9i ngh\u1ecb 2K, t\u1ef1 \u0111\u1ed9ng l\u1ea5y n\u00e9t, mic kh\u1eed \u1ed3n - Nearity","isPartOf":{"@id":"https:\/\/visionteco.com\/en\/#website"},"primaryImageOfPage":{"@id":"https:\/\/visionteco.com\/en\/product\/nearity-cc100-webcam-hoi-nghi-2k-tu-dong-lay-net-mic-khu-on\/#primaryimage"},"image":{"@id":"https:\/\/visionteco.com\/en\/product\/nearity-cc100-webcam-hoi-nghi-2k-tu-dong-lay-net-mic-khu-on\/#primaryimage"},"thumbnailUrl":"https:\/\/visionteco.com\/wp-content\/uploads\/2025\/08\/splide1.webp","datePublished":"2025-08-29T04:18:37+00:00","dateModified":"2025-08-29T04:20:52+00:00","description":"Nearity CC100 \u2013 Webcam h\u1ed9i ngh\u1ecb 2K v\u1edbi ch\u1ebf \u0111\u1ed9 t\u1ef1 \u0111\u1ed9ng l\u1ea5y n\u00e9t, mic kh\u1eed \u1ed3n k\u00e9p, \u0111\u00e8n ring, t\u01b0\u01a1ng th\u00edch Zoom\/Webex, c\u1eafm l\u00e0 d\u00f9ng.","breadcrumb":{"@id":"https:\/\/visionteco.com\/en\/product\/nearity-cc100-webcam-hoi-nghi-2k-tu-dong-lay-net-mic-khu-on\/#breadcrumb"},"inLanguage":"en-US","potentialAction":[{"@type":"ReadAction","target":["https:\/\/visionteco.com\/en\/product\/nearity-cc100-webcam-hoi-nghi-2k-tu-dong-lay-net-mic-khu-on\/"]}]},{"@type":"ImageObject","inLanguage":"en-US","@id":"https:\/\/visionteco.com\/en\/product\/nearity-cc100-webcam-hoi-nghi-2k-tu-dong-lay-net-mic-khu-on\/#primaryimage","url":"https:\/\/visionteco.com\/wp-content\/uploads\/2025\/08\/splide1.webp","contentUrl":"https:\/\/visionteco.com\/wp-content\/uploads\/2025\/08\/splide1.webp","width":700,"height":700,"caption":"Nearity CC100 Conference Room Webcam"},{"@type":"BreadcrumbList","@id":"https:\/\/visionteco.com\/en\/product\/nearity-cc100-webcam-hoi-nghi-2k-tu-dong-lay-net-mic-khu-on\/#breadcrumb","itemListElement":[{"@type":"ListItem","position":1,"name":"Trang ch\u1ee7","item":"https:\/\/visionteco.com\/en\/"},{"@type":"ListItem","position":2,"name":"Shop","item":"https:\/\/visionteco.com\/en\/shop\/"},{"@type":"ListItem","position":3,"name":"Nearity CC100 \u2013 Webcam h\u1ed9i ngh\u1ecb 2K, t\u1ef1 \u0111\u1ed9ng l\u1ea5y n\u00e9t, mic kh\u1eed \u1ed3n"}]},{"@type":"WebSite","@id":"https:\/\/visionteco.com\/en\/#website","url":"https:\/\/visionteco.com\/en\/","name":"Nearity","description":"","potentialAction":[{"@type":"SearchAction","target":{"@type":"EntryPoint","urlTemplate":"https:\/\/visionteco.com\/en\/?s={search_term_string}"},"query-input":{"@type":"PropertyValueSpecification","valueRequired":true,"valueName":"search_term_string"}}],"inLanguage":"en-US"}]}},"_links":{"self":[{"href":"https:\/\/visionteco.com\/en\/wp-json\/wp\/v2\/product\/1953","targetHints":{"allow":["GET"]}}],"collection":[{"href":"https:\/\/visionteco.com\/en\/wp-json\/wp\/v2\/product"}],"about":[{"href":"https:\/\/visionteco.com\/en\/wp-json\/wp\/v2\/types\/product"}],"replies":[{"embeddable":true,"href":"https:\/\/visionteco.com\/en\/wp-json\/wp\/v2\/comments?post=1953"}],"wp:featuredmedia":[{"embeddable":true,"href":"https:\/\/visionteco.com\/en\/wp-json\/wp\/v2\/media\/1954"}],"wp:attachment":[{"href":"https:\/\/visionteco.com\/en\/wp-json\/wp\/v2\/media?parent=1953"}],"wp:term":[{"taxonomy":"product_cat","embeddable":true,"href":"https:\/\/visionteco.com\/en\/wp-json\/wp\/v2\/product_cat?post=1953"},{"taxonomy":"product_tag","embeddable":true,"href":"https:\/\/visionteco.com\/en\/wp-json\/wp\/v2\/product_tag?post=1953"}],"curies":[{"name":"wp","href":"https:\/\/api.w.org\/{rel}","templated":true}]}}