{"id":1940,"date":"2025-08-29T04:02:59","date_gmt":"2025-08-29T04:02:59","guid":{"rendered":"https:\/\/visionteco.com\/?post_type=product&#038;p=1940"},"modified":"2025-08-29T04:02:59","modified_gmt":"2025-08-29T04:02:59","slug":"nearity-mempod-pro-2s-tai-nghe-open-ear-ai-mic-xoay-210","status":"publish","type":"product","link":"https:\/\/visionteco.com\/en\/product\/nearity-mempod-pro-2s-tai-nghe-open-ear-ai-mic-xoay-210\/","title":{"rendered":"Nearity MemPod Pro 2S \u2013 Tai nghe open-ear AI, mic xoay 210\u00b0"},"content":{"rendered":"<p data-start=\"532\" data-end=\"839\"><span style=\"font-family: arial, helvetica, sans-serif;\">Nearity MemPod Pro 2S l\u00e0 tai nghe open-ear chuy\u00ean d\u1ee5ng cho v\u0103n ph\u00f2ng, call center ho\u1eb7c h\u1ecdc tr\u1ef1c tuy\u1ebfn. Thi\u1ebft b\u1ecb n\u1ed5i b\u1eadt v\u1edbi micro array to\u00e0n h\u01b0\u1edbng s\u1eed d\u1ee5ng c\u00f4ng ngh\u1ec7 AI-Powered ENC k\u1ebft h\u1ee3p b\u1ed9 x\u1eed l\u00fd HiFi-4 DSP, gi\u00fap l\u1ecdc ti\u1ebfng \u1ed3n t\u1ed1i \u01b0u, cho gi\u1ecdng n\u00f3i lu\u00f4n trong tr\u1ebbo v\u00e0 r\u00f5 r\u00e0ng<\/span><\/p>\n<p data-start=\"841\" data-end=\"1187\"><span style=\"font-family: arial, helvetica, sans-serif;\">K\u1ebft n\u1ed1i linh ho\u1ea1t qua Bluetooth \u0111a \u0111i\u1ec3m, cho ph\u00e9p gh\u00e9p n\u1ed1i c\u00f9ng l\u00fac v\u1edbi nhi\u1ec1u thi\u1ebft b\u1ecb v\u00e0 chuy\u1ec3n \u0111\u1ed5i m\u01b0\u1ee3t m\u00e0 gi\u1eefa ch\u00fang. Th\u1eddi l\u01b0\u1ee3ng pin \u201ctr\u00e2u\u201d\u2014l\u00ean \u0111\u1ebfn 15 gi\u1edd \u0111\u00e0m tho\u1ea1i tr\u00ean m\u1ed9t l\u1ea7n s\u1ea1c. Ngo\u00e0i ra, mic boom xoay 210\u00b0 gi\u00fap b\u1ea1n \u0111i\u1ec1u ch\u1ec9nh h\u01b0\u1edbng mic d\u1ec5 d\u00e0ng \u0111\u1ec3 ph\u00f9 h\u1ee3p t\u01b0 th\u1ebf ho\u1eb7c m\u00f4i tr\u01b0\u1eddng l\u00e0m vi\u1ec7c.<\/span><\/p>\n<p data-start=\"1189\" data-end=\"1503\"><span style=\"font-family: arial, helvetica, sans-serif;\">Tai nghe s\u1edf h\u1eefu thi\u1ebft k\u1ebf open-ear, nh\u1eb9 ch\u1ec9 31 g, v\u1edbi ch\u1ea5t li\u1ec7u silicon m\u1ec1m m\u1ea1i v\u00e0 \u0111eo \u0111\u1ea7u d\u1ea1ng headband r\u1ea5t tho\u1ea3i m\u00e1i, ph\u00f9 h\u1ee3p s\u1eed d\u1ee5ng k\u00e9o d\u00e0i m\u00e0 kh\u00f4ng g\u00e2y m\u1ecfi. Thi\u1ebft k\u1ebf n\u00e0y gi\u00fap b\u1ea1n v\u1eabn nh\u1eadn bi\u1ebft m\u00f4i tr\u01b0\u1eddng xung quanh, gi\u1ea3m nguy c\u01a1 va ch\u1ea1m ho\u1eb7c b\u1ecf l\u1ee1 m\u00f4i tr\u01b0\u1eddng c\u1ea3nh b\u00e1o.<\/span><\/p>\n<p data-start=\"1505\" data-end=\"1744\"><span style=\"font-family: arial, helvetica, sans-serif;\">Nearity MemPod Pro 2S c\u0169ng h\u1ed7 tr\u1ee3 \u0111\u1ea7u ra \u00e2m thanh c\u00f3 c\u1ea5u tr\u00fac \u0111\u1ecbnh h\u01b0\u1edbng (directional sound), gi\u00fap gi\u1ea3m r\u00f2 r\u1ec9 \u00e2m thanh, t\u0103ng t\u00ednh ri\u00eang t\u01b0 trong c\u00e1c t\u00ecnh hu\u1ed1ng c\u1ea7n t\u1eadp trung. Control th\u00e2n thi\u1ec7n v\u1edbi n\u00fat b\u1ea5m tr\u1ef1c quan, t\u1ed1i \u01b0u tr\u1ea3i nghi\u1ec7m ng\u01b0\u1eddi d\u00f9ng.<\/span><\/p>\n<p data-start=\"1505\" data-end=\"1744\">\u00a0<\/p>\n<h2 data-start=\"1751\" data-end=\"1772\"><span style=\"font-family: arial, helvetica, sans-serif;\">T\u00ednh n\u0103ng n\u1ed5i b\u1eadt Nearity MemPod Pro 2S<\/span><\/h2>\n<ul data-start=\"1774\" data-end=\"2472\">\n<li data-start=\"1774\" data-end=\"1887\">\n<p data-start=\"1776\" data-end=\"1887\"><span style=\"font-family: arial, helvetica, sans-serif;\">Micro to\u00e0n h\u01b0\u1edbng AI-Powered ENC + HiFi-4 DSP \u2014 Kh\u1eed ti\u1ebfng \u1ed3n hi\u1ec7u qu\u1ea3, \u00e2m thanh r\u00f5 n\u00e9t.<\/span><\/p>\n<\/li>\n<li data-start=\"1888\" data-end=\"1981\">\n<p data-start=\"1890\" data-end=\"1981\"><span style=\"font-family: arial, helvetica, sans-serif;\">Bluetooth \u0111a \u0111i\u1ec3m \u2014 Gh\u00e9p n\u1ed1i nhi\u1ec1u thi\u1ebft b\u1ecb, chuy\u1ec3n \u0111\u1ed5i linh ho\u1ea1t.<\/span><\/p>\n<\/li>\n<li data-start=\"1982\" data-end=\"2067\">\n<p data-start=\"1984\" data-end=\"2067\"><span style=\"font-family: arial, helvetica, sans-serif;\">Mic xoay 210\u00b0 \u2014 T\u00f9y ch\u1ec9nh h\u01b0\u1edbng mic ti\u1ec7n l\u1ee3i theo nhu c\u1ea7u.<\/span><\/p>\n<\/li>\n<li data-start=\"2068\" data-end=\"2165\">\n<p data-start=\"2070\" data-end=\"2165\"><span style=\"font-family: arial, helvetica, sans-serif;\">Th\u1eddi l\u01b0\u1ee3ng pin d\u00e0i \u2014 \u0110\u00e0m tho\u1ea1i l\u00ean \u0111\u1ebfn 15 gi\u1edd ch\u1ec9 trong 1 l\u1ea7n s\u1ea1c.<\/span><\/p>\n<\/li>\n<li data-start=\"2166\" data-end=\"2297\">\n<p data-start=\"2168\" data-end=\"2297\"><span style=\"font-family: arial, helvetica, sans-serif;\">Thi\u1ebft k\u1ebf open-ear &amp; headband nh\u1eb9 \u2014 Tho\u1ea3i m\u00e1i c\u1ea3 ng\u00e0y v\u00e0 gi\u1eef t\u01b0\u01a1ng t\u00e1c v\u1edbi m\u00f4i tr\u01b0\u1eddng.<\/span><\/p>\n<\/li>\n<li data-start=\"2298\" data-end=\"2389\">\n<p data-start=\"2300\" data-end=\"2389\"><span style=\"font-family: arial, helvetica, sans-serif;\">\u00c2m thanh \u0111\u1ecbnh h\u01b0\u1edbng, \u00edt r\u00f2 r\u1ec9 \u2014 B\u1ea3o v\u1ec7 s\u1ef1 ri\u00eang t\u01b0 khi s\u1eed d\u1ee5ng trong kh\u00f4ng gian m\u1edf.<\/span><\/p>\n<\/li>\n<li data-start=\"2390\" data-end=\"2472\">\n<p data-start=\"2392\" data-end=\"2472\"><span style=\"font-family: arial, helvetica, sans-serif;\">N\u00fat \u0111i\u1ec1u khi\u1ec3n tr\u1ef1c quan \u2014 G\u1ecdn nh\u1eb9, thao t\u00e1c nhanh ch\u00f3ng khi c\u1ea7n \u0111i\u1ec1u ch\u1ec9nh.<\/span><\/p>\n<\/li>\n<\/ul>\n<p>&nbsp;<\/p>\n<h2><span style=\"font-family: arial, helvetica, sans-serif;\">Th\u00f4ng s\u1ed1 k\u1ef9 thu\u1eadt chi ti\u1ebft<\/span><\/h2>\n<table style=\"border-collapse: collapse; width: 100%;\">\n<tbody>\n<tr>\n<th style=\"width: 24.7839%; text-align: left;\"><span style=\"font-size: 13pt; color: #000000; font-family: arial, helvetica, sans-serif;\">Ti\u00eau ch\u00ed<\/span><\/th>\n<th style=\"width: 75.072%; text-align: left;\"><span style=\"font-size: 13pt; color: #000000; font-family: arial, helvetica, sans-serif;\">Chi ti\u1ebft<\/span><\/th>\n<\/tr>\n<tr>\n<td style=\"width: 24.7839%;\"><span style=\"font-family: arial, helvetica, sans-serif;\"><strong>Ki\u1ec3u thi\u1ebft k\u1ebf<\/strong><\/span><\/td>\n<td style=\"width: 75.072%;\"><span style=\"font-family: arial, helvetica, sans-serif;\">Open-ear, headband<\/span><\/td>\n<\/tr>\n<tr>\n<td style=\"width: 24.7839%;\"><span style=\"font-family: arial, helvetica, sans-serif;\"><strong>Micro &amp; DSP<\/strong><\/span><\/td>\n<td style=\"width: 75.072%;\"><span style=\"font-family: arial, helvetica, sans-serif;\">AI-Powered ENC omnidirectional mic array + HiFi-4 DSP (<a href=\"https:\/\/chatgpt.com\/c\/68abdd5b-0538-832f-8022-49705950dc13#\">turn0search0<\/a>)<\/span><\/td>\n<\/tr>\n<tr>\n<td style=\"width: 24.7839%;\"><span style=\"font-family: arial, helvetica, sans-serif;\"><strong>Bluetooth<\/strong><\/span><\/td>\n<td style=\"width: 75.072%;\"><span style=\"font-family: arial, helvetica, sans-serif;\">Multi-point, phi\u00ean b\u1ea3n m\u1edbi (5.x) (<a href=\"https:\/\/chatgpt.com\/c\/68abdd5b-0538-832f-8022-49705950dc13#\">turn0search0<\/a>)<\/span><\/td>\n<\/tr>\n<tr>\n<td style=\"width: 24.7839%;\"><span style=\"font-family: arial, helvetica, sans-serif;\"><strong>Mic xoay<\/strong><\/span><\/td>\n<td style=\"width: 75.072%;\"><span style=\"font-family: arial, helvetica, sans-serif;\">210\u00b0<\/span><\/td>\n<\/tr>\n<tr>\n<td style=\"width: 24.7839%;\"><span style=\"font-family: arial, helvetica, sans-serif;\"><strong>Th\u1eddi l\u01b0\u1ee3ng pin<\/strong><\/span><\/td>\n<td style=\"width: 75.072%;\"><span style=\"font-family: arial, helvetica, sans-serif;\">T\u01b0\u01a1ng \u0111\u00e0m tho\u1ea1i l\u00ean \u0111\u1ebfn 15 gi\u1edd (<a href=\"https:\/\/chatgpt.com\/c\/68abdd5b-0538-832f-8022-49705950dc13#\">turn1search2<\/a>)<\/span><\/td>\n<\/tr>\n<tr>\n<td style=\"width: 24.7839%;\"><span style=\"font-family: arial, helvetica, sans-serif;\"><strong>Tr\u1ecdng l\u01b0\u1ee3ng<\/strong><\/span><\/td>\n<td style=\"width: 75.072%;\"><span style=\"font-family: arial, helvetica, sans-serif;\">~31 gram (<a href=\"https:\/\/chatgpt.com\/c\/68abdd5b-0538-832f-8022-49705950dc13#\">turn1search0<\/a>)<\/span><\/td>\n<\/tr>\n<tr>\n<td style=\"width: 24.7839%;\"><span style=\"font-family: arial, helvetica, sans-serif;\"><strong>\u00c2m thanh \u0111\u00f3ng k\u00edn<\/strong><\/span><\/td>\n<td style=\"width: 75.072%;\"><span style=\"font-family: arial, helvetica, sans-serif;\">C\u00f3, t\u1ed1i thi\u1ec3u r\u00f2 r\u1ec9 \u00e2m thanh<\/span><\/td>\n<\/tr>\n<tr>\n<td style=\"width: 24.7839%;\"><span style=\"font-family: arial, helvetica, sans-serif;\"><strong>Ch\u1ea5t li\u1ec7u<\/strong><\/span><\/td>\n<td style=\"width: 75.072%;\"><span style=\"font-family: arial, helvetica, sans-serif;\">Silicone m\u1ec1m, thi\u1ebft k\u1ebf ergonomic<\/span><\/td>\n<\/tr>\n<tr>\n<td style=\"width: 24.7839%;\"><span style=\"font-family: arial, helvetica, sans-serif;\"><strong>K\u1ebft n\u1ed1i &amp; \u0111i\u1ec1u khi\u1ec3n<\/strong><\/span><\/td>\n<td style=\"width: 75.072%;\"><span style=\"font-family: arial, helvetica, sans-serif;\">N\u00fat b\u1ea5m tr\u1ef1c quan<\/span><\/td>\n<\/tr>\n<tr>\n<td style=\"width: 24.7839%;\"><span style=\"font-family: arial, helvetica, sans-serif;\"><strong>T\u01b0\u01a1ng th\u00edch n\u1ec1n t\u1ea3ng<\/strong><\/span><\/td>\n<td style=\"width: 75.072%;\"><span style=\"font-family: arial, helvetica, sans-serif;\">iOS, Android, Windows, macOS (Bluetooth)<\/span><\/td>\n<\/tr>\n<\/tbody>\n<\/table>\n","protected":false},"excerpt":{"rendered":"<p><span style=\"font-family: arial, helvetica, sans-serif;\">Nearity MemPod Pro 2S \u2013 Tai nghe open-ear cho v\u0103n ph\u00f2ng, call center v\u00e0 h\u1ecdc tr\u1ef1c tuy\u1ebfn. Trang b\u1ecb micro AI ENC + HiFi-4 DSP, l\u1ecdc \u1ed3n t\u1ed1i \u01b0u, gi\u1ecdng n\u00f3i r\u00f5 r\u00e0ng. Bluetooth \u0111a \u0111i\u1ec3m, pin 15h, mic boom xoay 210\u00b0, thi\u1ebft k\u1ebf nh\u1eb9 31 g tho\u1ea3i m\u00e1i, \u00e2m thanh \u0111\u1ecbnh h\u01b0\u1edbng gi\u1ea3m r\u00f2 r\u1ec9, \u0111i\u1ec1u khi\u1ec3n tr\u1ef1c quan.<\/span><\/p>\n","protected":false},"featured_media":1947,"comment_status":"open","ping_status":"closed","template":"","meta":{"_acf_changed":false},"product_cat":[65],"product_tag":[184,183,186,185],"class_list":{"0":"post-1940","1":"product","2":"type-product","3":"status-publish","4":"has-post-thumbnail","6":"product_cat-headsets","7":"product_tag-headset","8":"product_tag-nearity-mempod-pro-2s","9":"product_tag-office-headset","10":"product_tag-tai-nghe-cong-so","12":"first","13":"instock","14":"shipping-taxable","15":"product-type-simple"},"acf":[],"yoast_head":"<!-- This site is optimized with the Yoast SEO plugin v24.6 - https:\/\/yoast.com\/wordpress\/plugins\/seo\/ -->\n<title>Nearity MemPod Pro 2S \u2013 Tai nghe open-ear AI, mic xoay 210\u00b0 - Nearity<\/title>\n<meta name=\"description\" content=\"Nearity MemPod Pro 2S \u2013 Open-ear si\u00eau nh\u1eb9 (31 g), mic xoay 210\u00b0, kh\u1eed \u1ed3n AI, Bluetooth \u0111a \u0111i\u1ec3m, \u0111\u00e0m tho\u1ea1i 15 h, thi\u1ebft k\u1ebf tho\u1ea3i m\u00e1i, ti\u1ec7n c\u00f4ng vi\u1ec7c.\" \/>\n<meta name=\"robots\" content=\"index, follow, max-snippet:-1, max-image-preview:large, max-video-preview:-1\" \/>\n<link rel=\"canonical\" href=\"https:\/\/visionteco.com\/en\/product\/nearity-mempod-pro-2s-tai-nghe-open-ear-ai-mic-xoay-210\/\" \/>\n<meta property=\"og:locale\" content=\"en_US\" \/>\n<meta property=\"og:type\" content=\"article\" \/>\n<meta property=\"og:title\" content=\"Nearity MemPod Pro 2S \u2013 Tai nghe open-ear AI, mic xoay 210\u00b0 - Nearity\" \/>\n<meta property=\"og:description\" content=\"Nearity MemPod Pro 2S \u2013 Open-ear si\u00eau nh\u1eb9 (31 g), mic xoay 210\u00b0, kh\u1eed \u1ed3n AI, Bluetooth \u0111a \u0111i\u1ec3m, \u0111\u00e0m tho\u1ea1i 15 h, thi\u1ebft k\u1ebf tho\u1ea3i m\u00e1i, ti\u1ec7n c\u00f4ng vi\u1ec7c.\" \/>\n<meta property=\"og:url\" content=\"https:\/\/visionteco.com\/en\/product\/nearity-mempod-pro-2s-tai-nghe-open-ear-ai-mic-xoay-210\/\" \/>\n<meta property=\"og:site_name\" content=\"Nearity\" \/>\n<meta property=\"og:image\" content=\"https:\/\/visionteco.com\/wp-content\/uploads\/2025\/08\/mempod-pro-2s.webp\" \/>\n\t<meta property=\"og:image:width\" content=\"1000\" \/>\n\t<meta property=\"og:image:height\" content=\"1000\" \/>\n\t<meta property=\"og:image:type\" content=\"image\/webp\" \/>\n<meta name=\"twitter:card\" content=\"summary_large_image\" \/>\n<meta name=\"twitter:label1\" content=\"Est. reading time\" \/>\n\t<meta name=\"twitter:data1\" content=\"3 minutes\" \/>\n<script type=\"application\/ld+json\" class=\"yoast-schema-graph\">{\"@context\":\"https:\/\/schema.org\",\"@graph\":[{\"@type\":\"WebPage\",\"@id\":\"https:\/\/visionteco.com\/en\/product\/nearity-mempod-pro-2s-tai-nghe-open-ear-ai-mic-xoay-210\/\",\"url\":\"https:\/\/visionteco.com\/en\/product\/nearity-mempod-pro-2s-tai-nghe-open-ear-ai-mic-xoay-210\/\",\"name\":\"Nearity MemPod Pro 2S \u2013 Tai nghe open-ear AI, mic xoay 210\u00b0 - Nearity\",\"isPartOf\":{\"@id\":\"https:\/\/visionteco.com\/en\/#website\"},\"primaryImageOfPage\":{\"@id\":\"https:\/\/visionteco.com\/en\/product\/nearity-mempod-pro-2s-tai-nghe-open-ear-ai-mic-xoay-210\/#primaryimage\"},\"image\":{\"@id\":\"https:\/\/visionteco.com\/en\/product\/nearity-mempod-pro-2s-tai-nghe-open-ear-ai-mic-xoay-210\/#primaryimage\"},\"thumbnailUrl\":\"https:\/\/visionteco.com\/wp-content\/uploads\/2025\/08\/mempod-pro-2s.webp\",\"datePublished\":\"2025-08-29T04:02:59+00:00\",\"description\":\"Nearity MemPod Pro 2S \u2013 Open-ear si\u00eau nh\u1eb9 (31 g), mic xoay 210\u00b0, kh\u1eed \u1ed3n AI, Bluetooth \u0111a \u0111i\u1ec3m, \u0111\u00e0m tho\u1ea1i 15 h, thi\u1ebft k\u1ebf tho\u1ea3i m\u00e1i, ti\u1ec7n c\u00f4ng vi\u1ec7c.\",\"breadcrumb\":{\"@id\":\"https:\/\/visionteco.com\/en\/product\/nearity-mempod-pro-2s-tai-nghe-open-ear-ai-mic-xoay-210\/#breadcrumb\"},\"inLanguage\":\"en-US\",\"potentialAction\":[{\"@type\":\"ReadAction\",\"target\":[\"https:\/\/visionteco.com\/en\/product\/nearity-mempod-pro-2s-tai-nghe-open-ear-ai-mic-xoay-210\/\"]}]},{\"@type\":\"ImageObject\",\"inLanguage\":\"en-US\",\"@id\":\"https:\/\/visionteco.com\/en\/product\/nearity-mempod-pro-2s-tai-nghe-open-ear-ai-mic-xoay-210\/#primaryimage\",\"url\":\"https:\/\/visionteco.com\/wp-content\/uploads\/2025\/08\/mempod-pro-2s.webp\",\"contentUrl\":\"https:\/\/visionteco.com\/wp-content\/uploads\/2025\/08\/mempod-pro-2s.webp\",\"width\":1000,\"height\":1000,\"caption\":\"Nearity MemPod Pro 2S\"},{\"@type\":\"BreadcrumbList\",\"@id\":\"https:\/\/visionteco.com\/en\/product\/nearity-mempod-pro-2s-tai-nghe-open-ear-ai-mic-xoay-210\/#breadcrumb\",\"itemListElement\":[{\"@type\":\"ListItem\",\"position\":1,\"name\":\"Trang ch\u1ee7\",\"item\":\"https:\/\/visionteco.com\/en\/\"},{\"@type\":\"ListItem\",\"position\":2,\"name\":\"Shop\",\"item\":\"https:\/\/visionteco.com\/en\/shop\/\"},{\"@type\":\"ListItem\",\"position\":3,\"name\":\"Nearity MemPod Pro 2S \u2013 Tai nghe open-ear AI, mic xoay 210\u00b0\"}]},{\"@type\":\"WebSite\",\"@id\":\"https:\/\/visionteco.com\/en\/#website\",\"url\":\"https:\/\/visionteco.com\/en\/\",\"name\":\"Nearity\",\"description\":\"\",\"potentialAction\":[{\"@type\":\"SearchAction\",\"target\":{\"@type\":\"EntryPoint\",\"urlTemplate\":\"https:\/\/visionteco.com\/en\/?s={search_term_string}\"},\"query-input\":{\"@type\":\"PropertyValueSpecification\",\"valueRequired\":true,\"valueName\":\"search_term_string\"}}],\"inLanguage\":\"en-US\"}]}<\/script>\n<!-- \/ Yoast SEO plugin. -->","yoast_head_json":{"title":"Nearity MemPod Pro 2S \u2013 Tai nghe open-ear AI, mic xoay 210\u00b0 - Nearity","description":"Nearity MemPod Pro 2S \u2013 Open-ear si\u00eau nh\u1eb9 (31 g), mic xoay 210\u00b0, kh\u1eed \u1ed3n AI, Bluetooth \u0111a \u0111i\u1ec3m, \u0111\u00e0m tho\u1ea1i 15 h, thi\u1ebft k\u1ebf tho\u1ea3i m\u00e1i, ti\u1ec7n c\u00f4ng vi\u1ec7c.","robots":{"index":"index","follow":"follow","max-snippet":"max-snippet:-1","max-image-preview":"max-image-preview:large","max-video-preview":"max-video-preview:-1"},"canonical":"https:\/\/visionteco.com\/en\/product\/nearity-mempod-pro-2s-tai-nghe-open-ear-ai-mic-xoay-210\/","og_locale":"en_US","og_type":"article","og_title":"Nearity MemPod Pro 2S \u2013 Tai nghe open-ear AI, mic xoay 210\u00b0 - Nearity","og_description":"Nearity MemPod Pro 2S \u2013 Open-ear si\u00eau nh\u1eb9 (31 g), mic xoay 210\u00b0, kh\u1eed \u1ed3n AI, Bluetooth \u0111a \u0111i\u1ec3m, \u0111\u00e0m tho\u1ea1i 15 h, thi\u1ebft k\u1ebf tho\u1ea3i m\u00e1i, ti\u1ec7n c\u00f4ng vi\u1ec7c.","og_url":"https:\/\/visionteco.com\/en\/product\/nearity-mempod-pro-2s-tai-nghe-open-ear-ai-mic-xoay-210\/","og_site_name":"Nearity","og_image":[{"width":1000,"height":1000,"url":"https:\/\/visionteco.com\/wp-content\/uploads\/2025\/08\/mempod-pro-2s.webp","type":"image\/webp"}],"twitter_card":"summary_large_image","twitter_misc":{"Est. reading time":"3 minutes"},"schema":{"@context":"https:\/\/schema.org","@graph":[{"@type":"WebPage","@id":"https:\/\/visionteco.com\/en\/product\/nearity-mempod-pro-2s-tai-nghe-open-ear-ai-mic-xoay-210\/","url":"https:\/\/visionteco.com\/en\/product\/nearity-mempod-pro-2s-tai-nghe-open-ear-ai-mic-xoay-210\/","name":"Nearity MemPod Pro 2S \u2013 Tai nghe open-ear AI, mic xoay 210\u00b0 - Nearity","isPartOf":{"@id":"https:\/\/visionteco.com\/en\/#website"},"primaryImageOfPage":{"@id":"https:\/\/visionteco.com\/en\/product\/nearity-mempod-pro-2s-tai-nghe-open-ear-ai-mic-xoay-210\/#primaryimage"},"image":{"@id":"https:\/\/visionteco.com\/en\/product\/nearity-mempod-pro-2s-tai-nghe-open-ear-ai-mic-xoay-210\/#primaryimage"},"thumbnailUrl":"https:\/\/visionteco.com\/wp-content\/uploads\/2025\/08\/mempod-pro-2s.webp","datePublished":"2025-08-29T04:02:59+00:00","description":"Nearity MemPod Pro 2S \u2013 Open-ear si\u00eau nh\u1eb9 (31 g), mic xoay 210\u00b0, kh\u1eed \u1ed3n AI, Bluetooth \u0111a \u0111i\u1ec3m, \u0111\u00e0m tho\u1ea1i 15 h, thi\u1ebft k\u1ebf tho\u1ea3i m\u00e1i, ti\u1ec7n c\u00f4ng vi\u1ec7c.","breadcrumb":{"@id":"https:\/\/visionteco.com\/en\/product\/nearity-mempod-pro-2s-tai-nghe-open-ear-ai-mic-xoay-210\/#breadcrumb"},"inLanguage":"en-US","potentialAction":[{"@type":"ReadAction","target":["https:\/\/visionteco.com\/en\/product\/nearity-mempod-pro-2s-tai-nghe-open-ear-ai-mic-xoay-210\/"]}]},{"@type":"ImageObject","inLanguage":"en-US","@id":"https:\/\/visionteco.com\/en\/product\/nearity-mempod-pro-2s-tai-nghe-open-ear-ai-mic-xoay-210\/#primaryimage","url":"https:\/\/visionteco.com\/wp-content\/uploads\/2025\/08\/mempod-pro-2s.webp","contentUrl":"https:\/\/visionteco.com\/wp-content\/uploads\/2025\/08\/mempod-pro-2s.webp","width":1000,"height":1000,"caption":"Nearity MemPod Pro 2S"},{"@type":"BreadcrumbList","@id":"https:\/\/visionteco.com\/en\/product\/nearity-mempod-pro-2s-tai-nghe-open-ear-ai-mic-xoay-210\/#breadcrumb","itemListElement":[{"@type":"ListItem","position":1,"name":"Trang ch\u1ee7","item":"https:\/\/visionteco.com\/en\/"},{"@type":"ListItem","position":2,"name":"Shop","item":"https:\/\/visionteco.com\/en\/shop\/"},{"@type":"ListItem","position":3,"name":"Nearity MemPod Pro 2S \u2013 Tai nghe open-ear AI, mic xoay 210\u00b0"}]},{"@type":"WebSite","@id":"https:\/\/visionteco.com\/en\/#website","url":"https:\/\/visionteco.com\/en\/","name":"Nearity","description":"","potentialAction":[{"@type":"SearchAction","target":{"@type":"EntryPoint","urlTemplate":"https:\/\/visionteco.com\/en\/?s={search_term_string}"},"query-input":{"@type":"PropertyValueSpecification","valueRequired":true,"valueName":"search_term_string"}}],"inLanguage":"en-US"}]}},"_links":{"self":[{"href":"https:\/\/visionteco.com\/en\/wp-json\/wp\/v2\/product\/1940","targetHints":{"allow":["GET"]}}],"collection":[{"href":"https:\/\/visionteco.com\/en\/wp-json\/wp\/v2\/product"}],"about":[{"href":"https:\/\/visionteco.com\/en\/wp-json\/wp\/v2\/types\/product"}],"replies":[{"embeddable":true,"href":"https:\/\/visionteco.com\/en\/wp-json\/wp\/v2\/comments?post=1940"}],"wp:featuredmedia":[{"embeddable":true,"href":"https:\/\/visionteco.com\/en\/wp-json\/wp\/v2\/media\/1947"}],"wp:attachment":[{"href":"https:\/\/visionteco.com\/en\/wp-json\/wp\/v2\/media?parent=1940"}],"wp:term":[{"taxonomy":"product_cat","embeddable":true,"href":"https:\/\/visionteco.com\/en\/wp-json\/wp\/v2\/product_cat?post=1940"},{"taxonomy":"product_tag","embeddable":true,"href":"https:\/\/visionteco.com\/en\/wp-json\/wp\/v2\/product_tag?post=1940"}],"curies":[{"name":"wp","href":"https:\/\/api.w.org\/{rel}","templated":true}]}}