{"id":1917,"date":"2025-08-29T02:29:03","date_gmt":"2025-08-29T02:29:03","guid":{"rendered":"https:\/\/visionteco.com\/?post_type=product&#038;p=1917"},"modified":"2025-08-29T02:29:03","modified_gmt":"2025-08-29T02:29:03","slug":"nearity-ep310-tai-nghe-khong-day-1-ben-khu-on-ai-pin-45-h","status":"publish","type":"product","link":"https:\/\/visionteco.com\/en\/product\/nearity-ep310-tai-nghe-khong-day-1-ben-khu-on-ai-pin-45-h\/","title":{"rendered":"Nearity EP310 \u2013 Tai nghe kh\u00f4ng d\u00e2y 1 b\u00ean, kh\u1eed \u1ed3n AI &#038; pin 45 h"},"content":{"rendered":"<p data-start=\"622\" data-end=\"1049\"><span style=\"font-family: arial, helvetica, sans-serif;\">Nearity EP310 l\u00e0 tai nghe kh\u00f4ng d\u00e2y chuy\u00ean nghi\u1ec7p ki\u1ec3u single-ear (m\u1ed9t b\u00ean tai), \u0111\u01b0\u1ee3c thi\u1ebft k\u1ebf t\u1ed1i \u01b0u cho m\u00f4i tr\u01b0\u1eddng l\u00e0m vi\u1ec7c n\u0103ng \u0111\u1ed9ng nh\u01b0 call center, xe t\u1ea3i, kho b\u00e3i v\u00e0 v\u0103n ph\u00f2ng m\u1edf. V\u1edbi t\u00ednh n\u0103ng AI-Powered ENC (Environmental Noise Cancellation) qua chip x\u1eed l\u00fd HiFi4 DSP, s\u1ea3n ph\u1ea9m lo\u1ea1i b\u1ecf t\u1edbi 99.9% ti\u1ebfng \u1ed3n n\u1ec1n, \u0111\u1ea3m b\u1ea3o gi\u1ecdng n\u00f3i r\u00f5 r\u00e0ng ngay c\u1ea3 trong m\u00f4i tr\u01b0\u1eddng \u1ed3n \u00e0o.<\/span><\/p>\n<p data-start=\"1051\" data-end=\"1334\"><span style=\"font-family: arial, helvetica, sans-serif;\">Trang b\u1ecb Bluetooth 5.3 v\u00e0 k\u1ebft n\u1ed1i \u0111a \u0111i\u1ec3m (multi-point), EP310 cho ph\u00e9p k\u1ebft n\u1ed1i \u0111\u1ed3ng th\u1eddi v\u1edbi hai thi\u1ebft b\u1ecb, gi\u00fap d\u1ec5 d\u00e0ng chuy\u1ec3n t\u1eeb cu\u1ed9c g\u1ecdi c\u00f4ng vi\u1ec7c sang \u0111i\u1ec7n tho\u1ea1i c\u00e1 nh\u00e2n. Kho\u1ea3ng c\u00e1ch k\u1ebft n\u1ed1i l\u00ean \u0111\u1ebfn 10 m (33 ft), b\u1ea3o \u0111\u1ea3m t\u00edn hi\u1ec7u \u1ed5n \u0111\u1ecbnh.<\/span><\/p>\n<p data-start=\"1336\" data-end=\"1522\"><span style=\"font-family: arial, helvetica, sans-serif;\">S\u1ea3n ph\u1ea9m c\u00f3 th\u1eddi l\u01b0\u1ee3ng pin d\u00e0i cho 35 gi\u1edd \u0111\u00e0m tho\u1ea1i li\u00ean t\u1ee5c, ho\u1eb7c 45 gi\u1edd nghe nh\u1ea1c, k\u00e8m \u0111\u1ebf s\u1ea1c ti\u1ec7n l\u1ee3i v\u00e0 k\u1ebft n\u1ed1i USB \u0111\u1ec3 s\u1ea1c linh ho\u1ea1t.<\/span><\/p>\n<p data-start=\"1524\" data-end=\"1746\"><span style=\"font-family: arial, helvetica, sans-serif;\">Thi\u1ebft k\u1ebf c\u00f4ng th\u00e1i h\u1ecdc v\u1edbi \u0111\u1ec7m tai m\u1ec1m m\u1ea1i, b\u0103ng \u0111\u1ea7u c\u0103ng \u00eam c\u00f3 da b\u1ecdc, mic c\u00f3 th\u1ec3 xoay 250\u00b0 v\u00e0 ch\u1ee5p tai xoay 180\u00b0, gi\u00fap b\u1ea1n \u0111eo tho\u1ea3i m\u00e1i su\u1ed1t c\u1ea3 ng\u00e0y l\u00e0m vi\u1ec7c m\u00e0 kh\u00f4ng b\u1ecb m\u1ecfi.<\/span><\/p>\n<p data-start=\"1748\" data-end=\"1984\"><span style=\"font-family: arial, helvetica, sans-serif;\">EP310 h\u1ed7 tr\u1ee3 k\u1ebft n\u1ed1i linh ho\u1ea1t (dongle USB, Bluetooth, ho\u1eb7c c\u00e1p USB-A\/C) v\u00e0 ho\u1ea1t \u0111\u1ed9ng t\u1ed1t tr\u00ean Windows, Mac, Linux, iOS, Android. T\u01b0\u01a1ng th\u00edch cao v\u1edbi c\u00e1c n\u1ec1n t\u1ea3ng h\u1ed9i ngh\u1ecb nh\u01b0 Zoom, Teams, Webex\u2026<\/span><\/p>\n<p data-start=\"1748\" data-end=\"1984\">\u00a0<\/p>\n<h2 data-start=\"1991\" data-end=\"2012\"><span style=\"font-family: arial, helvetica, sans-serif;\">T\u00ednh n\u0103ng n\u1ed5i b\u1eadt Nearity EP310<\/span><\/h2>\n<ul data-start=\"2014\" data-end=\"2774\">\n<li data-start=\"2014\" data-end=\"2154\">\n<p data-start=\"2016\" data-end=\"2154\"><span style=\"font-family: arial, helvetica, sans-serif;\">Thi\u1ebft k\u1ebf 1 b\u00ean tai (single-ear) \u2014 Gi\u1eef t\u1ec9nh t\u00e1o trong m\u00f4i tr\u01b0\u1eddng ch\u1ee9a nhi\u1ec1u \u00e2m thanh xung quanh.<\/span><\/p>\n<\/li>\n<li data-start=\"2155\" data-end=\"2268\">\n<p data-start=\"2157\" data-end=\"2268\"><span style=\"font-family: arial, helvetica, sans-serif;\">Kh\u1eed \u1ed3n AI 99.9% \u2013 C\u00f4ng ngh\u1ec7 ENC + HiFi4 DSP cho \u00e2m thanh trong tr\u1ebbo.<\/span><\/p>\n<\/li>\n<li data-start=\"2269\" data-end=\"2391\">\n<p data-start=\"2271\" data-end=\"2391\"><span style=\"font-family: arial, helvetica, sans-serif;\">Bluetooth 5.3 + Multi-Point \u2013 K\u1ebft n\u1ed1i c\u00f9ng l\u00fac 2 thi\u1ebft b\u1ecb, thi\u1ebft l\u1eadp d\u1ec5 d\u00e0ng.<\/span><\/p>\n<\/li>\n<li data-start=\"2392\" data-end=\"2497\">\n<p data-start=\"2394\" data-end=\"2497\"><span style=\"font-family: arial, helvetica, sans-serif;\">Pin d\u00e0i \u2013 35 gi\u1edd \u0111\u00e0m tho\u1ea1i ho\u1eb7c 45 gi\u1edd nghe nh\u1ea1c; c\u00f3 \u0111\u1ebf s\u1ea1c.<\/span><\/p>\n<\/li>\n<li data-start=\"2498\" data-end=\"2614\">\n<p data-start=\"2500\" data-end=\"2614\"><span style=\"font-family: arial, helvetica, sans-serif;\">Tho\u1ea3i m\u00e1i khi s\u1eed d\u1ee5ng l\u00e2u \u2013 \u0110\u1ec7m m\u1ec1m, mic xoay 250\u00b0, ch\u1ee5p tai xoay 180\u00b0.<\/span><\/p>\n<\/li>\n<li data-start=\"2615\" data-end=\"2774\">\n<p data-start=\"2617\" data-end=\"2774\"><span style=\"font-family: arial, helvetica, sans-serif;\">K\u1ebft n\u1ed1i \u0111a d\u1ea1ng &amp; t\u01b0\u01a1ng th\u00edch cao \u2013 Dongle, Bluetooth, USB-A\/C; t\u01b0\u01a1ng th\u00edch v\u1edbi m\u1ecdi h\u1ec7 \u0111i\u1ec1u h\u00e0nh v\u00e0 n\u1ec1n t\u1ea3ng UC.<\/span><\/p>\n<\/li>\n<\/ul>\n<p>&nbsp;<\/p>\n<h2><span style=\"font-family: arial, helvetica, sans-serif;\">Th\u00f4ng s\u1ed1 k\u1ef9 thu\u1eadt<\/span><\/h2>\n<table style=\"border-collapse: collapse; width: 100%; height: 189px;\">\n<tbody>\n<tr>\n<th style=\"width: 23.487%; text-align: left;\"><span style=\"font-size: 13pt; color: #000000; font-family: arial, helvetica, sans-serif;\"><strong>Ti\u00eau ch\u00ed<\/strong><\/span><\/th>\n<th style=\"width: 76.3689%; text-align: left;\"><span style=\"font-size: 13pt; color: #000000; font-family: arial, helvetica, sans-serif;\"><strong>Chi ti\u1ebft<\/strong><\/span><\/th>\n<\/tr>\n<tr>\n<td style=\"width: 23.487%;\"><span style=\"font-family: arial, helvetica, sans-serif;\"><strong>Ki\u1ec3u thi\u1ebft k\u1ebf<\/strong><\/span><\/td>\n<td style=\"width: 76.3689%;\"><span style=\"font-family: arial, helvetica, sans-serif;\">Single-ear (m\u1ed9t b\u00ean tai)<\/span><\/td>\n<\/tr>\n<tr>\n<td style=\"width: 23.487%;\"><span style=\"font-family: arial, helvetica, sans-serif;\"><strong>Kh\u1eed \u1ed3n<\/strong><\/span><\/td>\n<td style=\"width: 76.3689%;\"><span style=\"font-family: arial, helvetica, sans-serif;\">AI ENC (HiFi4 DSP), lo\u1ea1i b\u1ecf 99.9% t\u1ea1p \u00e2m<\/span><\/td>\n<\/tr>\n<tr>\n<td style=\"width: 23.487%;\"><span style=\"font-family: arial, helvetica, sans-serif;\"><strong>Bluetooth<\/strong><\/span><\/td>\n<td style=\"width: 76.3689%;\"><span style=\"font-family: arial, helvetica, sans-serif;\">5.3, multi-point, t\u1ea7m k\u1ebft n\u1ed1i ~10 m<\/span><\/td>\n<\/tr>\n<tr>\n<td style=\"width: 23.487%;\"><span style=\"font-family: arial, helvetica, sans-serif;\"><strong>Th\u1eddi l\u01b0\u1ee3ng pin<\/strong><\/span><\/td>\n<td style=\"width: 76.3689%;\"><span style=\"font-family: arial, helvetica, sans-serif;\">G\u1ecdi: 35 h \u2022 Nghe nh\u1ea1c: 45 h<\/span><\/td>\n<\/tr>\n<tr>\n<td style=\"width: 23.487%;\"><span style=\"font-family: arial, helvetica, sans-serif;\"><strong>Ph\u1ee5 ki\u1ec7n s\u1ea1c<\/strong><\/span><\/td>\n<td style=\"width: 76.3689%;\"><span style=\"font-family: arial, helvetica, sans-serif;\">\u0110\u1ebf s\u1ea1c k\u00e8m cable USB<\/span><\/td>\n<\/tr>\n<tr>\n<td style=\"width: 23.487%;\"><span style=\"font-family: arial, helvetica, sans-serif;\"><strong>Thi\u1ebft k\u1ebf tho\u1ea3i m\u00e1i<\/strong><\/span><\/td>\n<td style=\"width: 76.3689%;\"><span style=\"font-family: arial, helvetica, sans-serif;\">\u0110\u1ec7m tai m\u1ec1m; headband da; mic xoay 250\u00b0; ch\u1ee5p tai xoay 180\u00b0<\/span><\/td>\n<\/tr>\n<tr>\n<td style=\"width: 23.487%;\"><span style=\"font-family: arial, helvetica, sans-serif;\"><strong>K\u1ebft n\u1ed1i<\/strong><\/span><\/td>\n<td style=\"width: 76.3689%;\"><span style=\"font-family: arial, helvetica, sans-serif;\">Dongle USB, Bluetooth, USB-A\/C<\/span><\/td>\n<\/tr>\n<tr>\n<td style=\"width: 23.487%;\"><span style=\"font-family: arial, helvetica, sans-serif;\"><strong>T\u01b0\u01a1ng th\u00edch<\/strong><\/span><\/td>\n<td style=\"width: 76.3689%;\"><span style=\"font-family: arial, helvetica, sans-serif;\">Zoom, Teams, Webex; OS: Win\/Mac\/Linux\/iOS\/Android<\/span><\/td>\n<\/tr>\n<\/tbody>\n<\/table>\n","protected":false},"excerpt":{"rendered":"<p><span style=\"font-family: arial, helvetica, sans-serif;\">Nearity EP310 l\u00e0 tai nghe kh\u00f4ng d\u00e2y chuy\u00ean nghi\u1ec7p ki\u1ec3u single-ear (m\u1ed9t b\u00ean tai), \u0111\u01b0\u1ee3c thi\u1ebft k\u1ebf t\u1ed1i \u01b0u cho m\u00f4i tr\u01b0\u1eddng l\u00e0m vi\u1ec7c n\u0103ng \u0111\u1ed9ng nh\u01b0 call center, xe t\u1ea3i, kho b\u00e3i v\u00e0 v\u0103n ph\u00f2ng m\u1edf. V\u1edbi t\u00ednh n\u0103ng AI-Powered ENC (Environmental Noise Cancellation) qua chip x\u1eed l\u00fd HiFi4 DSP, s\u1ea3n ph\u1ea9m lo\u1ea1i b\u1ecf t\u1edbi 99.9% ti\u1ebfng \u1ed3n n\u1ec1n, \u0111\u1ea3m b\u1ea3o gi\u1ecdng n\u00f3i r\u00f5 r\u00e0ng ngay c\u1ea3 trong m\u00f4i tr\u01b0\u1eddng \u1ed3n \u00e0o.<\/span><\/p>\n","protected":false},"featured_media":1920,"comment_status":"open","ping_status":"closed","template":"","meta":{"_acf_changed":false},"product_cat":[65],"product_tag":[178,176],"class_list":{"0":"post-1917","1":"product","2":"type-product","3":"status-publish","4":"has-post-thumbnail","6":"product_cat-headsets","7":"product_tag-nearity-ep310","8":"product_tag-tai-nghe-khong-day","10":"first","11":"instock","12":"shipping-taxable","13":"product-type-simple"},"acf":[],"yoast_head":"<!-- This site is optimized with the Yoast SEO plugin v24.6 - https:\/\/yoast.com\/wordpress\/plugins\/seo\/ -->\n<title>Nearity EP310 \u2013 Tai nghe kh\u00f4ng d\u00e2y 1 b\u00ean, kh\u1eed \u1ed3n AI &amp; pin 45 h - Nearity<\/title>\n<meta name=\"description\" content=\"Nearity EP310 \u2013 Tai nghe m\u1ed9t b\u00ean Bluetooth 5.3, AI ENC 99.9%, k\u1ebft n\u1ed1i \u0111a \u0111i\u1ec3m, pin 35 h g\u1ecdi \/ 45 h nghe nh\u1ea1c, \u0111\u1ebf s\u1ea1c ti\u1ec7n l\u1ee3i.\" \/>\n<meta name=\"robots\" content=\"index, follow, max-snippet:-1, max-image-preview:large, max-video-preview:-1\" \/>\n<link rel=\"canonical\" href=\"https:\/\/visionteco.com\/en\/product\/nearity-ep310-tai-nghe-khong-day-1-ben-khu-on-ai-pin-45-h\/\" \/>\n<meta property=\"og:locale\" content=\"en_US\" \/>\n<meta property=\"og:type\" content=\"article\" \/>\n<meta property=\"og:title\" content=\"Nearity EP310 \u2013 Tai nghe kh\u00f4ng d\u00e2y 1 b\u00ean, kh\u1eed \u1ed3n AI &amp; pin 45 h - Nearity\" \/>\n<meta property=\"og:description\" content=\"Nearity EP310 \u2013 Tai nghe m\u1ed9t b\u00ean Bluetooth 5.3, AI ENC 99.9%, k\u1ebft n\u1ed1i \u0111a \u0111i\u1ec3m, pin 35 h g\u1ecdi \/ 45 h nghe nh\u1ea1c, \u0111\u1ebf s\u1ea1c ti\u1ec7n l\u1ee3i.\" \/>\n<meta property=\"og:url\" content=\"https:\/\/visionteco.com\/en\/product\/nearity-ep310-tai-nghe-khong-day-1-ben-khu-on-ai-pin-45-h\/\" \/>\n<meta property=\"og:site_name\" content=\"Nearity\" \/>\n<meta property=\"og:image\" content=\"https:\/\/visionteco.com\/wp-content\/uploads\/2025\/08\/EP310.webp\" \/>\n\t<meta property=\"og:image:width\" content=\"1000\" \/>\n\t<meta property=\"og:image:height\" content=\"1000\" \/>\n\t<meta property=\"og:image:type\" content=\"image\/webp\" \/>\n<meta name=\"twitter:card\" content=\"summary_large_image\" \/>\n<meta name=\"twitter:label1\" content=\"Est. reading time\" \/>\n\t<meta name=\"twitter:data1\" content=\"3 minutes\" \/>\n<script type=\"application\/ld+json\" class=\"yoast-schema-graph\">{\"@context\":\"https:\/\/schema.org\",\"@graph\":[{\"@type\":\"WebPage\",\"@id\":\"https:\/\/visionteco.com\/en\/product\/nearity-ep310-tai-nghe-khong-day-1-ben-khu-on-ai-pin-45-h\/\",\"url\":\"https:\/\/visionteco.com\/en\/product\/nearity-ep310-tai-nghe-khong-day-1-ben-khu-on-ai-pin-45-h\/\",\"name\":\"Nearity EP310 \u2013 Tai nghe kh\u00f4ng d\u00e2y 1 b\u00ean, kh\u1eed \u1ed3n AI & pin 45 h - Nearity\",\"isPartOf\":{\"@id\":\"https:\/\/visionteco.com\/en\/#website\"},\"primaryImageOfPage\":{\"@id\":\"https:\/\/visionteco.com\/en\/product\/nearity-ep310-tai-nghe-khong-day-1-ben-khu-on-ai-pin-45-h\/#primaryimage\"},\"image\":{\"@id\":\"https:\/\/visionteco.com\/en\/product\/nearity-ep310-tai-nghe-khong-day-1-ben-khu-on-ai-pin-45-h\/#primaryimage\"},\"thumbnailUrl\":\"https:\/\/visionteco.com\/wp-content\/uploads\/2025\/08\/EP310.webp\",\"datePublished\":\"2025-08-29T02:29:03+00:00\",\"description\":\"Nearity EP310 \u2013 Tai nghe m\u1ed9t b\u00ean Bluetooth 5.3, AI ENC 99.9%, k\u1ebft n\u1ed1i \u0111a \u0111i\u1ec3m, pin 35 h g\u1ecdi \/ 45 h nghe nh\u1ea1c, \u0111\u1ebf s\u1ea1c ti\u1ec7n l\u1ee3i.\",\"breadcrumb\":{\"@id\":\"https:\/\/visionteco.com\/en\/product\/nearity-ep310-tai-nghe-khong-day-1-ben-khu-on-ai-pin-45-h\/#breadcrumb\"},\"inLanguage\":\"en-US\",\"potentialAction\":[{\"@type\":\"ReadAction\",\"target\":[\"https:\/\/visionteco.com\/en\/product\/nearity-ep310-tai-nghe-khong-day-1-ben-khu-on-ai-pin-45-h\/\"]}]},{\"@type\":\"ImageObject\",\"inLanguage\":\"en-US\",\"@id\":\"https:\/\/visionteco.com\/en\/product\/nearity-ep310-tai-nghe-khong-day-1-ben-khu-on-ai-pin-45-h\/#primaryimage\",\"url\":\"https:\/\/visionteco.com\/wp-content\/uploads\/2025\/08\/EP310.webp\",\"contentUrl\":\"https:\/\/visionteco.com\/wp-content\/uploads\/2025\/08\/EP310.webp\",\"width\":1000,\"height\":1000,\"caption\":\"Nearity EP310\"},{\"@type\":\"BreadcrumbList\",\"@id\":\"https:\/\/visionteco.com\/en\/product\/nearity-ep310-tai-nghe-khong-day-1-ben-khu-on-ai-pin-45-h\/#breadcrumb\",\"itemListElement\":[{\"@type\":\"ListItem\",\"position\":1,\"name\":\"Trang ch\u1ee7\",\"item\":\"https:\/\/visionteco.com\/en\/\"},{\"@type\":\"ListItem\",\"position\":2,\"name\":\"Shop\",\"item\":\"https:\/\/visionteco.com\/en\/shop\/\"},{\"@type\":\"ListItem\",\"position\":3,\"name\":\"Nearity EP310 \u2013 Tai nghe kh\u00f4ng d\u00e2y 1 b\u00ean, kh\u1eed \u1ed3n AI &#038; pin 45 h\"}]},{\"@type\":\"WebSite\",\"@id\":\"https:\/\/visionteco.com\/en\/#website\",\"url\":\"https:\/\/visionteco.com\/en\/\",\"name\":\"Nearity\",\"description\":\"\",\"potentialAction\":[{\"@type\":\"SearchAction\",\"target\":{\"@type\":\"EntryPoint\",\"urlTemplate\":\"https:\/\/visionteco.com\/en\/?s={search_term_string}\"},\"query-input\":{\"@type\":\"PropertyValueSpecification\",\"valueRequired\":true,\"valueName\":\"search_term_string\"}}],\"inLanguage\":\"en-US\"}]}<\/script>\n<!-- \/ Yoast SEO plugin. -->","yoast_head_json":{"title":"Nearity EP310 \u2013 Tai nghe kh\u00f4ng d\u00e2y 1 b\u00ean, kh\u1eed \u1ed3n AI & pin 45 h - Nearity","description":"Nearity EP310 \u2013 Tai nghe m\u1ed9t b\u00ean Bluetooth 5.3, AI ENC 99.9%, k\u1ebft n\u1ed1i \u0111a \u0111i\u1ec3m, pin 35 h g\u1ecdi \/ 45 h nghe nh\u1ea1c, \u0111\u1ebf s\u1ea1c ti\u1ec7n l\u1ee3i.","robots":{"index":"index","follow":"follow","max-snippet":"max-snippet:-1","max-image-preview":"max-image-preview:large","max-video-preview":"max-video-preview:-1"},"canonical":"https:\/\/visionteco.com\/en\/product\/nearity-ep310-tai-nghe-khong-day-1-ben-khu-on-ai-pin-45-h\/","og_locale":"en_US","og_type":"article","og_title":"Nearity EP310 \u2013 Tai nghe kh\u00f4ng d\u00e2y 1 b\u00ean, kh\u1eed \u1ed3n AI & pin 45 h - Nearity","og_description":"Nearity EP310 \u2013 Tai nghe m\u1ed9t b\u00ean Bluetooth 5.3, AI ENC 99.9%, k\u1ebft n\u1ed1i \u0111a \u0111i\u1ec3m, pin 35 h g\u1ecdi \/ 45 h nghe nh\u1ea1c, \u0111\u1ebf s\u1ea1c ti\u1ec7n l\u1ee3i.","og_url":"https:\/\/visionteco.com\/en\/product\/nearity-ep310-tai-nghe-khong-day-1-ben-khu-on-ai-pin-45-h\/","og_site_name":"Nearity","og_image":[{"width":1000,"height":1000,"url":"https:\/\/visionteco.com\/wp-content\/uploads\/2025\/08\/EP310.webp","type":"image\/webp"}],"twitter_card":"summary_large_image","twitter_misc":{"Est. reading time":"3 minutes"},"schema":{"@context":"https:\/\/schema.org","@graph":[{"@type":"WebPage","@id":"https:\/\/visionteco.com\/en\/product\/nearity-ep310-tai-nghe-khong-day-1-ben-khu-on-ai-pin-45-h\/","url":"https:\/\/visionteco.com\/en\/product\/nearity-ep310-tai-nghe-khong-day-1-ben-khu-on-ai-pin-45-h\/","name":"Nearity EP310 \u2013 Tai nghe kh\u00f4ng d\u00e2y 1 b\u00ean, kh\u1eed \u1ed3n AI & pin 45 h - Nearity","isPartOf":{"@id":"https:\/\/visionteco.com\/en\/#website"},"primaryImageOfPage":{"@id":"https:\/\/visionteco.com\/en\/product\/nearity-ep310-tai-nghe-khong-day-1-ben-khu-on-ai-pin-45-h\/#primaryimage"},"image":{"@id":"https:\/\/visionteco.com\/en\/product\/nearity-ep310-tai-nghe-khong-day-1-ben-khu-on-ai-pin-45-h\/#primaryimage"},"thumbnailUrl":"https:\/\/visionteco.com\/wp-content\/uploads\/2025\/08\/EP310.webp","datePublished":"2025-08-29T02:29:03+00:00","description":"Nearity EP310 \u2013 Tai nghe m\u1ed9t b\u00ean Bluetooth 5.3, AI ENC 99.9%, k\u1ebft n\u1ed1i \u0111a \u0111i\u1ec3m, pin 35 h g\u1ecdi \/ 45 h nghe nh\u1ea1c, \u0111\u1ebf s\u1ea1c ti\u1ec7n l\u1ee3i.","breadcrumb":{"@id":"https:\/\/visionteco.com\/en\/product\/nearity-ep310-tai-nghe-khong-day-1-ben-khu-on-ai-pin-45-h\/#breadcrumb"},"inLanguage":"en-US","potentialAction":[{"@type":"ReadAction","target":["https:\/\/visionteco.com\/en\/product\/nearity-ep310-tai-nghe-khong-day-1-ben-khu-on-ai-pin-45-h\/"]}]},{"@type":"ImageObject","inLanguage":"en-US","@id":"https:\/\/visionteco.com\/en\/product\/nearity-ep310-tai-nghe-khong-day-1-ben-khu-on-ai-pin-45-h\/#primaryimage","url":"https:\/\/visionteco.com\/wp-content\/uploads\/2025\/08\/EP310.webp","contentUrl":"https:\/\/visionteco.com\/wp-content\/uploads\/2025\/08\/EP310.webp","width":1000,"height":1000,"caption":"Nearity EP310"},{"@type":"BreadcrumbList","@id":"https:\/\/visionteco.com\/en\/product\/nearity-ep310-tai-nghe-khong-day-1-ben-khu-on-ai-pin-45-h\/#breadcrumb","itemListElement":[{"@type":"ListItem","position":1,"name":"Trang ch\u1ee7","item":"https:\/\/visionteco.com\/en\/"},{"@type":"ListItem","position":2,"name":"Shop","item":"https:\/\/visionteco.com\/en\/shop\/"},{"@type":"ListItem","position":3,"name":"Nearity EP310 \u2013 Tai nghe kh\u00f4ng d\u00e2y 1 b\u00ean, kh\u1eed \u1ed3n AI &#038; pin 45 h"}]},{"@type":"WebSite","@id":"https:\/\/visionteco.com\/en\/#website","url":"https:\/\/visionteco.com\/en\/","name":"Nearity","description":"","potentialAction":[{"@type":"SearchAction","target":{"@type":"EntryPoint","urlTemplate":"https:\/\/visionteco.com\/en\/?s={search_term_string}"},"query-input":{"@type":"PropertyValueSpecification","valueRequired":true,"valueName":"search_term_string"}}],"inLanguage":"en-US"}]}},"_links":{"self":[{"href":"https:\/\/visionteco.com\/en\/wp-json\/wp\/v2\/product\/1917","targetHints":{"allow":["GET"]}}],"collection":[{"href":"https:\/\/visionteco.com\/en\/wp-json\/wp\/v2\/product"}],"about":[{"href":"https:\/\/visionteco.com\/en\/wp-json\/wp\/v2\/types\/product"}],"replies":[{"embeddable":true,"href":"https:\/\/visionteco.com\/en\/wp-json\/wp\/v2\/comments?post=1917"}],"wp:featuredmedia":[{"embeddable":true,"href":"https:\/\/visionteco.com\/en\/wp-json\/wp\/v2\/media\/1920"}],"wp:attachment":[{"href":"https:\/\/visionteco.com\/en\/wp-json\/wp\/v2\/media?parent=1917"}],"wp:term":[{"taxonomy":"product_cat","embeddable":true,"href":"https:\/\/visionteco.com\/en\/wp-json\/wp\/v2\/product_cat?post=1917"},{"taxonomy":"product_tag","embeddable":true,"href":"https:\/\/visionteco.com\/en\/wp-json\/wp\/v2\/product_tag?post=1917"}],"curies":[{"name":"wp","href":"https:\/\/api.w.org\/{rel}","templated":true}]}}