{"id":1817,"date":"2025-08-28T03:04:49","date_gmt":"2025-08-28T03:04:49","guid":{"rendered":"https:\/\/visionteco.com\/?post_type=product&#038;p=1817"},"modified":"2025-08-28T03:04:49","modified_gmt":"2025-08-28T03:04:49","slug":"nearity-b10-bo-djieu-khien-cam-ung-hoi-nghi-101%e2%80%b3-poe","status":"publish","type":"product","link":"https:\/\/visionteco.com\/en\/product\/nearity-b10-bo-djieu-khien-cam-ung-hoi-nghi-101%e2%80%b3-poe\/","title":{"rendered":"Nearity B10 \u2013 B\u1ed9 \u0111i\u1ec1u khi\u1ec3n c\u1ea3m \u1ee9ng h\u1ed9i ngh\u1ecb 10.1\u2033 PoE"},"content":{"rendered":"<p><strong data-start=\"576\" data-end=\"619\">Nearity B10 Conference Touch Controller<\/strong> l\u00e0 trung t\u00e2m \u0111i\u1ec1u khi\u1ec3n c\u1ea3m \u1ee9ng d\u00e0nh cho kh\u00f4ng gian h\u1ecdp hi\u1ec7n \u0111\u1ea1i, t\u00edch h\u1ee3p m\u00e0n h\u00ecnh 10.1 inch Full HD (1920\u00d71200) v\u1edbi thi\u1ebft k\u1ebf ch\u1ea1m nh\u1ea1y, c\u00e1p truy\u1ec1n POE ti\u1ec7n l\u1ee3i v\u00e0 kho\u00e1 b\u1ea3o m\u1eadt Kensington. Thi\u1ebft b\u1ecb cho ph\u00e9p ng\u01b0\u1eddi d\u00f9ng d\u1ec5 d\u00e0ng \u0111i\u1ec1u h\u00e0nh l\u1ecbch h\u1ecdp, m\u1eddi ng\u01b0\u1eddi tham d\u1ef1, \u0111\u0103ng nh\u1eadp v\u00e0 ghi h\u00ecnh ngay tr\u00ean giao di\u1ec7n tr\u1ef1c quan. Nearity B10 t\u01b0\u01a1ng th\u00edch ho\u00e0n h\u1ea3o v\u1edbi <strong data-start=\"976\" data-end=\"990\">Zoom Rooms<\/strong> v\u00e0 <strong data-start=\"994\" data-end=\"1011\">Tencent Rooms<\/strong>, ph\u00f9 h\u1ee3p \u0111\u1ec3 l\u1eafp \u0111\u1eb7t tr\u00ean b\u00e0n ho\u1eb7c g\u1eafn t\u01b0\u1eddng, gi\u00fap kh\u00f4ng gian h\u1ecdp tr\u1edf n\u00ean g\u1ecdn g\u00e0ng v\u00e0 chuy\u00ean nghi\u1ec7p h\u01a1n.<\/p>\n<h2 data-start=\"1161\" data-end=\"1184\">T\u00ednh n\u0103ng n\u1ed5i b\u1eadt<\/h2>\n<ul data-start=\"1185\" data-end=\"2057\">\n<li data-start=\"1185\" data-end=\"1319\">\n<p data-start=\"1188\" data-end=\"1319\"><strong data-start=\"1188\" data-end=\"1222\">M\u00e0n h\u00ecnh c\u1ea3m \u1ee9ng 10.1\u2033 Full HD<\/strong> (1920\u00d71200) v\u1edbi panel In-cell k\u00ednh, tr\u1ea3i nghi\u1ec7m m\u01b0\u1ee3t m\u00e0.<\/p>\n<\/li>\n<li data-start=\"1320\" data-end=\"1456\">\n<p data-start=\"1323\" data-end=\"1456\"><strong data-start=\"1323\" data-end=\"1345\">PoE &amp; Wi-Fi h\u1ed7 tr\u1ee3<\/strong>, ch\u1ec9 c\u1ea7n 1 c\u00e1p \u0111\u1ec3 c\u1ea5p ngu\u1ed3n v\u00e0 k\u1ebft n\u1ed1i m\u1ea1ng, gi\u00fap kh\u00f4ng gian g\u1ecdn g\u00e0ng.\u00a0<\/p>\n<\/li>\n<li data-start=\"1457\" data-end=\"1559\">\n<p data-start=\"1460\" data-end=\"1559\"><strong data-start=\"1460\" data-end=\"1478\">B\u1ea3o m\u1eadt v\u1eadt l\u00fd<\/strong>: t\u00edch h\u1ee3p kh\u00f3a Kensington, t\u0103ng an to\u00e0n.\u00a0<\/p>\n<\/li>\n<li data-start=\"1560\" data-end=\"1704\">\n<p data-start=\"1563\" data-end=\"1704\"><strong data-start=\"1563\" data-end=\"1595\">H\u1ec7 \u0111i\u1ec1u h\u00e0nh Android m\u1ea1nh m\u1ebd<\/strong>, CPU Rockchip RK3568 Quad-core 2.0 GHz, RAM 4 GB, b\u1ed9 nh\u1edb 32 GB eMMC.\u00a0<\/p>\n<\/li>\n<li data-start=\"1705\" data-end=\"1846\">\n<p data-start=\"1708\" data-end=\"1846\"><strong data-start=\"1708\" data-end=\"1739\">Qu\u1ea3n l\u00fd thu\u1eadn ti\u1ec7n cu\u1ed9c h\u1ecdp<\/strong>: l\u1eadp l\u1ecbch, \u0111\u0103ng nh\u1eadp, m\u1eddi ng\u01b0\u1eddi, ghi h\u00ecnh ngay tr\u00ean m\u00e0n h\u00ecnh ch\u1ea1m.\u00a0<\/p>\n<\/li>\n<li data-start=\"1847\" data-end=\"1954\">\n<p data-start=\"1850\" data-end=\"1954\"><strong data-start=\"1850\" data-end=\"1874\">T\u01b0\u01a1ng th\u00edch ph\u1ed5 bi\u1ebfn<\/strong>: Zoom Rooms, Tencent Rooms, NearSync&#8230;<strong data-start=\"1958\" data-end=\"1979\">L\u1eafp \u0111\u1eb7t linh ho\u1ea1t<\/strong>: treo t\u01b0\u1eddng (VESA) ho\u1eb7c \u0111\u1eb7t tr\u00ean b\u00e0n.<\/p>\n<\/li>\n<\/ul>\n<p>&nbsp;<\/p>\n<h2>Th\u00f4ng s\u1ed1 k\u1ef9 thu\u1eadt<\/h2>\n<table style=\"border-collapse: collapse; width: 100%;\">\n<tbody>\n<tr>\n<th style=\"width: 25.5043%; text-align: left;\">M\u1ee5c<\/th>\n<th style=\"width: 74.2075%; text-align: left;\">Chi ti\u1ebft<\/th>\n<\/tr>\n<tr>\n<td style=\"width: 25.5043%;\"><strong>M\u00e0n h\u00ecnh c\u1ea3m \u1ee9ng<\/strong><\/td>\n<td style=\"width: 74.2075%;\">10.1\u2033, \u0111\u1ed9 ph\u00e2n gi\u1ea3i 1920\u00d71200, In-cell glass<\/td>\n<\/tr>\n<tr>\n<td style=\"width: 25.5043%;\"><strong>H\u1ec7 \u0111i\u1ec1u h\u00e0nh<\/strong><\/td>\n<td style=\"width: 74.2075%;\">Android<\/td>\n<\/tr>\n<tr>\n<td style=\"width: 25.5043%;\"><strong>CPU<\/strong><\/td>\n<td style=\"width: 74.2075%;\">Rockchip RK3568, Quad-core Cortex-A55, ~2.0 GHz<\/td>\n<\/tr>\n<tr>\n<td style=\"width: 25.5043%;\"><strong>GPU<\/strong><\/td>\n<td style=\"width: 74.2075%;\">Mali-G52<\/td>\n<\/tr>\n<tr>\n<td style=\"width: 25.5043%;\"><strong>RAM<\/strong><\/td>\n<td style=\"width: 74.2075%;\">4 GB DDR<\/td>\n<\/tr>\n<tr>\n<td style=\"width: 25.5043%;\"><strong>B\u1ed9 nh\u1edb trong<\/strong><\/td>\n<td style=\"width: 74.2075%;\">32 GB eMMC<\/td>\n<\/tr>\n<tr>\n<td style=\"width: 25.5043%;\"><strong>K\u1ebft n\u1ed1i kh\u00f4ng d\u00e2y<\/strong><\/td>\n<td style=\"width: 74.2075%;\">Wi-Fi 802.11 a\/b\/g\/n\/ac (2.4 G + 5 G)<\/td>\n<\/tr>\n<tr>\n<td style=\"width: 25.5043%;\"><strong>C\u1ed5ng m\u1ea1ng Wired<\/strong><\/td>\n<td style=\"width: 74.2075%;\">1 \u00d7 RJ45 Ethernet (PoE h\u1ed7 tr\u1ee3)<\/td>\n<\/tr>\n<tr>\n<td style=\"width: 25.5043%;\"><strong>USB<\/strong><\/td>\n<td style=\"width: 74.2075%;\">1 \u00d7 USB-C<\/td>\n<\/tr>\n<tr>\n<td style=\"width: 25.5043%;\"><strong>B\u1ea3o m\u1eadt<\/strong><\/td>\n<td style=\"width: 74.2075%;\">H\u1ed7 tr\u1ee3 kh\u00f3a Kensington<\/td>\n<\/tr>\n<tr>\n<td style=\"width: 25.5043%;\"><strong>L\u1eafp \u0111\u1eb7t<\/strong><\/td>\n<td style=\"width: 74.2075%;\">H\u1ed7 tr\u1ee3 gi\u00e1 treo VESA &amp; \u0111\u1ec3 b\u00e0n<\/td>\n<\/tr>\n<tr>\n<td style=\"width: 25.5043%;\"><strong>K\u00edch th\u01b0\u1edbc<\/strong><\/td>\n<td style=\"width: 74.2075%;\">240 \u00d7 158 \u00d7 20 mm<\/td>\n<\/tr>\n<tr>\n<td style=\"width: 25.5043%;\"><strong>Tr\u1ecdng l\u01b0\u1ee3ng<\/strong><\/td>\n<td style=\"width: 74.2075%;\">~440 g<\/td>\n<\/tr>\n<tr>\n<td style=\"width: 25.5043%;\"><strong>Ngu\u1ed3n<\/strong><\/td>\n<td style=\"width: 74.2075%;\">PoE ho\u1eb7c Adapter 12 V \/ 1.5 A<\/td>\n<\/tr>\n<tr>\n<td style=\"width: 25.5043%;\"><strong>S\u1eed d\u1ee5ng<\/strong><\/td>\n<td style=\"width: 74.2075%;\">Compatible v\u1edbi Zoom Rooms, Tencent Rooms, NearSync&#8230;<\/td>\n<\/tr>\n<\/tbody>\n<\/table>\n","protected":false},"excerpt":{"rendered":"<p><strong data-start=\"576\" data-end=\"619\">Nearity B10 Conference Touch Controller<\/strong> l\u00e0 trung t\u00e2m \u0111i\u1ec1u khi\u1ec3n c\u1ea3m \u1ee9ng d\u00e0nh cho kh\u00f4ng gian h\u1ecdp hi\u1ec7n \u0111\u1ea1i, t\u00edch h\u1ee3p m\u00e0n h\u00ecnh 10.1 inch Full HD (1920\u00d71200) v\u1edbi thi\u1ebft k\u1ebf ch\u1ea1m nh\u1ea1y, c\u00e1p truy\u1ec1n POE ti\u1ec7n l\u1ee3i v\u00e0 kho\u00e1 b\u1ea3o m\u1eadt Kensington.<\/p>\n","protected":false},"featured_media":1820,"comment_status":"open","ping_status":"closed","template":"","meta":{"_acf_changed":false},"product_cat":[66],"product_tag":[148,147,149],"class_list":{"0":"post-1817","1":"product","2":"type-product","3":"status-publish","4":"has-post-thumbnail","6":"product_cat-accessories","7":"product_tag-conference-touch-controller","8":"product_tag-nearity-b10","9":"product_tag-thiet-bi-phong-hop","11":"first","12":"instock","13":"shipping-taxable","14":"product-type-simple"},"acf":[],"yoast_head":"<!-- This site is optimized with the Yoast SEO plugin v24.6 - https:\/\/yoast.com\/wordpress\/plugins\/seo\/ -->\n<title>Nearity B10 \u2013 B\u1ed9 \u0111i\u1ec1u khi\u1ec3n c\u1ea3m \u1ee9ng h\u1ed9i ngh\u1ecb 10.1\u2033 PoE - Nearity<\/title>\n<meta name=\"description\" content=\"Nearity B10 l\u00e0 b\u1ed9 \u0111i\u1ec1u khi\u1ec3n c\u1ea3m \u1ee9ng 10.1\u2033 PoE cho ph\u00f2ng h\u1ecdp. H\u1ed7 tr\u1ee3 Zoom Rooms, \u0111i\u1ec1u khi\u1ec3n d\u1ec5 d\u00e0ng qua m\u00e0n h\u00ecnh ch\u1ea1m, ti\u1ebft ki\u1ec7m c\u00e1p, l\u1eafp linh ho\u1ea1t.\" \/>\n<meta name=\"robots\" content=\"index, follow, max-snippet:-1, max-image-preview:large, max-video-preview:-1\" \/>\n<link rel=\"canonical\" href=\"https:\/\/visionteco.com\/en\/product\/nearity-b10-bo-djieu-khien-cam-ung-hoi-nghi-101%e2%80%b3-poe\/\" \/>\n<meta property=\"og:locale\" content=\"en_US\" \/>\n<meta property=\"og:type\" content=\"article\" \/>\n<meta property=\"og:title\" content=\"Nearity B10 \u2013 B\u1ed9 \u0111i\u1ec1u khi\u1ec3n c\u1ea3m \u1ee9ng h\u1ed9i ngh\u1ecb 10.1\u2033 PoE - Nearity\" \/>\n<meta property=\"og:description\" content=\"Nearity B10 l\u00e0 b\u1ed9 \u0111i\u1ec1u khi\u1ec3n c\u1ea3m \u1ee9ng 10.1\u2033 PoE cho ph\u00f2ng h\u1ecdp. H\u1ed7 tr\u1ee3 Zoom Rooms, \u0111i\u1ec1u khi\u1ec3n d\u1ec5 d\u00e0ng qua m\u00e0n h\u00ecnh ch\u1ea1m, ti\u1ebft ki\u1ec7m c\u00e1p, l\u1eafp linh ho\u1ea1t.\" \/>\n<meta property=\"og:url\" content=\"https:\/\/visionteco.com\/en\/product\/nearity-b10-bo-djieu-khien-cam-ung-hoi-nghi-101%e2%80%b3-poe\/\" \/>\n<meta property=\"og:site_name\" content=\"Nearity\" \/>\n<meta property=\"og:image\" content=\"https:\/\/visionteco.com\/wp-content\/uploads\/2025\/08\/B10_1.webp\" \/>\n\t<meta property=\"og:image:width\" content=\"2280\" \/>\n\t<meta property=\"og:image:height\" content=\"1288\" \/>\n\t<meta property=\"og:image:type\" content=\"image\/webp\" \/>\n<meta name=\"twitter:card\" content=\"summary_large_image\" \/>\n<meta name=\"twitter:label1\" content=\"Est. reading time\" \/>\n\t<meta name=\"twitter:data1\" content=\"2 minutes\" \/>\n<script type=\"application\/ld+json\" class=\"yoast-schema-graph\">{\"@context\":\"https:\/\/schema.org\",\"@graph\":[{\"@type\":\"WebPage\",\"@id\":\"https:\/\/visionteco.com\/en\/product\/nearity-b10-bo-djieu-khien-cam-ung-hoi-nghi-101%e2%80%b3-poe\/\",\"url\":\"https:\/\/visionteco.com\/en\/product\/nearity-b10-bo-djieu-khien-cam-ung-hoi-nghi-101%e2%80%b3-poe\/\",\"name\":\"Nearity B10 \u2013 B\u1ed9 \u0111i\u1ec1u khi\u1ec3n c\u1ea3m \u1ee9ng h\u1ed9i ngh\u1ecb 10.1\u2033 PoE - Nearity\",\"isPartOf\":{\"@id\":\"https:\/\/visionteco.com\/en\/#website\"},\"primaryImageOfPage\":{\"@id\":\"https:\/\/visionteco.com\/en\/product\/nearity-b10-bo-djieu-khien-cam-ung-hoi-nghi-101%e2%80%b3-poe\/#primaryimage\"},\"image\":{\"@id\":\"https:\/\/visionteco.com\/en\/product\/nearity-b10-bo-djieu-khien-cam-ung-hoi-nghi-101%e2%80%b3-poe\/#primaryimage\"},\"thumbnailUrl\":\"https:\/\/visionteco.com\/wp-content\/uploads\/2025\/08\/B10_1.webp\",\"datePublished\":\"2025-08-28T03:04:49+00:00\",\"description\":\"Nearity B10 l\u00e0 b\u1ed9 \u0111i\u1ec1u khi\u1ec3n c\u1ea3m \u1ee9ng 10.1\u2033 PoE cho ph\u00f2ng h\u1ecdp. H\u1ed7 tr\u1ee3 Zoom Rooms, \u0111i\u1ec1u khi\u1ec3n d\u1ec5 d\u00e0ng qua m\u00e0n h\u00ecnh ch\u1ea1m, ti\u1ebft ki\u1ec7m c\u00e1p, l\u1eafp linh ho\u1ea1t.\",\"breadcrumb\":{\"@id\":\"https:\/\/visionteco.com\/en\/product\/nearity-b10-bo-djieu-khien-cam-ung-hoi-nghi-101%e2%80%b3-poe\/#breadcrumb\"},\"inLanguage\":\"en-US\",\"potentialAction\":[{\"@type\":\"ReadAction\",\"target\":[\"https:\/\/visionteco.com\/en\/product\/nearity-b10-bo-djieu-khien-cam-ung-hoi-nghi-101%e2%80%b3-poe\/\"]}]},{\"@type\":\"ImageObject\",\"inLanguage\":\"en-US\",\"@id\":\"https:\/\/visionteco.com\/en\/product\/nearity-b10-bo-djieu-khien-cam-ung-hoi-nghi-101%e2%80%b3-poe\/#primaryimage\",\"url\":\"https:\/\/visionteco.com\/wp-content\/uploads\/2025\/08\/B10_1.webp\",\"contentUrl\":\"https:\/\/visionteco.com\/wp-content\/uploads\/2025\/08\/B10_1.webp\",\"width\":2280,\"height\":1288,\"caption\":\"Nearity B10 Conference Touch Controller\"},{\"@type\":\"BreadcrumbList\",\"@id\":\"https:\/\/visionteco.com\/en\/product\/nearity-b10-bo-djieu-khien-cam-ung-hoi-nghi-101%e2%80%b3-poe\/#breadcrumb\",\"itemListElement\":[{\"@type\":\"ListItem\",\"position\":1,\"name\":\"Trang ch\u1ee7\",\"item\":\"https:\/\/visionteco.com\/en\/\"},{\"@type\":\"ListItem\",\"position\":2,\"name\":\"Shop\",\"item\":\"https:\/\/visionteco.com\/en\/shop\/\"},{\"@type\":\"ListItem\",\"position\":3,\"name\":\"Nearity B10 \u2013 B\u1ed9 \u0111i\u1ec1u khi\u1ec3n c\u1ea3m \u1ee9ng h\u1ed9i ngh\u1ecb 10.1\u2033 PoE\"}]},{\"@type\":\"WebSite\",\"@id\":\"https:\/\/visionteco.com\/en\/#website\",\"url\":\"https:\/\/visionteco.com\/en\/\",\"name\":\"Nearity\",\"description\":\"\",\"potentialAction\":[{\"@type\":\"SearchAction\",\"target\":{\"@type\":\"EntryPoint\",\"urlTemplate\":\"https:\/\/visionteco.com\/en\/?s={search_term_string}\"},\"query-input\":{\"@type\":\"PropertyValueSpecification\",\"valueRequired\":true,\"valueName\":\"search_term_string\"}}],\"inLanguage\":\"en-US\"}]}<\/script>\n<!-- \/ Yoast SEO plugin. -->","yoast_head_json":{"title":"Nearity B10 \u2013 B\u1ed9 \u0111i\u1ec1u khi\u1ec3n c\u1ea3m \u1ee9ng h\u1ed9i ngh\u1ecb 10.1\u2033 PoE - Nearity","description":"Nearity B10 l\u00e0 b\u1ed9 \u0111i\u1ec1u khi\u1ec3n c\u1ea3m \u1ee9ng 10.1\u2033 PoE cho ph\u00f2ng h\u1ecdp. H\u1ed7 tr\u1ee3 Zoom Rooms, \u0111i\u1ec1u khi\u1ec3n d\u1ec5 d\u00e0ng qua m\u00e0n h\u00ecnh ch\u1ea1m, ti\u1ebft ki\u1ec7m c\u00e1p, l\u1eafp linh ho\u1ea1t.","robots":{"index":"index","follow":"follow","max-snippet":"max-snippet:-1","max-image-preview":"max-image-preview:large","max-video-preview":"max-video-preview:-1"},"canonical":"https:\/\/visionteco.com\/en\/product\/nearity-b10-bo-djieu-khien-cam-ung-hoi-nghi-101%e2%80%b3-poe\/","og_locale":"en_US","og_type":"article","og_title":"Nearity B10 \u2013 B\u1ed9 \u0111i\u1ec1u khi\u1ec3n c\u1ea3m \u1ee9ng h\u1ed9i ngh\u1ecb 10.1\u2033 PoE - Nearity","og_description":"Nearity B10 l\u00e0 b\u1ed9 \u0111i\u1ec1u khi\u1ec3n c\u1ea3m \u1ee9ng 10.1\u2033 PoE cho ph\u00f2ng h\u1ecdp. H\u1ed7 tr\u1ee3 Zoom Rooms, \u0111i\u1ec1u khi\u1ec3n d\u1ec5 d\u00e0ng qua m\u00e0n h\u00ecnh ch\u1ea1m, ti\u1ebft ki\u1ec7m c\u00e1p, l\u1eafp linh ho\u1ea1t.","og_url":"https:\/\/visionteco.com\/en\/product\/nearity-b10-bo-djieu-khien-cam-ung-hoi-nghi-101%e2%80%b3-poe\/","og_site_name":"Nearity","og_image":[{"width":2280,"height":1288,"url":"https:\/\/visionteco.com\/wp-content\/uploads\/2025\/08\/B10_1.webp","type":"image\/webp"}],"twitter_card":"summary_large_image","twitter_misc":{"Est. reading time":"2 minutes"},"schema":{"@context":"https:\/\/schema.org","@graph":[{"@type":"WebPage","@id":"https:\/\/visionteco.com\/en\/product\/nearity-b10-bo-djieu-khien-cam-ung-hoi-nghi-101%e2%80%b3-poe\/","url":"https:\/\/visionteco.com\/en\/product\/nearity-b10-bo-djieu-khien-cam-ung-hoi-nghi-101%e2%80%b3-poe\/","name":"Nearity B10 \u2013 B\u1ed9 \u0111i\u1ec1u khi\u1ec3n c\u1ea3m \u1ee9ng h\u1ed9i ngh\u1ecb 10.1\u2033 PoE - Nearity","isPartOf":{"@id":"https:\/\/visionteco.com\/en\/#website"},"primaryImageOfPage":{"@id":"https:\/\/visionteco.com\/en\/product\/nearity-b10-bo-djieu-khien-cam-ung-hoi-nghi-101%e2%80%b3-poe\/#primaryimage"},"image":{"@id":"https:\/\/visionteco.com\/en\/product\/nearity-b10-bo-djieu-khien-cam-ung-hoi-nghi-101%e2%80%b3-poe\/#primaryimage"},"thumbnailUrl":"https:\/\/visionteco.com\/wp-content\/uploads\/2025\/08\/B10_1.webp","datePublished":"2025-08-28T03:04:49+00:00","description":"Nearity B10 l\u00e0 b\u1ed9 \u0111i\u1ec1u khi\u1ec3n c\u1ea3m \u1ee9ng 10.1\u2033 PoE cho ph\u00f2ng h\u1ecdp. H\u1ed7 tr\u1ee3 Zoom Rooms, \u0111i\u1ec1u khi\u1ec3n d\u1ec5 d\u00e0ng qua m\u00e0n h\u00ecnh ch\u1ea1m, ti\u1ebft ki\u1ec7m c\u00e1p, l\u1eafp linh ho\u1ea1t.","breadcrumb":{"@id":"https:\/\/visionteco.com\/en\/product\/nearity-b10-bo-djieu-khien-cam-ung-hoi-nghi-101%e2%80%b3-poe\/#breadcrumb"},"inLanguage":"en-US","potentialAction":[{"@type":"ReadAction","target":["https:\/\/visionteco.com\/en\/product\/nearity-b10-bo-djieu-khien-cam-ung-hoi-nghi-101%e2%80%b3-poe\/"]}]},{"@type":"ImageObject","inLanguage":"en-US","@id":"https:\/\/visionteco.com\/en\/product\/nearity-b10-bo-djieu-khien-cam-ung-hoi-nghi-101%e2%80%b3-poe\/#primaryimage","url":"https:\/\/visionteco.com\/wp-content\/uploads\/2025\/08\/B10_1.webp","contentUrl":"https:\/\/visionteco.com\/wp-content\/uploads\/2025\/08\/B10_1.webp","width":2280,"height":1288,"caption":"Nearity B10 Conference Touch Controller"},{"@type":"BreadcrumbList","@id":"https:\/\/visionteco.com\/en\/product\/nearity-b10-bo-djieu-khien-cam-ung-hoi-nghi-101%e2%80%b3-poe\/#breadcrumb","itemListElement":[{"@type":"ListItem","position":1,"name":"Trang ch\u1ee7","item":"https:\/\/visionteco.com\/en\/"},{"@type":"ListItem","position":2,"name":"Shop","item":"https:\/\/visionteco.com\/en\/shop\/"},{"@type":"ListItem","position":3,"name":"Nearity B10 \u2013 B\u1ed9 \u0111i\u1ec1u khi\u1ec3n c\u1ea3m \u1ee9ng h\u1ed9i ngh\u1ecb 10.1\u2033 PoE"}]},{"@type":"WebSite","@id":"https:\/\/visionteco.com\/en\/#website","url":"https:\/\/visionteco.com\/en\/","name":"Nearity","description":"","potentialAction":[{"@type":"SearchAction","target":{"@type":"EntryPoint","urlTemplate":"https:\/\/visionteco.com\/en\/?s={search_term_string}"},"query-input":{"@type":"PropertyValueSpecification","valueRequired":true,"valueName":"search_term_string"}}],"inLanguage":"en-US"}]}},"_links":{"self":[{"href":"https:\/\/visionteco.com\/en\/wp-json\/wp\/v2\/product\/1817","targetHints":{"allow":["GET"]}}],"collection":[{"href":"https:\/\/visionteco.com\/en\/wp-json\/wp\/v2\/product"}],"about":[{"href":"https:\/\/visionteco.com\/en\/wp-json\/wp\/v2\/types\/product"}],"replies":[{"embeddable":true,"href":"https:\/\/visionteco.com\/en\/wp-json\/wp\/v2\/comments?post=1817"}],"wp:featuredmedia":[{"embeddable":true,"href":"https:\/\/visionteco.com\/en\/wp-json\/wp\/v2\/media\/1820"}],"wp:attachment":[{"href":"https:\/\/visionteco.com\/en\/wp-json\/wp\/v2\/media?parent=1817"}],"wp:term":[{"taxonomy":"product_cat","embeddable":true,"href":"https:\/\/visionteco.com\/en\/wp-json\/wp\/v2\/product_cat?post=1817"},{"taxonomy":"product_tag","embeddable":true,"href":"https:\/\/visionteco.com\/en\/wp-json\/wp\/v2\/product_tag?post=1817"}],"curies":[{"name":"wp","href":"https:\/\/api.w.org\/{rel}","templated":true}]}}