{"id":1767,"date":"2025-08-27T03:01:44","date_gmt":"2025-08-27T03:01:44","guid":{"rendered":"https:\/\/visionteco.com\/?post_type=product&#038;p=1767"},"modified":"2025-08-27T03:03:32","modified_gmt":"2025-08-27T03:03:32","slug":"nearity-act10-bo-dieu-khien-thong-minh-cho-he-thong-micro-tran","status":"publish","type":"product","link":"https:\/\/visionteco.com\/en\/product\/nearity-act10-bo-dieu-khien-thong-minh-cho-he-thong-micro-tran\/","title":{"rendered":"Nearity ACT10 \u2013 B\u1ed9 \u0111i\u1ec1u khi\u1ec3n th\u00f4ng minh cho h\u1ec7 th\u1ed1ng micro tr\u1ea7n"},"content":{"rendered":"<p><span style=\"font-family: arial, helvetica, sans-serif;\">Nearity ACT10 l\u00e0 b\u1ed9 \u0111i\u1ec1u khi\u1ec3n c\u1ea3m \u1ee9ng th\u00f4ng minh \u0111\u01b0\u1ee3c thi\u1ebft k\u1ebf chuy\u00ean bi\u1ec7t cho h\u1ec7 th\u1ed1ng micro tr\u1ea7n, mang \u0111\u1ebfn gi\u1ea3i ph\u00e1p qu\u1ea3n l\u00fd \u00e2m thanh ti\u1ec7n l\u1ee3i v\u00e0 hi\u1ec7u qu\u1ea3 trong kh\u00f4ng gian h\u1ecdp. Thi\u1ebft b\u1ecb cho ph\u00e9p ng\u01b0\u1eddi d\u00f9ng d\u1ec5 d\u00e0ng \u0111i\u1ec1u ch\u1ec9nh \u00e2m l\u01b0\u1ee3ng, b\u1eadt\/t\u1eaft ch\u1ebf \u0111\u1ed9 mute v\u00e0 k\u00edch ho\u1ea1t ch\u1ebf \u0111\u1ed9 khu\u1ebfch \u0111\u1ea1i \u00e2m thanh c\u1ee5c b\u1ed9 ch\u1ec9 v\u1edbi m\u1ed9t thao t\u00e1c ch\u1ea1m nhanh ch\u00f3ng. Nh\u1edd t\u00ednh n\u0103ng One-Touch Mode, ACT10 gi\u00fap t\u1ed1i \u01b0u tr\u1ea3i nghi\u1ec7m h\u1ecdp, \u0111\u1ea3m b\u1ea3o \u00e2m thanh r\u00f5 r\u00e0ng v\u00e0 m\u01b0\u1ee3t m\u00e0 cho m\u1ecdi th\u00e0nh vi\u00ean. V\u1edbi thi\u1ebft k\u1ebf nh\u1ecf g\u1ecdn, hi\u1ec7n \u0111\u1ea1i, kh\u1ea3 n\u0103ng l\u1eafp \u0111\u1eb7t linh ho\u1ea1t v\u00e0 \u0111\u1ed9 t\u01b0\u01a1ng th\u00edch cao v\u1edbi AMX100 DSP, s\u1ea3n ph\u1ea9m ph\u00f9 h\u1ee3p cho nhi\u1ec1u lo\u1ea1i ph\u00f2ng h\u1ecdp t\u1eeb v\u1eeba \u0111\u1ebfn l\u1edbn. Nearity ACT10 kh\u00f4ng ch\u1ec9 mang l\u1ea1i s\u1ef1 ti\u1ec7n l\u1ee3i trong \u0111i\u1ec1u khi\u1ec3n m\u00e0 c\u00f2n g\u00f3p ph\u1ea7n n\u00e2ng cao ch\u1ea5t l\u01b0\u1ee3ng giao ti\u1ebfp, t\u1ea1o n\u00ean m\u00f4i tr\u01b0\u1eddng h\u1ed9i ngh\u1ecb chuy\u00ean nghi\u1ec7p, hi\u1ec7u qu\u1ea3 v\u00e0 \u0111\u00e1ng tin c\u1eady.<\/span><\/p>\n<h2 data-start=\"982\" data-end=\"1009\"><span style=\"font-family: arial, helvetica, sans-serif;\"><strong data-start=\"985\" data-end=\"1007\">T\u00ednh n\u0103ng n\u1ed5i b\u1eadt:<\/strong><\/span><\/h2>\n<ul data-start=\"1010\" data-end=\"1457\">\n<li data-start=\"1010\" data-end=\"1088\">\n<p data-start=\"1012\" data-end=\"1088\"><span style=\"font-family: arial, helvetica, sans-serif;\"><strong data-start=\"1015\" data-end=\"1033\">Smart Control:<\/strong> \u0110i\u1ec1u khi\u1ec3n micro tr\u1ea7n d\u1ec5 d\u00e0ng b\u1eb1ng thao t\u00e1c c\u1ea3m \u1ee9ng.<\/span><\/p>\n<\/li>\n<li data-start=\"1089\" data-end=\"1158\">\n<p data-start=\"1091\" data-end=\"1158\"><span style=\"font-family: arial, helvetica, sans-serif;\"><strong data-start=\"1094\" data-end=\"1112\">Volume &amp; Mute:<\/strong> Ch\u1ec9nh \u00e2m l\u01b0\u1ee3ng v\u00e0 b\u1eadt\/t\u1eaft mute nhanh ch\u00f3ng.<\/span><\/p>\n<\/li>\n<li data-start=\"1159\" data-end=\"1239\">\n<p data-start=\"1161\" data-end=\"1239\"><span style=\"font-family: arial, helvetica, sans-serif;\"><strong data-start=\"1163\" data-end=\"1182\">One-Touch Mode:<\/strong> K\u00edch ho\u1ea1t\/t\u1eaft ch\u1ebf \u0111\u1ed9 khu\u1ebfch \u0111\u1ea1i \u00e2m thanh ngay l\u1eadp t\u1ee9c.<\/span><\/p>\n<\/li>\n<li data-start=\"1240\" data-end=\"1315\">\n<p data-start=\"1242\" data-end=\"1315\"><span style=\"font-family: arial, helvetica, sans-serif;\"><strong data-start=\"1245\" data-end=\"1264\">Flexible Setup:<\/strong> D\u1ec5 d\u00e0ng l\u1eafp \u0111\u1eb7t, ph\u00f9 h\u1ee3p v\u1edbi m\u1ecdi kh\u00f4ng gian h\u1ecdp.<\/span><\/p>\n<\/li>\n<li data-start=\"1316\" data-end=\"1381\">\n<p data-start=\"1318\" data-end=\"1381\"><span style=\"font-family: arial, helvetica, sans-serif;\"><strong data-start=\"1321\" data-end=\"1339\">User-Friendly:<\/strong> Giao di\u1ec7n tr\u1ef1c quan, thao t\u00e1c \u0111\u01a1n gi\u1ea3n.<\/span><\/p>\n<\/li>\n<li data-start=\"1382\" data-end=\"1457\">\n<p data-start=\"1384\" data-end=\"1457\"><span style=\"font-family: arial, helvetica, sans-serif;\"><strong data-start=\"1387\" data-end=\"1406\">Enhanced Audio:<\/strong> \u0110\u1ea3m b\u1ea3o ch\u1ea5t l\u01b0\u1ee3ng \u00e2m thanh r\u00f5 n\u00e9t v\u00e0 li\u1ec1n m\u1ea1ch.<\/span><\/p>\n<\/li>\n<\/ul>\n<h2 data-start=\"1464\" data-end=\"1505\"><span style=\"font-family: arial, helvetica, sans-serif;\"><strong data-start=\"1467\" data-end=\"1503\">Th\u00f4ng s\u1ed1 k\u1ef9 thu\u1eadt Nearity ACT10:<\/strong><\/span><\/h2>\n<p data-start=\"1507\" data-end=\"1525\"><span style=\"font-family: arial, helvetica, sans-serif;\"><strong data-start=\"1507\" data-end=\"1523\">T\u01b0\u01a1ng th\u00edch:<\/strong><\/span><\/p>\n<ul data-start=\"1526\" data-end=\"1540\">\n<li data-start=\"1526\" data-end=\"1540\">\n<p data-start=\"1528\" data-end=\"1540\"><span style=\"font-family: arial, helvetica, sans-serif;\">AMX100 DSP<\/span><\/p>\n<\/li>\n<\/ul>\n<p data-start=\"1542\" data-end=\"1556\"><span style=\"font-family: arial, helvetica, sans-serif;\"><strong data-start=\"1542\" data-end=\"1554\">K\u1ebft n\u1ed1i:<\/strong><\/span><\/p>\n<ul data-start=\"1557\" data-end=\"1569\">\n<li data-start=\"1557\" data-end=\"1569\">\n<p data-start=\"1559\" data-end=\"1569\"><span style=\"font-family: arial, helvetica, sans-serif;\">1 x RJ45<\/span><\/p>\n<\/li>\n<\/ul>\n<p data-start=\"1571\" data-end=\"1598\"><span style=\"font-family: arial, helvetica, sans-serif;\"><strong data-start=\"1571\" data-end=\"1596\">Tr\u1ecdng l\u01b0\u1ee3ng \u0111\u00f3ng g\u00f3i:<\/strong><\/span><\/p>\n<ul data-start=\"1599\" data-end=\"1611\">\n<li data-start=\"1599\" data-end=\"1611\">\n<p data-start=\"1601\" data-end=\"1611\"><span style=\"font-family: arial, helvetica, sans-serif;\">0.355 lb<\/span><\/p>\n<\/li>\n<\/ul>\n<p data-start=\"1613\" data-end=\"1642\"><span style=\"font-family: arial, helvetica, sans-serif;\"><strong data-start=\"1613\" data-end=\"1640\">K\u00edch th\u01b0\u1edbc h\u1ed9p (LxWxH):<\/strong><\/span><\/p>\n<ul data-start=\"1643\" data-end=\"1667\">\n<li data-start=\"1643\" data-end=\"1667\">\n<p data-start=\"1645\" data-end=\"1667\"><span style=\"font-family: arial, helvetica, sans-serif;\">4.6 x 4.2 x 2.3 inch<\/span><\/p>\n<\/li>\n<\/ul>\n","protected":false},"excerpt":{"rendered":"<p><span style=\"font-family: arial, helvetica, sans-serif;\">Nearity ACT10 l\u00e0 b\u1ed9 \u0111i\u1ec1u khi\u1ec3n c\u1ea3m \u1ee9ng th\u00f4ng minh d\u00e0nh cho h\u1ec7 th\u1ed1ng micro tr\u1ea7n, gi\u00fap t\u1ed1i \u01b0u tr\u1ea3i nghi\u1ec7m ph\u00f2ng h\u1ecdp v\u1edbi kh\u1ea3 n\u0103ng qu\u1ea3n l\u00fd \u00e2m thanh linh ho\u1ea1t v\u00e0 d\u1ec5 d\u00e0ng. Thi\u1ebft b\u1ecb cho ph\u00e9p ng\u01b0\u1eddi d\u00f9ng \u0111i\u1ec1u ch\u1ec9nh \u00e2m l\u01b0\u1ee3ng, b\u1eadt\/t\u1eaft mute v\u00e0 k\u00edch ho\u1ea1t ch\u1ebf \u0111\u1ed9 khu\u1ebfch \u0111\u1ea1i \u00e2m thanh ch\u1ec9 b\u1eb1ng m\u1ed9t ch\u1ea1m. V\u1edbi thi\u1ebft k\u1ebf nh\u1ecf g\u1ecdn, hi\u1ec7n \u0111\u1ea1i v\u00e0 t\u00ednh t\u01b0\u01a1ng th\u00edch cao, ACT10 l\u00e0 gi\u1ea3i ph\u00e1p l\u00fd t\u01b0\u1edfng \u0111\u1ec3 n\u00e2ng cao hi\u1ec7u qu\u1ea3 giao ti\u1ebfp v\u00e0 ch\u1ea5t l\u01b0\u1ee3ng \u00e2m thanh trong c\u00e1c kh\u00f4ng gian h\u1ed9i ngh\u1ecb chuy\u00ean nghi\u1ec7p.<\/span><\/p>\n","protected":false},"featured_media":1772,"comment_status":"open","ping_status":"closed","template":"","meta":{"_acf_changed":false},"product_cat":[66,51],"product_tag":[129,130,86,128],"class_list":{"0":"post-1767","1":"product","2":"type-product","3":"status-publish","4":"has-post-thumbnail","6":"product_cat-accessories","7":"product_cat-microphone","8":"product_tag-ceiling-mic-controller","9":"product_tag-dieu-khien-micro-tran","10":"product_tag-giai-phap-phong-hop","11":"product_tag-nearity-act10","13":"first","14":"instock","15":"shipping-taxable","16":"product-type-simple"},"acf":[],"yoast_head":"<!-- This site is optimized with the Yoast SEO plugin v24.6 - https:\/\/yoast.com\/wordpress\/plugins\/seo\/ -->\n<title>Nearity ACT10 \u2013 B\u1ed9 \u0111i\u1ec1u khi\u1ec3n th\u00f4ng minh cho h\u1ec7 th\u1ed1ng micro tr\u1ea7n - Nearity<\/title>\n<meta name=\"description\" content=\"Nearity ACT10 \u2013 ph\u1ee5 ki\u1ec7n \u0111i\u1ec1u khi\u1ec3n micro tr\u1ea7n th\u00f4ng minh, h\u1ed7 tr\u1ee3 ch\u1ec9nh \u00e2m l\u01b0\u1ee3ng, mute, v\u00e0 ch\u1ebf \u0111\u1ed9 khu\u1ebfch \u0111\u1ea1i \u00e2m thanh nhanh ch\u00f3ng, ti\u1ec7n l\u1ee3i.\" \/>\n<meta name=\"robots\" content=\"index, follow, max-snippet:-1, max-image-preview:large, max-video-preview:-1\" \/>\n<link rel=\"canonical\" href=\"https:\/\/visionteco.com\/en\/product\/nearity-act10-bo-dieu-khien-thong-minh-cho-he-thong-micro-tran\/\" \/>\n<meta property=\"og:locale\" content=\"en_US\" \/>\n<meta property=\"og:type\" content=\"article\" \/>\n<meta property=\"og:title\" content=\"Nearity ACT10 \u2013 B\u1ed9 \u0111i\u1ec1u khi\u1ec3n th\u00f4ng minh cho h\u1ec7 th\u1ed1ng micro tr\u1ea7n - Nearity\" \/>\n<meta property=\"og:description\" content=\"Nearity ACT10 \u2013 ph\u1ee5 ki\u1ec7n \u0111i\u1ec1u khi\u1ec3n micro tr\u1ea7n th\u00f4ng minh, h\u1ed7 tr\u1ee3 ch\u1ec9nh \u00e2m l\u01b0\u1ee3ng, mute, v\u00e0 ch\u1ebf \u0111\u1ed9 khu\u1ebfch \u0111\u1ea1i \u00e2m thanh nhanh ch\u00f3ng, ti\u1ec7n l\u1ee3i.\" \/>\n<meta property=\"og:url\" content=\"https:\/\/visionteco.com\/en\/product\/nearity-act10-bo-dieu-khien-thong-minh-cho-he-thong-micro-tran\/\" \/>\n<meta property=\"og:site_name\" content=\"Nearity\" \/>\n<meta property=\"article:modified_time\" content=\"2025-08-27T03:03:32+00:00\" \/>\n<meta property=\"og:image\" content=\"https:\/\/visionteco.com\/wp-content\/uploads\/2025\/08\/1749554688_IMG_2508504.jpg\" \/>\n\t<meta property=\"og:image:width\" content=\"500\" \/>\n\t<meta property=\"og:image:height\" content=\"500\" \/>\n\t<meta property=\"og:image:type\" content=\"image\/jpeg\" \/>\n<meta name=\"twitter:card\" content=\"summary_large_image\" \/>\n<meta name=\"twitter:label1\" content=\"Est. reading time\" \/>\n\t<meta name=\"twitter:data1\" content=\"2 minutes\" \/>\n<script type=\"application\/ld+json\" class=\"yoast-schema-graph\">{\"@context\":\"https:\/\/schema.org\",\"@graph\":[{\"@type\":\"WebPage\",\"@id\":\"https:\/\/visionteco.com\/en\/product\/nearity-act10-bo-dieu-khien-thong-minh-cho-he-thong-micro-tran\/\",\"url\":\"https:\/\/visionteco.com\/en\/product\/nearity-act10-bo-dieu-khien-thong-minh-cho-he-thong-micro-tran\/\",\"name\":\"Nearity ACT10 \u2013 B\u1ed9 \u0111i\u1ec1u khi\u1ec3n th\u00f4ng minh cho h\u1ec7 th\u1ed1ng micro tr\u1ea7n - Nearity\",\"isPartOf\":{\"@id\":\"https:\/\/visionteco.com\/en\/#website\"},\"primaryImageOfPage\":{\"@id\":\"https:\/\/visionteco.com\/en\/product\/nearity-act10-bo-dieu-khien-thong-minh-cho-he-thong-micro-tran\/#primaryimage\"},\"image\":{\"@id\":\"https:\/\/visionteco.com\/en\/product\/nearity-act10-bo-dieu-khien-thong-minh-cho-he-thong-micro-tran\/#primaryimage\"},\"thumbnailUrl\":\"https:\/\/visionteco.com\/wp-content\/uploads\/2025\/08\/1749554688_IMG_2508504.jpg\",\"datePublished\":\"2025-08-27T03:01:44+00:00\",\"dateModified\":\"2025-08-27T03:03:32+00:00\",\"description\":\"Nearity ACT10 \u2013 ph\u1ee5 ki\u1ec7n \u0111i\u1ec1u khi\u1ec3n micro tr\u1ea7n th\u00f4ng minh, h\u1ed7 tr\u1ee3 ch\u1ec9nh \u00e2m l\u01b0\u1ee3ng, mute, v\u00e0 ch\u1ebf \u0111\u1ed9 khu\u1ebfch \u0111\u1ea1i \u00e2m thanh nhanh ch\u00f3ng, ti\u1ec7n l\u1ee3i.\",\"breadcrumb\":{\"@id\":\"https:\/\/visionteco.com\/en\/product\/nearity-act10-bo-dieu-khien-thong-minh-cho-he-thong-micro-tran\/#breadcrumb\"},\"inLanguage\":\"en-US\",\"potentialAction\":[{\"@type\":\"ReadAction\",\"target\":[\"https:\/\/visionteco.com\/en\/product\/nearity-act10-bo-dieu-khien-thong-minh-cho-he-thong-micro-tran\/\"]}]},{\"@type\":\"ImageObject\",\"inLanguage\":\"en-US\",\"@id\":\"https:\/\/visionteco.com\/en\/product\/nearity-act10-bo-dieu-khien-thong-minh-cho-he-thong-micro-tran\/#primaryimage\",\"url\":\"https:\/\/visionteco.com\/wp-content\/uploads\/2025\/08\/1749554688_IMG_2508504.jpg\",\"contentUrl\":\"https:\/\/visionteco.com\/wp-content\/uploads\/2025\/08\/1749554688_IMG_2508504.jpg\",\"width\":500,\"height\":500,\"caption\":\"Nearity ACT10 Ceiling-Mic Controller\"},{\"@type\":\"BreadcrumbList\",\"@id\":\"https:\/\/visionteco.com\/en\/product\/nearity-act10-bo-dieu-khien-thong-minh-cho-he-thong-micro-tran\/#breadcrumb\",\"itemListElement\":[{\"@type\":\"ListItem\",\"position\":1,\"name\":\"Trang ch\u1ee7\",\"item\":\"https:\/\/visionteco.com\/en\/\"},{\"@type\":\"ListItem\",\"position\":2,\"name\":\"Shop\",\"item\":\"https:\/\/visionteco.com\/en\/shop\/\"},{\"@type\":\"ListItem\",\"position\":3,\"name\":\"Nearity ACT10 \u2013 B\u1ed9 \u0111i\u1ec1u khi\u1ec3n th\u00f4ng minh cho h\u1ec7 th\u1ed1ng micro tr\u1ea7n\"}]},{\"@type\":\"WebSite\",\"@id\":\"https:\/\/visionteco.com\/en\/#website\",\"url\":\"https:\/\/visionteco.com\/en\/\",\"name\":\"Nearity\",\"description\":\"\",\"potentialAction\":[{\"@type\":\"SearchAction\",\"target\":{\"@type\":\"EntryPoint\",\"urlTemplate\":\"https:\/\/visionteco.com\/en\/?s={search_term_string}\"},\"query-input\":{\"@type\":\"PropertyValueSpecification\",\"valueRequired\":true,\"valueName\":\"search_term_string\"}}],\"inLanguage\":\"en-US\"}]}<\/script>\n<!-- \/ Yoast SEO plugin. -->","yoast_head_json":{"title":"Nearity ACT10 \u2013 B\u1ed9 \u0111i\u1ec1u khi\u1ec3n th\u00f4ng minh cho h\u1ec7 th\u1ed1ng micro tr\u1ea7n - Nearity","description":"Nearity ACT10 \u2013 ph\u1ee5 ki\u1ec7n \u0111i\u1ec1u khi\u1ec3n micro tr\u1ea7n th\u00f4ng minh, h\u1ed7 tr\u1ee3 ch\u1ec9nh \u00e2m l\u01b0\u1ee3ng, mute, v\u00e0 ch\u1ebf \u0111\u1ed9 khu\u1ebfch \u0111\u1ea1i \u00e2m thanh nhanh ch\u00f3ng, ti\u1ec7n l\u1ee3i.","robots":{"index":"index","follow":"follow","max-snippet":"max-snippet:-1","max-image-preview":"max-image-preview:large","max-video-preview":"max-video-preview:-1"},"canonical":"https:\/\/visionteco.com\/en\/product\/nearity-act10-bo-dieu-khien-thong-minh-cho-he-thong-micro-tran\/","og_locale":"en_US","og_type":"article","og_title":"Nearity ACT10 \u2013 B\u1ed9 \u0111i\u1ec1u khi\u1ec3n th\u00f4ng minh cho h\u1ec7 th\u1ed1ng micro tr\u1ea7n - Nearity","og_description":"Nearity ACT10 \u2013 ph\u1ee5 ki\u1ec7n \u0111i\u1ec1u khi\u1ec3n micro tr\u1ea7n th\u00f4ng minh, h\u1ed7 tr\u1ee3 ch\u1ec9nh \u00e2m l\u01b0\u1ee3ng, mute, v\u00e0 ch\u1ebf \u0111\u1ed9 khu\u1ebfch \u0111\u1ea1i \u00e2m thanh nhanh ch\u00f3ng, ti\u1ec7n l\u1ee3i.","og_url":"https:\/\/visionteco.com\/en\/product\/nearity-act10-bo-dieu-khien-thong-minh-cho-he-thong-micro-tran\/","og_site_name":"Nearity","article_modified_time":"2025-08-27T03:03:32+00:00","og_image":[{"width":500,"height":500,"url":"https:\/\/visionteco.com\/wp-content\/uploads\/2025\/08\/1749554688_IMG_2508504.jpg","type":"image\/jpeg"}],"twitter_card":"summary_large_image","twitter_misc":{"Est. reading time":"2 minutes"},"schema":{"@context":"https:\/\/schema.org","@graph":[{"@type":"WebPage","@id":"https:\/\/visionteco.com\/en\/product\/nearity-act10-bo-dieu-khien-thong-minh-cho-he-thong-micro-tran\/","url":"https:\/\/visionteco.com\/en\/product\/nearity-act10-bo-dieu-khien-thong-minh-cho-he-thong-micro-tran\/","name":"Nearity ACT10 \u2013 B\u1ed9 \u0111i\u1ec1u khi\u1ec3n th\u00f4ng minh cho h\u1ec7 th\u1ed1ng micro tr\u1ea7n - Nearity","isPartOf":{"@id":"https:\/\/visionteco.com\/en\/#website"},"primaryImageOfPage":{"@id":"https:\/\/visionteco.com\/en\/product\/nearity-act10-bo-dieu-khien-thong-minh-cho-he-thong-micro-tran\/#primaryimage"},"image":{"@id":"https:\/\/visionteco.com\/en\/product\/nearity-act10-bo-dieu-khien-thong-minh-cho-he-thong-micro-tran\/#primaryimage"},"thumbnailUrl":"https:\/\/visionteco.com\/wp-content\/uploads\/2025\/08\/1749554688_IMG_2508504.jpg","datePublished":"2025-08-27T03:01:44+00:00","dateModified":"2025-08-27T03:03:32+00:00","description":"Nearity ACT10 \u2013 ph\u1ee5 ki\u1ec7n \u0111i\u1ec1u khi\u1ec3n micro tr\u1ea7n th\u00f4ng minh, h\u1ed7 tr\u1ee3 ch\u1ec9nh \u00e2m l\u01b0\u1ee3ng, mute, v\u00e0 ch\u1ebf \u0111\u1ed9 khu\u1ebfch \u0111\u1ea1i \u00e2m thanh nhanh ch\u00f3ng, ti\u1ec7n l\u1ee3i.","breadcrumb":{"@id":"https:\/\/visionteco.com\/en\/product\/nearity-act10-bo-dieu-khien-thong-minh-cho-he-thong-micro-tran\/#breadcrumb"},"inLanguage":"en-US","potentialAction":[{"@type":"ReadAction","target":["https:\/\/visionteco.com\/en\/product\/nearity-act10-bo-dieu-khien-thong-minh-cho-he-thong-micro-tran\/"]}]},{"@type":"ImageObject","inLanguage":"en-US","@id":"https:\/\/visionteco.com\/en\/product\/nearity-act10-bo-dieu-khien-thong-minh-cho-he-thong-micro-tran\/#primaryimage","url":"https:\/\/visionteco.com\/wp-content\/uploads\/2025\/08\/1749554688_IMG_2508504.jpg","contentUrl":"https:\/\/visionteco.com\/wp-content\/uploads\/2025\/08\/1749554688_IMG_2508504.jpg","width":500,"height":500,"caption":"Nearity ACT10 Ceiling-Mic Controller"},{"@type":"BreadcrumbList","@id":"https:\/\/visionteco.com\/en\/product\/nearity-act10-bo-dieu-khien-thong-minh-cho-he-thong-micro-tran\/#breadcrumb","itemListElement":[{"@type":"ListItem","position":1,"name":"Trang ch\u1ee7","item":"https:\/\/visionteco.com\/en\/"},{"@type":"ListItem","position":2,"name":"Shop","item":"https:\/\/visionteco.com\/en\/shop\/"},{"@type":"ListItem","position":3,"name":"Nearity ACT10 \u2013 B\u1ed9 \u0111i\u1ec1u khi\u1ec3n th\u00f4ng minh cho h\u1ec7 th\u1ed1ng micro tr\u1ea7n"}]},{"@type":"WebSite","@id":"https:\/\/visionteco.com\/en\/#website","url":"https:\/\/visionteco.com\/en\/","name":"Nearity","description":"","potentialAction":[{"@type":"SearchAction","target":{"@type":"EntryPoint","urlTemplate":"https:\/\/visionteco.com\/en\/?s={search_term_string}"},"query-input":{"@type":"PropertyValueSpecification","valueRequired":true,"valueName":"search_term_string"}}],"inLanguage":"en-US"}]}},"_links":{"self":[{"href":"https:\/\/visionteco.com\/en\/wp-json\/wp\/v2\/product\/1767","targetHints":{"allow":["GET"]}}],"collection":[{"href":"https:\/\/visionteco.com\/en\/wp-json\/wp\/v2\/product"}],"about":[{"href":"https:\/\/visionteco.com\/en\/wp-json\/wp\/v2\/types\/product"}],"replies":[{"embeddable":true,"href":"https:\/\/visionteco.com\/en\/wp-json\/wp\/v2\/comments?post=1767"}],"wp:featuredmedia":[{"embeddable":true,"href":"https:\/\/visionteco.com\/en\/wp-json\/wp\/v2\/media\/1772"}],"wp:attachment":[{"href":"https:\/\/visionteco.com\/en\/wp-json\/wp\/v2\/media?parent=1767"}],"wp:term":[{"taxonomy":"product_cat","embeddable":true,"href":"https:\/\/visionteco.com\/en\/wp-json\/wp\/v2\/product_cat?post=1767"},{"taxonomy":"product_tag","embeddable":true,"href":"https:\/\/visionteco.com\/en\/wp-json\/wp\/v2\/product_tag?post=1767"}],"curies":[{"name":"wp","href":"https:\/\/api.w.org\/{rel}","templated":true}]}}