{"id":1681,"date":"2025-08-26T10:15:22","date_gmt":"2025-08-26T10:15:22","guid":{"rendered":"https:\/\/visionteco.com\/?post_type=product&#038;p=1681"},"modified":"2025-08-26T10:15:22","modified_gmt":"2025-08-26T10:15:22","slug":"nearity-v410-camera-hoi-nghi-ptz-2k-ndi-zoom-lai-10x","status":"publish","type":"product","link":"https:\/\/visionteco.com\/en\/product\/nearity-v410-camera-hoi-nghi-ptz-2k-ndi-zoom-lai-10x\/","title":{"rendered":"Nearity V410 \u2013 Camera H\u1ed9i Ngh\u1ecb PTZ 2K NDI Zoom Lai 10x"},"content":{"rendered":"<p data-start=\"559\" data-end=\"911\"><span style=\"font-family: arial, helvetica, sans-serif;\">Nearity V410 \u2013 Camera h\u1ed9i ngh\u1ecb PTZ 2K NDI mang \u0111\u1ebfn ch\u1ea5t l\u01b0\u1ee3ng h\u00ecnh \u1ea3nh s\u1eafc n\u00e9t, \u00e2m thanh trong tr\u1ebbo v\u00e0 kh\u1ea3 n\u0103ng linh ho\u1ea1t cho m\u1ecdi ph\u00f2ng h\u1ecdp chuy\u00ean nghi\u1ec7p. Trang b\u1ecb c\u1ea3m bi\u1ebfn CMOS cao c\u1ea5p, V410 h\u1ed7 tr\u1ee3 \u0111\u1ed9 ph\u00e2n gi\u1ea3i 2K UHD, zoom lai 10x (4x quang h\u1ecdc + 2.5x k\u1ef9 thu\u1eadt s\u1ed1), c\u00f9ng kh\u1ea3 n\u0103ng xoay ngang 350\u00b0 v\u00e0 d\u1ecdc 60\u00b0 gi\u00fap b\u1eaft tr\u1ecdn m\u1ecdi khung h\u00ecnh.<\/span><\/p>\n<p data-start=\"913\" data-end=\"1168\"><span style=\"font-family: arial, helvetica, sans-serif;\">C\u00f4ng ngh\u1ec7 AI kh\u1eed \u1ed3n v\u1edbi 2 micro MEMS t\u00edch h\u1ee3p b\u1ea3o \u0111\u1ea3m gi\u1ecdng n\u00f3i r\u00f5 r\u00e0ng, lo\u1ea1i b\u1ecf t\u1ea1p \u00e2m, ngay c\u1ea3 trong m\u00f4i tr\u01b0\u1eddng nhi\u1ec1u ti\u1ebfng \u0111\u1ed9ng. V410 h\u1ed7 tr\u1ee3 giao th\u1ee9c NDI v\u00e0 RTSP, d\u1ec5 d\u00e0ng k\u1ebft n\u1ed1i v\u00e0 truy\u1ec1n t\u1ea3i h\u00ecnh \u1ea3nh, \u00e2m thanh qua m\u1ea1ng Ethernet ti\u00eau chu\u1ea9n.<\/span><\/p>\n<p data-start=\"1170\" data-end=\"1407\"><span style=\"font-family: arial, helvetica, sans-serif;\">Camera h\u1ed9i ngh\u1ecb Nearity V410 t\u01b0\u01a1ng th\u00edch v\u1edbi nhi\u1ec1u n\u1ec1n t\u1ea3ng nh\u01b0 Windows, macOS, ChromeOS, Linux, cho tr\u1ea3i nghi\u1ec7m Plug &amp; Play ti\u1ec7n l\u1ee3i. Ph\u00f9 h\u1ee3p cho doanh nghi\u1ec7p, l\u1edbp h\u1ecdc tr\u1ef1c tuy\u1ebfn, h\u1ed9i th\u1ea3o v\u00e0 c\u00e1c bu\u1ed5i ph\u00e1t tr\u1ef1c ti\u1ebfp chuy\u00ean nghi\u1ec7p.<\/span><\/p>\n<h2 data-start=\"1414\" data-end=\"1438\"><span style=\"font-family: arial, helvetica, sans-serif;\">T\u00ednh n\u0103ng n\u1ed5i b\u1eadt<\/span><\/h2>\n<ul data-start=\"1439\" data-end=\"1983\">\n<li data-start=\"1439\" data-end=\"1496\">\n<p data-start=\"1441\" data-end=\"1496\"><span style=\"font-family: arial, helvetica, sans-serif;\">\u0110\u1ed9 ph\u00e2n gi\u1ea3i 2K UHD v\u1edbi c\u1ea3m bi\u1ebfn CMOS cao c\u1ea5p.<\/span><\/p>\n<\/li>\n<li data-start=\"1497\" data-end=\"1570\">\n<p data-start=\"1499\" data-end=\"1570\"><span style=\"font-family: arial, helvetica, sans-serif;\">Zoom lai 10x (4x optical + 2.5x digital) gi\u1eef chi ti\u1ebft s\u1eafc n\u00e9t.<\/span><\/p>\n<\/li>\n<li data-start=\"1571\" data-end=\"1633\">\n<p data-start=\"1573\" data-end=\"1633\"><span style=\"font-family: arial, helvetica, sans-serif;\">Micro MEMS k\u00e9p thu \u00e2m 1.5m, kh\u1eed \u1ed3n AI, ch\u1ed1ng v\u1ecdng.<\/span><\/p>\n<\/li>\n<li data-start=\"1634\" data-end=\"1702\">\n<p data-start=\"1636\" data-end=\"1702\"><span style=\"font-family: arial, helvetica, sans-serif;\">Xoay ngang 350\u00b0 \/ d\u1ecdc 60\u00b0 v\u1edbi \u0111i\u1ec1u khi\u1ec3n t\u1eeb xa linh ho\u1ea1t.<\/span><\/p>\n<\/li>\n<li data-start=\"1703\" data-end=\"1792\">\n<p data-start=\"1705\" data-end=\"1792\"><span style=\"font-family: arial, helvetica, sans-serif;\">H\u1ed7 tr\u1ee3 NDI &amp; RTSP \u2013 truy\u1ec1n t\u1ea3i h\u00ecnh \u1ea3nh, \u00e2m thanh real-time qua m\u1ea1ng Ethernet.<\/span><\/p>\n<\/li>\n<li data-start=\"1793\" data-end=\"1845\">\n<p data-start=\"1795\" data-end=\"1845\"><span style=\"font-family: arial, helvetica, sans-serif;\">K\u1ebft n\u1ed1i \u0111a d\u1ea1ng: USB-C, RJ45, DC 12V\/1.5A.<\/span><\/p>\n<\/li>\n<li data-start=\"1846\" data-end=\"1919\">\n<p data-start=\"1848\" data-end=\"1919\"><span style=\"font-family: arial, helvetica, sans-serif;\">T\u01b0\u01a1ng th\u00edch \u0111a h\u1ec7 \u0111i\u1ec1u h\u00e0nh: Windows, MacOS, ChromeOS, Linux.<\/span><\/p>\n<\/li>\n<li data-start=\"1920\" data-end=\"1983\">\n<p data-start=\"1922\" data-end=\"1983\"><span style=\"font-family: arial, helvetica, sans-serif;\">D\u1ec5 d\u00e0ng l\u1eafp \u0111\u1eb7t: g\u1eafn tripod, treo t\u01b0\u1eddng, TV bracket.<\/span><\/p>\n<\/li>\n<\/ul>\n<h2 data-start=\"1990\" data-end=\"2032\"><span style=\"font-family: arial, helvetica, sans-serif;\">Th\u00f4ng s\u1ed1 k\u1ef9 thu\u1eadt\u00a0<\/span><\/h2>\n<ul data-start=\"2033\" data-end=\"2425\">\n<li data-start=\"2033\" data-end=\"2082\">\n<p data-start=\"2035\" data-end=\"2082\"><span style=\"font-family: arial, helvetica, sans-serif;\">Microphone Type: MEMS microphone array x2<\/span><\/p>\n<\/li>\n<li data-start=\"2083\" data-end=\"2111\">\n<p data-start=\"2085\" data-end=\"2111\"><span style=\"font-family: arial, helvetica, sans-serif;\">Kho\u1ea3ng thu \u00e2m: 1.5 m<\/span><\/p>\n<\/li>\n<li data-start=\"2112\" data-end=\"2141\">\n<p data-start=\"2114\" data-end=\"2141\"><span style=\"font-family: arial, helvetica, sans-serif;\">Aperture: F1.6 ~ F3.1<\/span><\/p>\n<\/li>\n<li data-start=\"2142\" data-end=\"2167\">\n<p data-start=\"2144\" data-end=\"2167\"><span style=\"font-family: arial, helvetica, sans-serif;\">Auto Exposure: C\u00f3<\/span><\/p>\n<\/li>\n<li data-start=\"2168\" data-end=\"2204\">\n<p data-start=\"2170\" data-end=\"2204\"><span style=\"font-family: arial, helvetica, sans-serif;\">White Balance: Auto \/ Manual<\/span><\/p>\n<\/li>\n<li data-start=\"2205\" data-end=\"2234\">\n<p data-start=\"2207\" data-end=\"2234\"><span style=\"font-family: arial, helvetica, sans-serif;\">Noise Suppression: C\u00f3<\/span><\/p>\n<\/li>\n<li data-start=\"2235\" data-end=\"2261\">\n<p data-start=\"2237\" data-end=\"2261\"><span style=\"font-family: arial, helvetica, sans-serif;\">Preset Position: 4<\/span><\/p>\n<\/li>\n<li data-start=\"2262\" data-end=\"2287\">\n<p data-start=\"2264\" data-end=\"2287\"><span style=\"font-family: arial, helvetica, sans-serif;\">NDI Supported: C\u00f3<\/span><\/p>\n<\/li>\n<li data-start=\"2288\" data-end=\"2355\">\n<p data-start=\"2290\" data-end=\"2355\"><span style=\"font-family: arial, helvetica, sans-serif;\">Optional Mounts: Tripod bracket \/ TV bracket \/ Wall bracket<\/span><\/p>\n<\/li>\n<li data-start=\"2356\" data-end=\"2391\">\n<p data-start=\"2358\" data-end=\"2391\"><span style=\"font-family: arial, helvetica, sans-serif;\">Tr\u1ecdng l\u01b0\u1ee3ng: 930g | 32.8 oz<\/span><\/p>\n<\/li>\n<li data-start=\"2392\" data-end=\"2425\">\n<p data-start=\"2394\" data-end=\"2425\"><span style=\"font-family: arial, helvetica, sans-serif;\">Ngu\u1ed3n \u0111i\u1ec7n: DC 12V \/ 1.5A<\/span><\/p>\n<\/li>\n<\/ul>\n<h2 data-start=\"2432\" data-end=\"2458\"><span style=\"font-family: arial, helvetica, sans-serif;\">Ph\u1ee5 ki\u1ec7n \u0111i k\u00e8m<\/span><\/h2>\n<ul data-start=\"2459\" data-end=\"2594\">\n<li data-start=\"2459\" data-end=\"2498\">\n<p data-start=\"2461\" data-end=\"2498\"><span style=\"font-family: arial, helvetica, sans-serif;\">01 x Nearity V410 2K NDI PTZ Camera<\/span><\/p>\n<\/li>\n<li data-start=\"2499\" data-end=\"2515\">\n<p data-start=\"2501\" data-end=\"2515\"><span style=\"font-family: arial, helvetica, sans-serif;\">01 x C\u00e1p USB<\/span><\/p>\n<\/li>\n<li data-start=\"2516\" data-end=\"2539\">\n<p data-start=\"2518\" data-end=\"2539\"><span style=\"font-family: arial, helvetica, sans-serif;\">01 x Remote Control<\/span><\/p>\n<\/li>\n<li data-start=\"2540\" data-end=\"2562\">\n<p data-start=\"2542\" data-end=\"2562\"><span style=\"font-family: arial, helvetica, sans-serif;\">01 x Adapter ngu\u1ed3n<\/span><\/p>\n<\/li>\n<li data-start=\"2563\" data-end=\"2594\">\n<p data-start=\"2565\" data-end=\"2594\"><span style=\"font-family: arial, helvetica, sans-serif;\">01 x S\u00e1ch h\u01b0\u1edbng d\u1eabn s\u1eed d\u1ee5ng<\/span><\/p>\n<\/li>\n<\/ul>\n","protected":false},"excerpt":{"rendered":"<p>Nearity V410 NDI 2K PTZ Conference Camera l\u00e0 gi\u1ea3i ph\u00e1p camera h\u1ed9i ngh\u1ecb chuy\u00ean nghi\u1ec7p, mang \u0111\u1ebfn tr\u1ea3i nghi\u1ec7m h\u00ecnh \u1ea3nh v\u00e0 \u00e2m thanh v\u01b0\u1ee3t tr\u1ed9i cho c\u00e1c cu\u1ed9c h\u1ecdp tr\u1ef1c tuy\u1ebfn, l\u1edbp h\u1ecdc t\u1eeb xa v\u00e0 h\u1ed9i th\u1ea3o tr\u1ef1c tuy\u1ebfn.<\/p>\n","protected":false},"featured_media":1682,"comment_status":"open","ping_status":"closed","template":"","meta":{"_acf_changed":false},"product_cat":[52],"product_tag":[117,85,118],"class_list":{"0":"post-1681","1":"product","2":"type-product","3":"status-publish","4":"has-post-thumbnail","6":"product_cat-conference-camera","7":"product_tag-camera-phong-hop","8":"product_tag-conference-camera","9":"product_tag-nearity-v410","11":"first","12":"instock","13":"shipping-taxable","14":"product-type-simple"},"acf":[],"yoast_head":"<!-- This site is optimized with the Yoast SEO plugin v24.6 - https:\/\/yoast.com\/wordpress\/plugins\/seo\/ -->\n<title>Nearity V410 \u2013 Camera H\u1ed9i Ngh\u1ecb PTZ 2K NDI Zoom Lai 10x - Nearity<\/title>\n<meta name=\"description\" content=\"Nearity V410 \u2013 Camera h\u1ed9i ngh\u1ecb PTZ 2K NDI v\u1edbi zoom lai 10x, micro k\u00e9p kh\u1eed \u1ed3n AI, h\u1ed7 tr\u1ee3 NDI\/RTSP, xoay linh ho\u1ea1t 350\u00b0, k\u1ebft n\u1ed1i Type-C &amp; RJ45.\" \/>\n<meta name=\"robots\" content=\"index, follow, max-snippet:-1, max-image-preview:large, max-video-preview:-1\" \/>\n<link rel=\"canonical\" href=\"https:\/\/visionteco.com\/en\/product\/nearity-v410-camera-hoi-nghi-ptz-2k-ndi-zoom-lai-10x\/\" \/>\n<meta property=\"og:locale\" content=\"en_US\" \/>\n<meta property=\"og:type\" content=\"article\" \/>\n<meta property=\"og:title\" content=\"Nearity V410 \u2013 Camera H\u1ed9i Ngh\u1ecb PTZ 2K NDI Zoom Lai 10x - Nearity\" \/>\n<meta property=\"og:description\" content=\"Nearity V410 \u2013 Camera h\u1ed9i ngh\u1ecb PTZ 2K NDI v\u1edbi zoom lai 10x, micro k\u00e9p kh\u1eed \u1ed3n AI, h\u1ed7 tr\u1ee3 NDI\/RTSP, xoay linh ho\u1ea1t 350\u00b0, k\u1ebft n\u1ed1i Type-C &amp; RJ45.\" \/>\n<meta property=\"og:url\" content=\"https:\/\/visionteco.com\/en\/product\/nearity-v410-camera-hoi-nghi-ptz-2k-ndi-zoom-lai-10x\/\" \/>\n<meta property=\"og:site_name\" content=\"Nearity\" \/>\n<meta property=\"og:image\" content=\"https:\/\/visionteco.com\/wp-content\/uploads\/2025\/08\/V410-1-1.webp\" \/>\n\t<meta property=\"og:image:width\" content=\"1200\" \/>\n\t<meta property=\"og:image:height\" content=\"1200\" \/>\n\t<meta property=\"og:image:type\" content=\"image\/webp\" \/>\n<meta name=\"twitter:card\" content=\"summary_large_image\" \/>\n<meta name=\"twitter:label1\" content=\"Est. reading time\" \/>\n\t<meta name=\"twitter:data1\" content=\"3 minutes\" \/>\n<script type=\"application\/ld+json\" class=\"yoast-schema-graph\">{\"@context\":\"https:\/\/schema.org\",\"@graph\":[{\"@type\":\"WebPage\",\"@id\":\"https:\/\/visionteco.com\/en\/product\/nearity-v410-camera-hoi-nghi-ptz-2k-ndi-zoom-lai-10x\/\",\"url\":\"https:\/\/visionteco.com\/en\/product\/nearity-v410-camera-hoi-nghi-ptz-2k-ndi-zoom-lai-10x\/\",\"name\":\"Nearity V410 \u2013 Camera H\u1ed9i Ngh\u1ecb PTZ 2K NDI Zoom Lai 10x - Nearity\",\"isPartOf\":{\"@id\":\"https:\/\/visionteco.com\/en\/#website\"},\"primaryImageOfPage\":{\"@id\":\"https:\/\/visionteco.com\/en\/product\/nearity-v410-camera-hoi-nghi-ptz-2k-ndi-zoom-lai-10x\/#primaryimage\"},\"image\":{\"@id\":\"https:\/\/visionteco.com\/en\/product\/nearity-v410-camera-hoi-nghi-ptz-2k-ndi-zoom-lai-10x\/#primaryimage\"},\"thumbnailUrl\":\"https:\/\/visionteco.com\/wp-content\/uploads\/2025\/08\/V410-1-1.webp\",\"datePublished\":\"2025-08-26T10:15:22+00:00\",\"description\":\"Nearity V410 \u2013 Camera h\u1ed9i ngh\u1ecb PTZ 2K NDI v\u1edbi zoom lai 10x, micro k\u00e9p kh\u1eed \u1ed3n AI, h\u1ed7 tr\u1ee3 NDI\/RTSP, xoay linh ho\u1ea1t 350\u00b0, k\u1ebft n\u1ed1i Type-C & RJ45.\",\"breadcrumb\":{\"@id\":\"https:\/\/visionteco.com\/en\/product\/nearity-v410-camera-hoi-nghi-ptz-2k-ndi-zoom-lai-10x\/#breadcrumb\"},\"inLanguage\":\"en-US\",\"potentialAction\":[{\"@type\":\"ReadAction\",\"target\":[\"https:\/\/visionteco.com\/en\/product\/nearity-v410-camera-hoi-nghi-ptz-2k-ndi-zoom-lai-10x\/\"]}]},{\"@type\":\"ImageObject\",\"inLanguage\":\"en-US\",\"@id\":\"https:\/\/visionteco.com\/en\/product\/nearity-v410-camera-hoi-nghi-ptz-2k-ndi-zoom-lai-10x\/#primaryimage\",\"url\":\"https:\/\/visionteco.com\/wp-content\/uploads\/2025\/08\/V410-1-1.webp\",\"contentUrl\":\"https:\/\/visionteco.com\/wp-content\/uploads\/2025\/08\/V410-1-1.webp\",\"width\":1200,\"height\":1200,\"caption\":\"Nearity V410: NDI 2K PTZ Conference Camera\"},{\"@type\":\"BreadcrumbList\",\"@id\":\"https:\/\/visionteco.com\/en\/product\/nearity-v410-camera-hoi-nghi-ptz-2k-ndi-zoom-lai-10x\/#breadcrumb\",\"itemListElement\":[{\"@type\":\"ListItem\",\"position\":1,\"name\":\"Trang ch\u1ee7\",\"item\":\"https:\/\/visionteco.com\/en\/\"},{\"@type\":\"ListItem\",\"position\":2,\"name\":\"Shop\",\"item\":\"https:\/\/visionteco.com\/en\/shop\/\"},{\"@type\":\"ListItem\",\"position\":3,\"name\":\"Nearity V410 \u2013 Camera H\u1ed9i Ngh\u1ecb PTZ 2K NDI Zoom Lai 10x\"}]},{\"@type\":\"WebSite\",\"@id\":\"https:\/\/visionteco.com\/en\/#website\",\"url\":\"https:\/\/visionteco.com\/en\/\",\"name\":\"Nearity\",\"description\":\"\",\"potentialAction\":[{\"@type\":\"SearchAction\",\"target\":{\"@type\":\"EntryPoint\",\"urlTemplate\":\"https:\/\/visionteco.com\/en\/?s={search_term_string}\"},\"query-input\":{\"@type\":\"PropertyValueSpecification\",\"valueRequired\":true,\"valueName\":\"search_term_string\"}}],\"inLanguage\":\"en-US\"}]}<\/script>\n<!-- \/ Yoast SEO plugin. -->","yoast_head_json":{"title":"Nearity V410 \u2013 Camera H\u1ed9i Ngh\u1ecb PTZ 2K NDI Zoom Lai 10x - Nearity","description":"Nearity V410 \u2013 Camera h\u1ed9i ngh\u1ecb PTZ 2K NDI v\u1edbi zoom lai 10x, micro k\u00e9p kh\u1eed \u1ed3n AI, h\u1ed7 tr\u1ee3 NDI\/RTSP, xoay linh ho\u1ea1t 350\u00b0, k\u1ebft n\u1ed1i Type-C & RJ45.","robots":{"index":"index","follow":"follow","max-snippet":"max-snippet:-1","max-image-preview":"max-image-preview:large","max-video-preview":"max-video-preview:-1"},"canonical":"https:\/\/visionteco.com\/en\/product\/nearity-v410-camera-hoi-nghi-ptz-2k-ndi-zoom-lai-10x\/","og_locale":"en_US","og_type":"article","og_title":"Nearity V410 \u2013 Camera H\u1ed9i Ngh\u1ecb PTZ 2K NDI Zoom Lai 10x - Nearity","og_description":"Nearity V410 \u2013 Camera h\u1ed9i ngh\u1ecb PTZ 2K NDI v\u1edbi zoom lai 10x, micro k\u00e9p kh\u1eed \u1ed3n AI, h\u1ed7 tr\u1ee3 NDI\/RTSP, xoay linh ho\u1ea1t 350\u00b0, k\u1ebft n\u1ed1i Type-C & RJ45.","og_url":"https:\/\/visionteco.com\/en\/product\/nearity-v410-camera-hoi-nghi-ptz-2k-ndi-zoom-lai-10x\/","og_site_name":"Nearity","og_image":[{"width":1200,"height":1200,"url":"https:\/\/visionteco.com\/wp-content\/uploads\/2025\/08\/V410-1-1.webp","type":"image\/webp"}],"twitter_card":"summary_large_image","twitter_misc":{"Est. reading time":"3 minutes"},"schema":{"@context":"https:\/\/schema.org","@graph":[{"@type":"WebPage","@id":"https:\/\/visionteco.com\/en\/product\/nearity-v410-camera-hoi-nghi-ptz-2k-ndi-zoom-lai-10x\/","url":"https:\/\/visionteco.com\/en\/product\/nearity-v410-camera-hoi-nghi-ptz-2k-ndi-zoom-lai-10x\/","name":"Nearity V410 \u2013 Camera H\u1ed9i Ngh\u1ecb PTZ 2K NDI Zoom Lai 10x - Nearity","isPartOf":{"@id":"https:\/\/visionteco.com\/en\/#website"},"primaryImageOfPage":{"@id":"https:\/\/visionteco.com\/en\/product\/nearity-v410-camera-hoi-nghi-ptz-2k-ndi-zoom-lai-10x\/#primaryimage"},"image":{"@id":"https:\/\/visionteco.com\/en\/product\/nearity-v410-camera-hoi-nghi-ptz-2k-ndi-zoom-lai-10x\/#primaryimage"},"thumbnailUrl":"https:\/\/visionteco.com\/wp-content\/uploads\/2025\/08\/V410-1-1.webp","datePublished":"2025-08-26T10:15:22+00:00","description":"Nearity V410 \u2013 Camera h\u1ed9i ngh\u1ecb PTZ 2K NDI v\u1edbi zoom lai 10x, micro k\u00e9p kh\u1eed \u1ed3n AI, h\u1ed7 tr\u1ee3 NDI\/RTSP, xoay linh ho\u1ea1t 350\u00b0, k\u1ebft n\u1ed1i Type-C & RJ45.","breadcrumb":{"@id":"https:\/\/visionteco.com\/en\/product\/nearity-v410-camera-hoi-nghi-ptz-2k-ndi-zoom-lai-10x\/#breadcrumb"},"inLanguage":"en-US","potentialAction":[{"@type":"ReadAction","target":["https:\/\/visionteco.com\/en\/product\/nearity-v410-camera-hoi-nghi-ptz-2k-ndi-zoom-lai-10x\/"]}]},{"@type":"ImageObject","inLanguage":"en-US","@id":"https:\/\/visionteco.com\/en\/product\/nearity-v410-camera-hoi-nghi-ptz-2k-ndi-zoom-lai-10x\/#primaryimage","url":"https:\/\/visionteco.com\/wp-content\/uploads\/2025\/08\/V410-1-1.webp","contentUrl":"https:\/\/visionteco.com\/wp-content\/uploads\/2025\/08\/V410-1-1.webp","width":1200,"height":1200,"caption":"Nearity V410: NDI 2K PTZ Conference Camera"},{"@type":"BreadcrumbList","@id":"https:\/\/visionteco.com\/en\/product\/nearity-v410-camera-hoi-nghi-ptz-2k-ndi-zoom-lai-10x\/#breadcrumb","itemListElement":[{"@type":"ListItem","position":1,"name":"Trang ch\u1ee7","item":"https:\/\/visionteco.com\/en\/"},{"@type":"ListItem","position":2,"name":"Shop","item":"https:\/\/visionteco.com\/en\/shop\/"},{"@type":"ListItem","position":3,"name":"Nearity V410 \u2013 Camera H\u1ed9i Ngh\u1ecb PTZ 2K NDI Zoom Lai 10x"}]},{"@type":"WebSite","@id":"https:\/\/visionteco.com\/en\/#website","url":"https:\/\/visionteco.com\/en\/","name":"Nearity","description":"","potentialAction":[{"@type":"SearchAction","target":{"@type":"EntryPoint","urlTemplate":"https:\/\/visionteco.com\/en\/?s={search_term_string}"},"query-input":{"@type":"PropertyValueSpecification","valueRequired":true,"valueName":"search_term_string"}}],"inLanguage":"en-US"}]}},"_links":{"self":[{"href":"https:\/\/visionteco.com\/en\/wp-json\/wp\/v2\/product\/1681","targetHints":{"allow":["GET"]}}],"collection":[{"href":"https:\/\/visionteco.com\/en\/wp-json\/wp\/v2\/product"}],"about":[{"href":"https:\/\/visionteco.com\/en\/wp-json\/wp\/v2\/types\/product"}],"replies":[{"embeddable":true,"href":"https:\/\/visionteco.com\/en\/wp-json\/wp\/v2\/comments?post=1681"}],"wp:featuredmedia":[{"embeddable":true,"href":"https:\/\/visionteco.com\/en\/wp-json\/wp\/v2\/media\/1682"}],"wp:attachment":[{"href":"https:\/\/visionteco.com\/en\/wp-json\/wp\/v2\/media?parent=1681"}],"wp:term":[{"taxonomy":"product_cat","embeddable":true,"href":"https:\/\/visionteco.com\/en\/wp-json\/wp\/v2\/product_cat?post=1681"},{"taxonomy":"product_tag","embeddable":true,"href":"https:\/\/visionteco.com\/en\/wp-json\/wp\/v2\/product_tag?post=1681"}],"curies":[{"name":"wp","href":"https:\/\/api.w.org\/{rel}","templated":true}]}}