{"id":1612,"date":"2025-08-26T06:48:05","date_gmt":"2025-08-26T06:48:05","guid":{"rendered":"https:\/\/visionteco.com\/?post_type=product&#038;p=1612"},"modified":"2025-08-26T06:50:03","modified_gmt":"2025-08-26T06:50:03","slug":"nearity-a50-ceilingmic-micro-hoi-nghi-gan-tran","status":"publish","type":"product","link":"https:\/\/visionteco.com\/en\/product\/nearity-a50-ceilingmic-micro-hoi-nghi-gan-tran\/","title":{"rendered":"NEARITY A50 Ceilingmic Microphone \u2013 Micro Tr\u1ea7n Cho H\u1ed9i Ngh\u1ecb"},"content":{"rendered":"<p data-start=\"647\" data-end=\"972\"><span style=\"font-family: arial, helvetica, sans-serif;\">NEARITY A50 Ceilingmic Microphone l\u00e0 gi\u1ea3i ph\u00e1p micro g\u1eafn tr\u1ea7n chuy\u00ean nghi\u1ec7p \u0111\u01b0\u1ee3c thi\u1ebft k\u1ebf d\u00e0nh cho ph\u00f2ng h\u1ecdp v\u1eeba v\u00e0 l\u1edbn. V\u1edbi c\u00f4ng ngh\u1ec7 91-MEMS microphone array v\u00e0 12 d\u1ea3i beamforming th\u00edch \u1ee9ng, Nearity A50 mang \u0111\u1ebfn kh\u1ea3 n\u0103ng thu \u00e2m ch\u00ednh x\u00e1c, lo\u1ea1i b\u1ecf ti\u1ebfng \u1ed3n, ti\u1ebfng vang v\u00e0 h\u1ed3i \u00e2m, \u0111\u1ea3m b\u1ea3o \u00e2m thanh trong tr\u1ebbo, t\u1ef1 nhi\u00ean.<\/span><\/p>\n<p data-start=\"974\" data-end=\"1300\"><span style=\"font-family: arial, helvetica, sans-serif;\">Thi\u1ebft b\u1ecb h\u1ed7 tr\u1ee3 k\u1ebft n\u1ed1i daisy-chain l\u00ean \u0111\u1ebfn 8 micro, m\u1edf r\u1ed9ng v\u00f9ng ph\u1ee7 s\u00f3ng linh ho\u1ea1t cho nhi\u1ec1u kh\u00f4ng gian. T\u00edch h\u1ee3p Full-duplex, AGC (Automatic Gain Control) v\u00e0 kh\u1ea3 n\u0103ng t\u01b0\u01a1ng th\u00edch v\u1edbi AMX100, NEARITY A50 l\u00e0 l\u1ef1a ch\u1ecdn ho\u00e0n h\u1ea3o cho gi\u1ea3i ph\u00e1p h\u1ed9i ngh\u1ecb chuy\u00ean nghi\u1ec7p, gi\u00fap giao ti\u1ebfp tr\u1edf n\u00ean m\u01b0\u1ee3t m\u00e0 v\u00e0 hi\u1ec7u qu\u1ea3 h\u01a1n.<\/span><\/p>\n<h3 data-start=\"974\" data-end=\"1300\"><span style=\"font-family: arial, helvetica, sans-serif;\">T\u00ednh n\u0103ng n\u1ed5i b\u1eadt:\u00a0<\/span><\/h3>\n<ul>\n<li data-start=\"239\" data-end=\"357\">\n<p data-start=\"241\" data-end=\"357\"><span style=\"font-family: arial, helvetica, sans-serif;\"><strong data-start=\"244\" data-end=\"272\">91-MEMS Microphone Array<\/strong> \u2013 Mang \u0111\u1ebfn kh\u1ea3 n\u0103ng thu \u00e2m c\u1ef1c k\u1ef3 ch\u00ednh x\u00e1c v\u00e0 r\u00f5 n\u00e9t, t\u00e1i t\u1ea1o gi\u1ecdng n\u00f3i t\u1ef1 nhi\u00ean.<\/span><\/p>\n<\/li>\n<li data-start=\"358\" data-end=\"477\">\n<p data-start=\"360\" data-end=\"477\"><span style=\"font-family: arial, helvetica, sans-serif;\"><strong data-start=\"363\" data-end=\"396\">12 Adaptive Beamforming Lobes<\/strong> \u2013 T\u1ef1 \u0111\u1ed9ng \u0111\u1ecbnh h\u01b0\u1edbng theo ng\u01b0\u1eddi n\u00f3i, gi\u1ea3m nhi\u1ec5u v\u00e0 t\u0103ng \u0111\u1ed9 t\u1eadp trung \u00e2m thanh.<\/span><\/p>\n<\/li>\n<li data-start=\"478\" data-end=\"581\">\n<p data-start=\"480\" data-end=\"581\"><span style=\"font-family: arial, helvetica, sans-serif;\"><strong data-start=\"483\" data-end=\"511\">Ph\u1ea1m vi thu xa 10m x 10m<\/strong> \u2013 \u0110\u1ea3m b\u1ea3o \u00e2m thanh r\u00f5 r\u00e0ng ngay c\u1ea3 trong kh\u00f4ng gian ph\u00f2ng h\u1ecdp r\u1ed9ng.<\/span><\/p>\n<\/li>\n<li data-start=\"582\" data-end=\"702\">\n<p data-start=\"584\" data-end=\"702\"><span style=\"font-family: arial, helvetica, sans-serif;\"><strong data-start=\"587\" data-end=\"628\">K\u1ebft n\u1ed1i Daisy-Chain t\u1ed1i \u0111a 8 thi\u1ebft b\u1ecb<\/strong> \u2013 Linh ho\u1ea1t m\u1edf r\u1ed9ng h\u1ec7 th\u1ed1ng, ph\u00f9 h\u1ee3p v\u1edbi nhi\u1ec1u quy m\u00f4 ph\u00f2ng kh\u00e1c nhau.<\/span><\/p>\n<\/li>\n<li data-start=\"703\" data-end=\"797\">\n<p data-start=\"705\" data-end=\"797\"><span style=\"font-family: arial, helvetica, sans-serif;\"><strong data-start=\"708\" data-end=\"737\">Full-Duplex Communication<\/strong> \u2013 Cho ph\u00e9p \u0111\u00e0m tho\u1ea1i 2 chi\u1ec1u m\u01b0\u1ee3t m\u00e0, kh\u00f4ng b\u1ecb gi\u00e1n \u0111o\u1ea1n.<\/span><\/p>\n<\/li>\n<li data-start=\"798\" data-end=\"919\">\n<p data-start=\"800\" data-end=\"919\"><span style=\"font-family: arial, helvetica, sans-serif;\"><strong data-start=\"802\" data-end=\"831\">X\u1eed l\u00fd \u00e2m thanh th\u00f4ng minh<\/strong> \u2013 AGC (T\u1ef1 \u0111\u1ed9ng \u0111i\u1ec1u ch\u1ec9nh \u00e2m l\u01b0\u1ee3ng), kh\u1eed ti\u1ebfng v\u1ecdng, kh\u1eed \u1ed3n v\u00e0 ch\u1ed1ng d\u1ed9i \u00e2m hi\u1ec7u qu\u1ea3.<\/span><\/p>\n<\/li>\n<li data-start=\"920\" data-end=\"1026\">\n<p data-start=\"922\" data-end=\"1026\"><span style=\"font-family: arial, helvetica, sans-serif;\"><strong data-start=\"925\" data-end=\"951\">T\u01b0\u01a1ng th\u00edch v\u1edbi AMX100<\/strong> \u2013 D\u1ec5 d\u00e0ng t\u00edch h\u1ee3p v\u00e0o c\u00e1c gi\u1ea3i ph\u00e1p h\u1ed9i ngh\u1ecb truy\u1ec1n h\u00ecnh chuy\u00ean nghi\u1ec7p.<\/span><\/p>\n<\/li>\n<li data-start=\"1027\" data-end=\"1119\">\n<p data-start=\"1029\" data-end=\"1119\"><span style=\"font-family: arial, helvetica, sans-serif;\"><strong data-start=\"1032\" data-end=\"1060\">Thi\u1ebft k\u1ebf g\u1eafn tr\u1ea7n t\u1ed1i \u01b0u<\/strong> \u2013 Ti\u1ebft ki\u1ec7m kh\u00f4ng gian, t\u0103ng t\u00ednh th\u1ea9m m\u1ef9 cho ph\u00f2ng h\u1ecdp.<\/span><\/p>\n<\/li>\n<\/ul>\n<h3><span style=\"font-family: arial, helvetica, sans-serif;\">Th\u00f4ng s\u1ed1 k\u1ef9 thu\u1eadt chi ti\u1ebft:<\/span><\/h3>\n<ul data-start=\"2128\" data-end=\"2573\">\n<li data-start=\"2128\" data-end=\"2176\">\n<p data-start=\"2130\" data-end=\"2176\"><span style=\"font-family: arial, helvetica, sans-serif;\"><strong data-start=\"2130\" data-end=\"2148\">C\u1ea5u h\u00ecnh micro<\/strong>: 91-MEMS Microphone Array<\/span><\/p>\n<\/li>\n<li data-start=\"2177\" data-end=\"2236\">\n<p data-start=\"2179\" data-end=\"2236\"><span style=\"font-family: arial, helvetica, sans-serif;\"><strong data-start=\"2179\" data-end=\"2194\">Beamforming<\/strong>: 12 adaptive lobes (t\u1ef1 \u0111\u1ed9ng \u0111\u1ecbnh h\u01b0\u1edbng)<\/span><\/p>\n<\/li>\n<li data-start=\"2237\" data-end=\"2305\">\n<p data-start=\"2239\" data-end=\"2305\"><span style=\"font-family: arial, helvetica, sans-serif;\"><strong data-start=\"2239\" data-end=\"2257\">Ph\u1ea1m vi thu \u00e2m<\/strong>: 10m x 10m (hi\u1ec7u qu\u1ea3 cho ph\u00f2ng h\u1ecdp v\u1eeba &amp; l\u1edbn)<\/span><\/p>\n<\/li>\n<li data-start=\"2306\" data-end=\"2352\">\n<p data-start=\"2308\" data-end=\"2352\"><span style=\"font-family: arial, helvetica, sans-serif;\"><strong data-start=\"2308\" data-end=\"2319\">K\u1ebft n\u1ed1i<\/strong>: Daisy-Chain t\u1ed1i \u0111a 8 thi\u1ebft b\u1ecb<\/span><\/p>\n<\/li>\n<li data-start=\"2353\" data-end=\"2389\">\n<p data-start=\"2355\" data-end=\"2389\"><span style=\"font-family: arial, helvetica, sans-serif;\"><strong data-start=\"2355\" data-end=\"2374\">Ch\u1ebf \u0111\u1ed9 \u00e2m thanh<\/strong>: Full-Duplex<\/span><\/p>\n<\/li>\n<li data-start=\"2390\" data-end=\"2483\">\n<p data-start=\"2392\" data-end=\"2483\"><span style=\"font-family: arial, helvetica, sans-serif;\"><strong data-start=\"2392\" data-end=\"2410\">X\u1eed l\u00fd \u00e2m thanh<\/strong>: Automatic Gain Control (AGC), kh\u1eed ti\u1ebfng v\u1ecdng, kh\u1eed nhi\u1ec5u, ch\u1ed1ng d\u1ed9i \u00e2m<\/span><\/p>\n<\/li>\n<li data-start=\"2484\" data-end=\"2534\">\n<p data-start=\"2486\" data-end=\"2534\"><span style=\"font-family: arial, helvetica, sans-serif;\"><strong data-start=\"2486\" data-end=\"2510\">T\u01b0\u01a1ng th\u00edch h\u1ec7 th\u1ed1ng<\/strong>: Ho\u1ea1t \u0111\u1ed9ng v\u1edbi AMX100<\/span><\/p>\n<\/li>\n<li data-start=\"2535\" data-end=\"2573\">\n<p data-start=\"2537\" data-end=\"2573\"><span style=\"font-family: arial, helvetica, sans-serif;\"><strong data-start=\"2537\" data-end=\"2548\">L\u1eafp \u0111\u1eb7t<\/strong>: G\u1eafn tr\u1ea7n (Ceilingmic)<\/span><\/p>\n<\/li>\n<\/ul>\n<h3 data-start=\"183\" data-end=\"228\">Ph\u1ee5 ki\u1ec7n \u0111i k\u00e8m:<\/h3>\n<ul data-start=\"229\" data-end=\"429\">\n<li data-start=\"229\" data-end=\"271\">\n<p data-start=\"231\" data-end=\"271\"><strong data-start=\"231\" data-end=\"269\">01x NEARITY A50 Ceiling Microphone<\/strong><\/p>\n<\/li>\n<li data-start=\"272\" data-end=\"324\">\n<p data-start=\"274\" data-end=\"324\"><strong data-start=\"274\" data-end=\"322\">04x B\u1ed9 d\u00e2y treo th\u00e9p (Steel Rope Components)<\/strong><\/p>\n<\/li>\n<li data-start=\"325\" data-end=\"355\">\n<p data-start=\"327\" data-end=\"355\"><strong data-start=\"327\" data-end=\"353\">04x V\u00edt m\u00f3c (Eyebolts)<\/strong><\/p>\n<\/li>\n<li data-start=\"356\" data-end=\"380\">\n<p data-start=\"358\" data-end=\"380\"><strong data-start=\"358\" data-end=\"378\">01x C\u00e1p Ethernet<\/strong><\/p>\n<\/li>\n<li data-start=\"381\" data-end=\"429\">\n<p data-start=\"383\" data-end=\"429\"><strong data-start=\"383\" data-end=\"427\">01x S\u00e1ch h\u01b0\u1edbng d\u1eabn s\u1eed d\u1ee5ng (User Manual)<\/strong><\/p>\n<\/li>\n<\/ul>\n","protected":false},"excerpt":{"rendered":"<p>NEARITY A50 Ceilingmic l\u00e0 micro h\u1ed9i ngh\u1ecb g\u1eafn tr\u1ea7n cao c\u1ea5p v\u1edbi 91-MEMS microphone, beamforming th\u00f4ng minh, thu \u00e2m xa 10m x 10m, ch\u1ed1ng \u1ed3n &amp; echo v\u01b0\u1ee3t tr\u1ed9i.<\/p>\n","protected":false},"featured_media":1617,"comment_status":"open","ping_status":"closed","template":"","meta":{"_acf_changed":false},"product_cat":[51,19],"product_tag":[106,107,108,87,105],"class_list":{"0":"post-1612","1":"product","2":"type-product","3":"status-publish","4":"has-post-thumbnail","6":"product_cat-microphone","7":"product_cat-san-pham","8":"product_tag-ceiling-microphone","9":"product_tag-conference-microphone","10":"product_tag-micro-gan-tran","11":"product_tag-nearity","12":"product_tag-nearity-a50","14":"first","15":"instock","16":"shipping-taxable","17":"product-type-simple"},"acf":[],"yoast_head":"<!-- This site is optimized with the Yoast SEO plugin v24.6 - https:\/\/yoast.com\/wordpress\/plugins\/seo\/ -->\n<title>NEARITY A50 Ceilingmic Microphone \u2013 Micro Tr\u1ea7n Cho H\u1ed9i Ngh\u1ecb - Nearity<\/title>\n<meta name=\"description\" content=\"NEARITY A50 Ceilingmic l\u00e0 micro h\u1ed9i ngh\u1ecb g\u1eafn tr\u1ea7n cao c\u1ea5p v\u1edbi 91-MEMS microphone, beamforming th\u00f4ng minh, thu \u00e2m xa 10m x 10m, ch\u1ed1ng \u1ed3n &amp; echo v\u01b0\u1ee3t tr\u1ed9i.\" \/>\n<meta name=\"robots\" content=\"index, follow, max-snippet:-1, max-image-preview:large, max-video-preview:-1\" \/>\n<link rel=\"canonical\" href=\"https:\/\/visionteco.com\/en\/product\/nearity-a50-ceilingmic-micro-hoi-nghi-gan-tran\/\" \/>\n<meta property=\"og:locale\" content=\"en_US\" \/>\n<meta property=\"og:type\" content=\"article\" \/>\n<meta property=\"og:title\" content=\"NEARITY A50 Ceilingmic Microphone \u2013 Micro Tr\u1ea7n Cho H\u1ed9i Ngh\u1ecb - Nearity\" \/>\n<meta property=\"og:description\" content=\"NEARITY A50 Ceilingmic l\u00e0 micro h\u1ed9i ngh\u1ecb g\u1eafn tr\u1ea7n cao c\u1ea5p v\u1edbi 91-MEMS microphone, beamforming th\u00f4ng minh, thu \u00e2m xa 10m x 10m, ch\u1ed1ng \u1ed3n &amp; echo v\u01b0\u1ee3t tr\u1ed9i.\" \/>\n<meta property=\"og:url\" content=\"https:\/\/visionteco.com\/en\/product\/nearity-a50-ceilingmic-micro-hoi-nghi-gan-tran\/\" \/>\n<meta property=\"og:site_name\" content=\"Nearity\" \/>\n<meta property=\"article:modified_time\" content=\"2025-08-26T06:50:03+00:00\" \/>\n<meta property=\"og:image\" content=\"https:\/\/visionteco.com\/wp-content\/uploads\/2025\/08\/A50.webp\" \/>\n\t<meta property=\"og:image:width\" content=\"500\" \/>\n\t<meta property=\"og:image:height\" content=\"500\" \/>\n\t<meta property=\"og:image:type\" content=\"image\/webp\" \/>\n<meta name=\"twitter:card\" content=\"summary_large_image\" \/>\n<meta name=\"twitter:label1\" content=\"Est. reading time\" \/>\n\t<meta name=\"twitter:data1\" content=\"3 minutes\" \/>\n<script type=\"application\/ld+json\" class=\"yoast-schema-graph\">{\"@context\":\"https:\/\/schema.org\",\"@graph\":[{\"@type\":\"WebPage\",\"@id\":\"https:\/\/visionteco.com\/en\/product\/nearity-a50-ceilingmic-micro-hoi-nghi-gan-tran\/\",\"url\":\"https:\/\/visionteco.com\/en\/product\/nearity-a50-ceilingmic-micro-hoi-nghi-gan-tran\/\",\"name\":\"NEARITY A50 Ceilingmic Microphone \u2013 Micro Tr\u1ea7n Cho H\u1ed9i Ngh\u1ecb - Nearity\",\"isPartOf\":{\"@id\":\"https:\/\/visionteco.com\/en\/#website\"},\"primaryImageOfPage\":{\"@id\":\"https:\/\/visionteco.com\/en\/product\/nearity-a50-ceilingmic-micro-hoi-nghi-gan-tran\/#primaryimage\"},\"image\":{\"@id\":\"https:\/\/visionteco.com\/en\/product\/nearity-a50-ceilingmic-micro-hoi-nghi-gan-tran\/#primaryimage\"},\"thumbnailUrl\":\"https:\/\/visionteco.com\/wp-content\/uploads\/2025\/08\/A50.webp\",\"datePublished\":\"2025-08-26T06:48:05+00:00\",\"dateModified\":\"2025-08-26T06:50:03+00:00\",\"description\":\"NEARITY A50 Ceilingmic l\u00e0 micro h\u1ed9i ngh\u1ecb g\u1eafn tr\u1ea7n cao c\u1ea5p v\u1edbi 91-MEMS microphone, beamforming th\u00f4ng minh, thu \u00e2m xa 10m x 10m, ch\u1ed1ng \u1ed3n & echo v\u01b0\u1ee3t tr\u1ed9i.\",\"breadcrumb\":{\"@id\":\"https:\/\/visionteco.com\/en\/product\/nearity-a50-ceilingmic-micro-hoi-nghi-gan-tran\/#breadcrumb\"},\"inLanguage\":\"en-US\",\"potentialAction\":[{\"@type\":\"ReadAction\",\"target\":[\"https:\/\/visionteco.com\/en\/product\/nearity-a50-ceilingmic-micro-hoi-nghi-gan-tran\/\"]}]},{\"@type\":\"ImageObject\",\"inLanguage\":\"en-US\",\"@id\":\"https:\/\/visionteco.com\/en\/product\/nearity-a50-ceilingmic-micro-hoi-nghi-gan-tran\/#primaryimage\",\"url\":\"https:\/\/visionteco.com\/wp-content\/uploads\/2025\/08\/A50.webp\",\"contentUrl\":\"https:\/\/visionteco.com\/wp-content\/uploads\/2025\/08\/A50.webp\",\"width\":500,\"height\":500,\"caption\":\"NEARITY A50 Ceiling Microphone\"},{\"@type\":\"BreadcrumbList\",\"@id\":\"https:\/\/visionteco.com\/en\/product\/nearity-a50-ceilingmic-micro-hoi-nghi-gan-tran\/#breadcrumb\",\"itemListElement\":[{\"@type\":\"ListItem\",\"position\":1,\"name\":\"Trang ch\u1ee7\",\"item\":\"https:\/\/visionteco.com\/en\/\"},{\"@type\":\"ListItem\",\"position\":2,\"name\":\"Shop\",\"item\":\"https:\/\/visionteco.com\/en\/shop\/\"},{\"@type\":\"ListItem\",\"position\":3,\"name\":\"NEARITY A50 Ceilingmic Microphone \u2013 Micro Tr\u1ea7n Cho H\u1ed9i Ngh\u1ecb\"}]},{\"@type\":\"WebSite\",\"@id\":\"https:\/\/visionteco.com\/en\/#website\",\"url\":\"https:\/\/visionteco.com\/en\/\",\"name\":\"Nearity\",\"description\":\"\",\"potentialAction\":[{\"@type\":\"SearchAction\",\"target\":{\"@type\":\"EntryPoint\",\"urlTemplate\":\"https:\/\/visionteco.com\/en\/?s={search_term_string}\"},\"query-input\":{\"@type\":\"PropertyValueSpecification\",\"valueRequired\":true,\"valueName\":\"search_term_string\"}}],\"inLanguage\":\"en-US\"}]}<\/script>\n<!-- \/ Yoast SEO plugin. -->","yoast_head_json":{"title":"NEARITY A50 Ceilingmic Microphone \u2013 Micro Tr\u1ea7n Cho H\u1ed9i Ngh\u1ecb - Nearity","description":"NEARITY A50 Ceilingmic l\u00e0 micro h\u1ed9i ngh\u1ecb g\u1eafn tr\u1ea7n cao c\u1ea5p v\u1edbi 91-MEMS microphone, beamforming th\u00f4ng minh, thu \u00e2m xa 10m x 10m, ch\u1ed1ng \u1ed3n & echo v\u01b0\u1ee3t tr\u1ed9i.","robots":{"index":"index","follow":"follow","max-snippet":"max-snippet:-1","max-image-preview":"max-image-preview:large","max-video-preview":"max-video-preview:-1"},"canonical":"https:\/\/visionteco.com\/en\/product\/nearity-a50-ceilingmic-micro-hoi-nghi-gan-tran\/","og_locale":"en_US","og_type":"article","og_title":"NEARITY A50 Ceilingmic Microphone \u2013 Micro Tr\u1ea7n Cho H\u1ed9i Ngh\u1ecb - Nearity","og_description":"NEARITY A50 Ceilingmic l\u00e0 micro h\u1ed9i ngh\u1ecb g\u1eafn tr\u1ea7n cao c\u1ea5p v\u1edbi 91-MEMS microphone, beamforming th\u00f4ng minh, thu \u00e2m xa 10m x 10m, ch\u1ed1ng \u1ed3n & echo v\u01b0\u1ee3t tr\u1ed9i.","og_url":"https:\/\/visionteco.com\/en\/product\/nearity-a50-ceilingmic-micro-hoi-nghi-gan-tran\/","og_site_name":"Nearity","article_modified_time":"2025-08-26T06:50:03+00:00","og_image":[{"width":500,"height":500,"url":"https:\/\/visionteco.com\/wp-content\/uploads\/2025\/08\/A50.webp","type":"image\/webp"}],"twitter_card":"summary_large_image","twitter_misc":{"Est. reading time":"3 minutes"},"schema":{"@context":"https:\/\/schema.org","@graph":[{"@type":"WebPage","@id":"https:\/\/visionteco.com\/en\/product\/nearity-a50-ceilingmic-micro-hoi-nghi-gan-tran\/","url":"https:\/\/visionteco.com\/en\/product\/nearity-a50-ceilingmic-micro-hoi-nghi-gan-tran\/","name":"NEARITY A50 Ceilingmic Microphone \u2013 Micro Tr\u1ea7n Cho H\u1ed9i Ngh\u1ecb - Nearity","isPartOf":{"@id":"https:\/\/visionteco.com\/en\/#website"},"primaryImageOfPage":{"@id":"https:\/\/visionteco.com\/en\/product\/nearity-a50-ceilingmic-micro-hoi-nghi-gan-tran\/#primaryimage"},"image":{"@id":"https:\/\/visionteco.com\/en\/product\/nearity-a50-ceilingmic-micro-hoi-nghi-gan-tran\/#primaryimage"},"thumbnailUrl":"https:\/\/visionteco.com\/wp-content\/uploads\/2025\/08\/A50.webp","datePublished":"2025-08-26T06:48:05+00:00","dateModified":"2025-08-26T06:50:03+00:00","description":"NEARITY A50 Ceilingmic l\u00e0 micro h\u1ed9i ngh\u1ecb g\u1eafn tr\u1ea7n cao c\u1ea5p v\u1edbi 91-MEMS microphone, beamforming th\u00f4ng minh, thu \u00e2m xa 10m x 10m, ch\u1ed1ng \u1ed3n & echo v\u01b0\u1ee3t tr\u1ed9i.","breadcrumb":{"@id":"https:\/\/visionteco.com\/en\/product\/nearity-a50-ceilingmic-micro-hoi-nghi-gan-tran\/#breadcrumb"},"inLanguage":"en-US","potentialAction":[{"@type":"ReadAction","target":["https:\/\/visionteco.com\/en\/product\/nearity-a50-ceilingmic-micro-hoi-nghi-gan-tran\/"]}]},{"@type":"ImageObject","inLanguage":"en-US","@id":"https:\/\/visionteco.com\/en\/product\/nearity-a50-ceilingmic-micro-hoi-nghi-gan-tran\/#primaryimage","url":"https:\/\/visionteco.com\/wp-content\/uploads\/2025\/08\/A50.webp","contentUrl":"https:\/\/visionteco.com\/wp-content\/uploads\/2025\/08\/A50.webp","width":500,"height":500,"caption":"NEARITY A50 Ceiling Microphone"},{"@type":"BreadcrumbList","@id":"https:\/\/visionteco.com\/en\/product\/nearity-a50-ceilingmic-micro-hoi-nghi-gan-tran\/#breadcrumb","itemListElement":[{"@type":"ListItem","position":1,"name":"Trang ch\u1ee7","item":"https:\/\/visionteco.com\/en\/"},{"@type":"ListItem","position":2,"name":"Shop","item":"https:\/\/visionteco.com\/en\/shop\/"},{"@type":"ListItem","position":3,"name":"NEARITY A50 Ceilingmic Microphone \u2013 Micro Tr\u1ea7n Cho H\u1ed9i Ngh\u1ecb"}]},{"@type":"WebSite","@id":"https:\/\/visionteco.com\/en\/#website","url":"https:\/\/visionteco.com\/en\/","name":"Nearity","description":"","potentialAction":[{"@type":"SearchAction","target":{"@type":"EntryPoint","urlTemplate":"https:\/\/visionteco.com\/en\/?s={search_term_string}"},"query-input":{"@type":"PropertyValueSpecification","valueRequired":true,"valueName":"search_term_string"}}],"inLanguage":"en-US"}]}},"_links":{"self":[{"href":"https:\/\/visionteco.com\/en\/wp-json\/wp\/v2\/product\/1612","targetHints":{"allow":["GET"]}}],"collection":[{"href":"https:\/\/visionteco.com\/en\/wp-json\/wp\/v2\/product"}],"about":[{"href":"https:\/\/visionteco.com\/en\/wp-json\/wp\/v2\/types\/product"}],"replies":[{"embeddable":true,"href":"https:\/\/visionteco.com\/en\/wp-json\/wp\/v2\/comments?post=1612"}],"wp:featuredmedia":[{"embeddable":true,"href":"https:\/\/visionteco.com\/en\/wp-json\/wp\/v2\/media\/1617"}],"wp:attachment":[{"href":"https:\/\/visionteco.com\/en\/wp-json\/wp\/v2\/media?parent=1612"}],"wp:term":[{"taxonomy":"product_cat","embeddable":true,"href":"https:\/\/visionteco.com\/en\/wp-json\/wp\/v2\/product_cat?post=1612"},{"taxonomy":"product_tag","embeddable":true,"href":"https:\/\/visionteco.com\/en\/wp-json\/wp\/v2\/product_tag?post=1612"}],"curies":[{"name":"wp","href":"https:\/\/api.w.org\/{rel}","templated":true}]}}